{"id":12,"date":"2024-04-03T23:10:22","date_gmt":"2024-04-03T20:10:22","guid":{"rendered":"https:\/\/sisu.ut.ee\/hambaravi2\/2-klaasionomeertsementtaidise-segamine\/"},"modified":"2024-04-03T23:10:27","modified_gmt":"2024-04-03T20:10:27","slug":"2-klaasionomeertsementtaidise-segamine","status":"publish","type":"page","link":"https:\/\/sisu.ut.ee\/hambaravi2\/2-klaasionomeertsementtaidise-segamine\/","title":{"rendered":"2. Klaasionomeertsementt\u00e4idise segamine"},"content":{"rendered":"<p><img loading=\"lazy\" decoding=\"async\" width=\"200\" height=\"216\" class=\"alignnone wp-image-28\" style=\"margin-left: 3px;margin-right: 3px;float: right\" src=\"https:\/\/sisu.ut.ee\/wp-content\/uploads\/sites\/20\/106.jpg\" title=\"106.jpg\" alt=\"106.jpg\">Hambaarsti\u00f5pingute oluline osa on hammaste restauratiivne taastamine ehk kaariesest tingitud kahjustuste parandamine t\u00e4idismaterjalidega.<\/p>\n<p>Eelneval kursusel oled sa omandanud teoreetilised teadmised. N\u00fc\u00fcd alustad sa patsientide hammaste ravimist ja on aeg teooria rakendada praktikasse.<\/p>\n<p>\u00d5piobjekt <strong>\u2018Klaasionomeertsementt\u00e4idise segamine\u2019 <\/strong>on m\u00f5eldud sulle iseseisvaks l\u00e4bimiseks. Loe l\u00e4bi \u00f5ppematerjalid, vaata videot ja p\u00fc\u00fca vastata k\u00fcsimustele, mis aitavad sul materjali omandamist hinnata. Aega kogu materjali l\u00e4bimiseks kulub umbes neli tundi.<\/p>\n<p>K\u00e4esolev \u00f5ppematerjal aitab sul visualiseerida klaasionomeertsementt\u00e4idise segamistehnikat ja m\u00f5ista selle materjali omadusi ning kasutamisv\u00f5imalusi. Head praktiseerimist!<\/p>\n<p>Riina Runnel<br>Tartu \u00dclikooli stomatoloogia kliiniku<br>suu- ja hambahaiguste \u00f5ppej\u00f5ud <br><a href=\"mailto:riina.runnel@ut.ee\">riina.runnel@ut.ee<\/a><\/p>\n<p><span style=\"font-size: x-small\">Pildi allikas: <a href=\"http:\/\/www.dentsply.co.uk\/Products\/Restorative\/Glass-Ionomers\/ChemFil-Rock.aspx\" target=\"_blank\" rel=\"noopener\">http:\/\/www.dentsply.co.uk\/Products\/Restorative\/Glass-Ionomers\/ChemFil-Rock.aspx<\/a><\/span><\/p>\n","protected":false},"excerpt":{"rendered":"<p>Hambaarsti\u00f5pingute oluline osa on hammaste restauratiivne taastamine ehk kaariesest tingitud kahjustuste parandamine t\u00e4idismaterjalidega. Eelneval kursusel oled sa omandanud teoreetilised teadmised. N\u00fc\u00fcd alustad sa patsientide hammaste ravimist ja on aeg teooria rakendada praktikasse. \u00d5piobjekt \u2018Klaasionomeertsementt\u00e4idise segamine\u2019 on m\u00f5eldud sulle iseseisvaks l\u00e4bimiseks. &#8230;<\/p>\n","protected":false},"author":12,"featured_media":0,"parent":0,"menu_order":0,"comment_status":"closed","ping_status":"closed","template":"","meta":{"_acf_changed":false,"inline_featured_image":false,"footnotes":""},"class_list":["post-12","page","type-page","status-publish","hentry"],"acf":[],"_links":{"self":[{"href":"https:\/\/sisu.ut.ee\/hambaravi2\/wp-json\/wp\/v2\/pages\/12","targetHints":{"allow":["GET"]}}],"collection":[{"href":"https:\/\/sisu.ut.ee\/hambaravi2\/wp-json\/wp\/v2\/pages"}],"about":[{"href":"https:\/\/sisu.ut.ee\/hambaravi2\/wp-json\/wp\/v2\/types\/page"}],"author":[{"embeddable":true,"href":"https:\/\/sisu.ut.ee\/hambaravi2\/wp-json\/wp\/v2\/users\/12"}],"replies":[{"embeddable":true,"href":"https:\/\/sisu.ut.ee\/hambaravi2\/wp-json\/wp\/v2\/comments?post=12"}],"version-history":[{"count":1,"href":"https:\/\/sisu.ut.ee\/hambaravi2\/wp-json\/wp\/v2\/pages\/12\/revisions"}],"predecessor-version":[{"id":70,"href":"https:\/\/sisu.ut.ee\/hambaravi2\/wp-json\/wp\/v2\/pages\/12\/revisions\/70"}],"wp:attachment":[{"href":"https:\/\/sisu.ut.ee\/hambaravi2\/wp-json\/wp\/v2\/media?parent=12"}],"curies":[{"name":"wp","href":"https:\/\/api.w.org\/{rel}","templated":true}]}}