{"id":11,"date":"2024-04-03T23:10:22","date_gmt":"2024-04-03T20:10:22","guid":{"rendered":"https:\/\/sisu.ut.ee\/hambaravi2\/17-kokkuvote\/"},"modified":"2024-04-09T13:40:19","modified_gmt":"2024-04-09T10:40:19","slug":"17-kokkuvote","status":"publish","type":"page","link":"https:\/\/sisu.ut.ee\/hambaravi2\/17-kokkuvote\/","title":{"rendered":"1.7. Kokkuv\u00f5te"},"content":{"rendered":"<p><strong>S\u00fcgav kaviteet<\/strong>\u00a0vajab\u00a0<strong>isolatsioonikihti<\/strong>, mis kaitseks pulpi t\u00e4idise keemiliste ja f\u00fc\u00fcsikaliste m\u00f5jude eest.\u00a0<strong>T\u00e4nap\u00e4evased teadmised<\/strong>\u00a0ei pea aluskihi asetamist enam nii oluliseks (t\u00e4htsam on saavutada t\u00e4idise hermeetilisus) kuid teatud juhtudel on alusmaterjali kasutamine vajalik.<\/p>\n<p>Aluseks\u00a0<strong>ideaalselt<\/strong>\u00a0sobivat materjali on raske leida.\u00a0<strong>Uued materjalid<\/strong>\u00a0on n\u00e4idanud v\u00e4ga h\u00e4id omadusi, kuid l\u00f5pliku hinnangu saab neile anda alles aastatepikkuse\u00a0<strong>kliinilise j\u00e4lgimise<\/strong>\u00a0j\u00e4rgselt.<\/p>\n<p>Seniks\u00a0<strong>katsetage ja leidke<\/strong>\u00a0enda jaoks sobivaim materjal ja meetod, mis aitaks hammaste vitaalsust s\u00e4ilitada ja laseks patsiendil neist r\u00f5\u00f5mu tunda!<\/p>\n","protected":false},"excerpt":{"rendered":"<p>S\u00fcgav kaviteet\u00a0vajab\u00a0isolatsioonikihti, mis kaitseks pulpi t\u00e4idise keemiliste ja f\u00fc\u00fcsikaliste m\u00f5jude eest.\u00a0T\u00e4nap\u00e4evased teadmised\u00a0ei pea aluskihi asetamist enam nii oluliseks (t\u00e4htsam on saavutada t\u00e4idise hermeetilisus) kuid teatud juhtudel on alusmaterjali kasutamine vajalik. Aluseks\u00a0ideaalselt\u00a0sobivat materjali on raske leida.\u00a0Uued materjalid\u00a0on n\u00e4idanud v\u00e4ga h\u00e4id omadusi, &#8230;<\/p>\n","protected":false},"author":12,"featured_media":0,"parent":0,"menu_order":0,"comment_status":"closed","ping_status":"closed","template":"","meta":{"_acf_changed":false,"inline_featured_image":false,"footnotes":""},"class_list":["post-11","page","type-page","status-publish","hentry"],"acf":[],"_links":{"self":[{"href":"https:\/\/sisu.ut.ee\/hambaravi2\/wp-json\/wp\/v2\/pages\/11","targetHints":{"allow":["GET"]}}],"collection":[{"href":"https:\/\/sisu.ut.ee\/hambaravi2\/wp-json\/wp\/v2\/pages"}],"about":[{"href":"https:\/\/sisu.ut.ee\/hambaravi2\/wp-json\/wp\/v2\/types\/page"}],"author":[{"embeddable":true,"href":"https:\/\/sisu.ut.ee\/hambaravi2\/wp-json\/wp\/v2\/users\/12"}],"replies":[{"embeddable":true,"href":"https:\/\/sisu.ut.ee\/hambaravi2\/wp-json\/wp\/v2\/comments?post=11"}],"version-history":[{"count":2,"href":"https:\/\/sisu.ut.ee\/hambaravi2\/wp-json\/wp\/v2\/pages\/11\/revisions"}],"predecessor-version":[{"id":105,"href":"https:\/\/sisu.ut.ee\/hambaravi2\/wp-json\/wp\/v2\/pages\/11\/revisions\/105"}],"wp:attachment":[{"href":"https:\/\/sisu.ut.ee\/hambaravi2\/wp-json\/wp\/v2\/media?parent=11"}],"curies":[{"name":"wp","href":"https:\/\/api.w.org\/{rel}","templated":true}]}}