{"id":8,"date":"2024-04-03T23:10:16","date_gmt":"2024-04-03T20:10:16","guid":{"rendered":"https:\/\/sisu.ut.ee\/hambaravi1\/happetootlus\/"},"modified":"2024-04-09T10:57:15","modified_gmt":"2024-04-09T07:57:15","slug":"happetootlus","status":"publish","type":"page","link":"https:\/\/sisu.ut.ee\/hambaravi1\/happetootlus\/","title":{"rendered":"3. Happet\u00f6\u00f6tlus"},"content":{"rendered":"<p>Email ja dentiin on <strong>erineva lahustuvusega<\/strong>. T\u00e4nap\u00e4eval kasutatakse enamasti \u2018<strong><em>total-etch<\/em><\/strong>\u2018\u00a0<em>\u00a0<\/em>(ingl k) tehnikat. Sel korral s\u00f6\u00f6vitatakse happega <strong>kogu kaviteet<\/strong> \u2013 nii email kui dentiin. Happes\u00f6\u00f6vitus aitab vaigul hambakudedega seostuda.<\/p>\n<p>Enimkasutatav on ~40% <strong>ortofosforhape<\/strong>, mis kuulub n\u00f5rkade mineraalsete hapete hulka. V\u00e4hemkasutatavad on lahjendatud orgaaniliste hapete vesilahused (n\u00e4iteks pol\u00fcakr\u00fc\u00fclhape, sidrunhape, maleiinhape jt).<\/p>\n<p>Hape, nagu tema nimetus reedab, on happeline ja v\u00f5ib pulpi \u00e4rritada. K\u00f5igi hapete pH on 1 l\u00e4hedal v\u00f5i isegi madalam (n\u00e4iteks ortofosforhappel 0,6). Mida suurem on happe lahustamisv\u00f5ime, seda kergemini see dentiini l\u00e4bib. Pulbi \u00e4rritust aitab v\u00e4ltida v\u00f5i v\u00e4hendada juhendist kinnipidamine \u2013 <strong>v\u00e4ltida liiga pikka s\u00f6\u00f6vitusaega<\/strong> ja <strong>hape korralikult kaviteedist eemaldada<\/strong>.<\/p>\n<p>Hape on saadav vedeliku v\u00f5i geelina. Kliiniliselt erinevusi ei ole, need avalduvad ainult mikroskoopilisel tasemel. K\u00f5ige parem on kasutada madala viskoossusega <strong>v\u00e4rvilist geeli<\/strong>. Seda on t\u00e4nu tema kontsistentsile lihtne aplitseerida. V\u00e4rv aitab h\u00f5lpsasti m\u00e4rgata, kas kogu kaviteet on happega t\u00f6\u00f6deldud.<\/p>\n<p>Soovitatav <strong>s\u00f6\u00f6vitusaeg varieerub 10-30 sekundini<\/strong>. Peamine tegur, mis m\u00e4\u00e4rab s\u00f6\u00f6vitusaja pikkuse valiku, on emaili struktuur ja asukoht. Vanem, <strong>skleroseerunud email, n\u00f5uab kestvamat s\u00f6\u00f6vitust<\/strong>, sest lahustub raskemini. Samuti ei ole happe m\u00f5ju nii tugev gingivaalsemal paikneva emaili osas \u2013 hamba <strong>kaelaosas<\/strong> v\u00f5ib happe toimimise<strong> aega pikendada<\/strong>.<\/p>\n<p>S\u00f6\u00f6vitatava emaili ala peab olema <strong>piisavalt suur<\/strong> (ulatuma preparatsiooni \u00e4\u00e4rteni, kattes kogu kaldlihvi ala). <strong>V\u00e4hes\u00f6\u00f6vitatud alal<\/strong>, millele on sattunud t\u00e4idismaterjal, v\u00f5ib tekkida v\u00e4rvumine ja\/v\u00f5i sekundaarne kaaries.<\/p>\n<p><strong>Liiga pikk s\u00f6\u00f6vitus<\/strong> muudab dentiini \u00fcleliia poorseks ja adhesiiv ei voola mikropooride p\u00f5hjani. See on aga restauratiivse ravi j\u00e4rgselt esineva tundlikkuse \u00fcks p\u00f5hjus.<\/p>\n<p>\u00dcks soovitus, kuidas v\u00e4hendada dentiini s\u00f6\u00f6vitusaega ilma ajapiiranguid rikkumata, on <strong>alustada aplitseerimist suunaga emaililt dentiinile <\/strong>(vaata videot 6. peat\u00fckis). Nii j\u00e4\u00e4b dentiini s\u00f6\u00f6vitusaeg m\u00f5nev\u00f5rra l\u00fchemaks ja v\u00e4heneb happe pulpi \u00e4rritav toime.<\/p>\n<p>Hape ja lahustunud mineraalained tuleb eemaldada. Kaviteeti <strong>loputatakse tugeva veejoaga <\/strong>kuni geel on eemaldunud <strong>(umbes 10-20 sekundit)<\/strong>. P\u00f5hjalikumat loputust vajavad <strong>raskesti juurdep\u00e4\u00e4setavad kaviteedid<\/strong> \u2013 n\u00e4iteks s\u00fcgav ja kitsas kontaktpinna kaviteet. V\u00e4rviline geel h\u00f5lbustab kaviteedis happej\u00e4\u00e4kide esinemise m\u00e4rkamist. Samas ei tohiks loputusaeg \u00fclem\u00e4\u00e4ra pikk olla, sest s\u00f6\u00f6vitatud email v\u00f5ib kahjustuda.<\/p>\n<p>Happes\u00f6\u00f6vituse j\u00e4rgselt on <strong>emailipind eba\u00fchtlane<\/strong>, kaetud k\u00fchmude ja mikropooridega. Selline ala on v\u00e4ga <strong>vastuv\u00f5tlik saastumisele<\/strong>. Seep\u00e4rast tuleb <strong>kaviteet isoleerida<\/strong> hiljemalt<strong> enne happetootluse algust<\/strong>. Kui pind peale happetootlust siiski<strong> saastub <\/strong>(s\u00fclje, vere v\u00f5i muu sarnasega), tuleb kaviteedi pind <strong>uuesti happega t\u00f6\u00f6delda<\/strong>.<\/p>\n<p><\/p><div class=\"accordion mb-3\">\n        <div class=\"accordion-item accordion-item--white\">\n        <h2 class=\"accordion-header\" id=\"accordion-69e12029713fd-heading\">\n            <button class=\"accordion-button collapsed\" type=\"button\" data-bs-toggle=\"collapse\" data-bs-target=\"#accordion-69e12029713fd-collapse\" aria-expanded=\"true\" aria-controls=\"accordion-69e12029713fd-collapse\">Mis on fotodel?<\/button>\n        <\/h2>\n        <div id=\"accordion-69e12029713fd-collapse\" class=\"accordion-collapse collapse\" aria-labelledby=\"accordion-69e12029713fd-heading\">\n            <div class=\"accordion-body\"><img loading=\"lazy\" decoding=\"async\" width=\"320\" height=\"209\" class=\"alignnone wp-image-22\" title=\"acidetchingdentin.jpg\" src=\"https:\/\/sisu.ut.ee\/wp-content\/uploads\/sites\/19\/acidetchingdentin.jpg\" alt=\"acidetchingdentin.jpg\" srcset=\"https:\/\/sisu.ut.ee\/wp-content\/uploads\/sites\/19\/acidetchingdentin.jpg 320w, https:\/\/sisu.ut.ee\/wp-content\/uploads\/sites\/19\/acidetchingdentin-300x196.jpg 300w\" sizes=\"auto, (max-width: 320px) 100vw, 320px\">\u00a0<img loading=\"lazy\" decoding=\"async\" width=\"320\" height=\"209\" class=\"alignnone wp-image-23\" title=\"aciddentin.jpg\" src=\"https:\/\/sisu.ut.ee\/wp-content\/uploads\/sites\/19\/aciddentin.jpg\" alt=\"aciddentin.jpg\" srcset=\"https:\/\/sisu.ut.ee\/wp-content\/uploads\/sites\/19\/aciddentin.jpg 320w, https:\/\/sisu.ut.ee\/wp-content\/uploads\/sites\/19\/aciddentin-300x196.jpg 300w\" sizes=\"auto, (max-width: 320px) 100vw, 320px\">\n<div style=\"text-align: left;\">Fotodel on n\u00e4ha happes\u00f6\u00f6vituse j\u00e4rgselt avatud emailiprismad (foto A) ja dentiinituubulid (foto B). J\u00e4rgmisel etapil t\u00e4idetakse need praimeriga. V\u00e4ga oluline on, et sellistesse avatud prismadesse ja dentiinituubulitesse ei satuks saastet (s\u00fclg, veri vms).<em> Allikad: foto A \u2013 <a href=\"http:\/\/dentistpro.org\" target=\"_blank\" rel=\"noopener\">http:\/\/dentistpro.org<\/a>; foto B \u2013<a href=\"\/\/www.forp.usp.br\/bdj\/Bdj9%281%29\/t0191\/t0191.html\" target=\"_blank\" rel=\"noopener\"> http:\/\/www.forp.usp.br\/bdj\/Bdj9%281%29\/t0191\/t0191.html<\/a><\/em><\/div>\n        <\/div>\n        <\/div>\n    <\/div><\/div>\n","protected":false},"excerpt":{"rendered":"<p>Email ja dentiin on erineva lahustuvusega. T\u00e4nap\u00e4eval kasutatakse enamasti \u2018total-etch\u2018\u00a0\u00a0(ingl k) tehnikat. Sel korral s\u00f6\u00f6vitatakse happega kogu kaviteet \u2013 nii email kui dentiin. Happes\u00f6\u00f6vitus aitab vaigul hambakudedega seostuda. Enimkasutatav on ~40% ortofosforhape, mis kuulub n\u00f5rkade mineraalsete hapete hulka. V\u00e4hemkasutatavad on &#8230;<\/p>\n","protected":false},"author":12,"featured_media":0,"parent":0,"menu_order":0,"comment_status":"closed","ping_status":"closed","template":"","meta":{"_acf_changed":false,"inline_featured_image":false,"footnotes":""},"class_list":["post-8","page","type-page","status-publish","hentry"],"acf":[],"_links":{"self":[{"href":"https:\/\/sisu.ut.ee\/hambaravi1\/wp-json\/wp\/v2\/pages\/8","targetHints":{"allow":["GET"]}}],"collection":[{"href":"https:\/\/sisu.ut.ee\/hambaravi1\/wp-json\/wp\/v2\/pages"}],"about":[{"href":"https:\/\/sisu.ut.ee\/hambaravi1\/wp-json\/wp\/v2\/types\/page"}],"author":[{"embeddable":true,"href":"https:\/\/sisu.ut.ee\/hambaravi1\/wp-json\/wp\/v2\/users\/12"}],"replies":[{"embeddable":true,"href":"https:\/\/sisu.ut.ee\/hambaravi1\/wp-json\/wp\/v2\/comments?post=8"}],"version-history":[{"count":3,"href":"https:\/\/sisu.ut.ee\/hambaravi1\/wp-json\/wp\/v2\/pages\/8\/revisions"}],"predecessor-version":[{"id":91,"href":"https:\/\/sisu.ut.ee\/hambaravi1\/wp-json\/wp\/v2\/pages\/8\/revisions\/91"}],"wp:attachment":[{"href":"https:\/\/sisu.ut.ee\/hambaravi1\/wp-json\/wp\/v2\/media?parent=8"}],"curies":[{"name":"wp","href":"https:\/\/api.w.org\/{rel}","templated":true}]}}