{"id":5,"date":"2024-04-03T23:10:16","date_gmt":"2024-04-03T20:10:16","guid":{"rendered":"https:\/\/sisu.ut.ee\/hambaravi1\/adhesioon\/"},"modified":"2024-04-09T10:53:51","modified_gmt":"2024-04-09T07:53:51","slug":"adhesioon","status":"publish","type":"page","link":"https:\/\/sisu.ut.ee\/hambaravi1\/adhesioon\/","title":{"rendered":"2. Adhesioon"},"content":{"rendered":"<p>S\u00f5na \u2018adhesiiv\u2019 tuleb kreekakeelsest s\u00f5nast \u2018<em>adhaerere\u2019<\/em>, mis t\u00f5lkes t\u00e4hendab teineteise k\u00fclge kleepuma, kinni j\u00e4\u00e4ma, liituma.<\/p>\n<p><strong>Adhesiiv <\/strong>on enamasti viskoosne voolav materjal, mis \u00fchendab kaks materjali teineteisega.<\/p>\n<p><strong>Adhesioon <\/strong>on kleepumine, liitumine (allikas: med. s\u00f5nastik), molekulaarj\u00f5ududest tingitud liitumus, \u00fchendus eri kehade kokkupuutepindade vahel (allikas: v\u00f5\u00f5rs\u00f5nastik)<\/p>\n<p><strong>Adhesiivne<\/strong> on (k\u00fclge)kleepuv.<\/p>\n<p>Restauratiivses hambaravis on vajalik t\u00e4idismaterjali \u00fchinemine kahe erinevate omadustega hambakoega \u2013 emaili ja dentiiniga.<\/p>\n<p>Adhesiivs\u00fcsteem toimib kas l\u00e4bi preparatsioonitolmu kihi v\u00f5i seda eemaldades, difundeerudes happetootluse tagaj\u00e4rjel tekkinud demineraliseerunud alade t\u00fchimikesse. Moodustub homogeenne ala, mida nimetatakse <strong>h\u00fcbriidkihiks<\/strong>.<\/p>\n<p><strong>Adhesiivs\u00fcsteem<\/strong> koosneb kolmest komponendist:<\/p>\n<ul>\n<li><strong style=\"line-height: 1.6em;\">S\u00f6\u00f6vitav hape<\/strong><\/li>\n<li><strong style=\"line-height: 1.6em;\">Praimer<\/strong><\/li>\n<li><strong style=\"line-height: 1.6em;\">Adhesiiv<\/strong><\/li>\n<\/ul>\n<p><\/p><div class=\"accordion mb-3\">\n        <div class=\"accordion-item accordion-item--white\">\n        <h2 class=\"accordion-header\" id=\"accordion-69e12029c18b1-heading\">\n            <button class=\"accordion-button collapsed\" type=\"button\" data-bs-toggle=\"collapse\" data-bs-target=\"#accordion-69e12029c18b1-collapse\" aria-expanded=\"true\" aria-controls=\"accordion-69e12029c18b1-collapse\">Kas adhesioon s\u00f5ltub \u00fchinevate materjalide omadustest?<\/button>\n        <\/h2>\n        <div id=\"accordion-69e12029c18b1-collapse\" class=\"accordion-collapse collapse\" aria-labelledby=\"accordion-69e12029c18b1-heading\">\n            <div class=\"accordion-body\">Loomulikult. Igal materjalil on talle omased tunnused: siledus, poorsus, niiskussisaldus jne. K\u00f5ik see m\u00f5jutab adhesiooni.<\/div>\n        <\/div>\n        <\/div>\n    <\/div>\n","protected":false},"excerpt":{"rendered":"<p>S\u00f5na \u2018adhesiiv\u2019 tuleb kreekakeelsest s\u00f5nast \u2018adhaerere\u2019, mis t\u00f5lkes t\u00e4hendab teineteise k\u00fclge kleepuma, kinni j\u00e4\u00e4ma, liituma. Adhesiiv on enamasti viskoosne voolav materjal, mis \u00fchendab kaks materjali teineteisega. Adhesioon on kleepumine, liitumine (allikas: med. s\u00f5nastik), molekulaarj\u00f5ududest tingitud liitumus, \u00fchendus eri kehade kokkupuutepindade &#8230;<\/p>\n","protected":false},"author":12,"featured_media":0,"parent":0,"menu_order":0,"comment_status":"closed","ping_status":"closed","template":"","meta":{"_acf_changed":false,"inline_featured_image":false,"footnotes":""},"class_list":["post-5","page","type-page","status-publish","hentry"],"acf":[],"_links":{"self":[{"href":"https:\/\/sisu.ut.ee\/hambaravi1\/wp-json\/wp\/v2\/pages\/5","targetHints":{"allow":["GET"]}}],"collection":[{"href":"https:\/\/sisu.ut.ee\/hambaravi1\/wp-json\/wp\/v2\/pages"}],"about":[{"href":"https:\/\/sisu.ut.ee\/hambaravi1\/wp-json\/wp\/v2\/types\/page"}],"author":[{"embeddable":true,"href":"https:\/\/sisu.ut.ee\/hambaravi1\/wp-json\/wp\/v2\/users\/12"}],"replies":[{"embeddable":true,"href":"https:\/\/sisu.ut.ee\/hambaravi1\/wp-json\/wp\/v2\/comments?post=5"}],"version-history":[{"count":2,"href":"https:\/\/sisu.ut.ee\/hambaravi1\/wp-json\/wp\/v2\/pages\/5\/revisions"}],"predecessor-version":[{"id":86,"href":"https:\/\/sisu.ut.ee\/hambaravi1\/wp-json\/wp\/v2\/pages\/5\/revisions\/86"}],"wp:attachment":[{"href":"https:\/\/sisu.ut.ee\/hambaravi1\/wp-json\/wp\/v2\/media?parent=5"}],"curies":[{"name":"wp","href":"https:\/\/api.w.org\/{rel}","templated":true}]}}