{"id":4,"date":"2024-04-03T23:10:16","date_gmt":"2024-04-03T20:10:16","guid":{"rendered":"https:\/\/sisu.ut.ee\/hambaravi1\/sissejuhatus\/"},"modified":"2024-04-03T23:10:20","modified_gmt":"2024-04-03T20:10:20","slug":"sissejuhatus","status":"publish","type":"page","link":"https:\/\/sisu.ut.ee\/hambaravi1\/sissejuhatus\/","title":{"rendered":"1. Sissejuhatus"},"content":{"rendered":"<p>Suhtumine restauratiivsesse hambaravisse on aja jooksul suure muutuse l\u00e4bi teinud. Varasemalt kasutatavad materjalid, mis seostusid hambaga mehhaaniliselt (n\u00e4iteks amalgaam), on asendunud materjalidega, mis seostuvad hambakoega kas keemiliselt v\u00f5i mikromehhaaniliselt.<\/p>\n<p><strong>Kvaliteetse t\u00e4idise <\/strong>saamisel on <strong>v\u00f5tmet\u00e4htsusega (mikro)lekkevaba \u00fchendus <\/strong>t\u00e4idismaterjali ja kaviteedi seina vahel. Suure arengu on teinud adhesiivs\u00fcsteemid, mis tagavad j\u00e4rjest tugevama \u00fchilduvuse t\u00e4idismaterjali ja hambakoe vahel.<\/p>\n<p><strong>A<\/strong><strong>dhesiivs\u00fcsteemid<\/strong> v\u00f5imaldavad hambakudesid <strong>s\u00e4\u00e4stlikumalt prepareerida<\/strong> \u2013 kaviteedi traditsiooniline klassifikatsioon Blacki j\u00e4rgi on asendunud modifikatsioonidega. Kaarieskahjustuse avastamine varasemas j\u00e4rgus ja selle konservatiivne ravi (n\u00e4iteks fluoriididega) v\u00e4hendab vajadust suurte restauratsioonide j\u00e4rele.<\/p>\n<p>K\u00e4esolev \u00f5ppematerjal tutvustab adhesiivs\u00fcsteeme ja keskendub nende erinevustele. Kliinilises t\u00f6\u00f6s on edu saavutamiseks oluline tunda ja m\u00f5ista adhesiivide <strong>erinevaid mehhanisme<\/strong> ja neid arvestada \u2013 ainult nii saavutatakse hea tulemus ja restauratsioon, mis kestab.\u00a0<\/p>\n","protected":false},"excerpt":{"rendered":"<p>Suhtumine restauratiivsesse hambaravisse on aja jooksul suure muutuse l\u00e4bi teinud. Varasemalt kasutatavad materjalid, mis seostusid hambaga mehhaaniliselt (n\u00e4iteks amalgaam), on asendunud materjalidega, mis seostuvad hambakoega kas keemiliselt v\u00f5i mikromehhaaniliselt. Kvaliteetse t\u00e4idise saamisel on v\u00f5tmet\u00e4htsusega (mikro)lekkevaba \u00fchendus t\u00e4idismaterjali ja kaviteedi seina &#8230;<\/p>\n","protected":false},"author":12,"featured_media":0,"parent":0,"menu_order":0,"comment_status":"closed","ping_status":"closed","template":"","meta":{"_acf_changed":false,"inline_featured_image":false,"footnotes":""},"class_list":["post-4","page","type-page","status-publish","hentry"],"acf":[],"_links":{"self":[{"href":"https:\/\/sisu.ut.ee\/hambaravi1\/wp-json\/wp\/v2\/pages\/4","targetHints":{"allow":["GET"]}}],"collection":[{"href":"https:\/\/sisu.ut.ee\/hambaravi1\/wp-json\/wp\/v2\/pages"}],"about":[{"href":"https:\/\/sisu.ut.ee\/hambaravi1\/wp-json\/wp\/v2\/types\/page"}],"author":[{"embeddable":true,"href":"https:\/\/sisu.ut.ee\/hambaravi1\/wp-json\/wp\/v2\/users\/12"}],"replies":[{"embeddable":true,"href":"https:\/\/sisu.ut.ee\/hambaravi1\/wp-json\/wp\/v2\/comments?post=4"}],"version-history":[{"count":1,"href":"https:\/\/sisu.ut.ee\/hambaravi1\/wp-json\/wp\/v2\/pages\/4\/revisions"}],"predecessor-version":[{"id":58,"href":"https:\/\/sisu.ut.ee\/hambaravi1\/wp-json\/wp\/v2\/pages\/4\/revisions\/58"}],"wp:attachment":[{"href":"https:\/\/sisu.ut.ee\/hambaravi1\/wp-json\/wp\/v2\/media?parent=4"}],"curies":[{"name":"wp","href":"https:\/\/api.w.org\/{rel}","templated":true}]}}