{"id":19,"date":"2024-04-03T23:10:17","date_gmt":"2024-04-03T20:10:17","guid":{"rendered":"https:\/\/sisu.ut.ee\/hambaravi1\/adhesiivsusteemi-kasutamine\/"},"modified":"2024-04-09T10:49:18","modified_gmt":"2024-04-09T07:49:18","slug":"adhesiivsusteemi-kasutamine","status":"publish","type":"page","link":"https:\/\/sisu.ut.ee\/hambaravi1\/","title":{"rendered":"Avaleht"},"content":{"rendered":"<p><img loading=\"lazy\" decoding=\"async\" width=\"280\" height=\"253\" class=\"alignnone wp-image-29\" style=\"float: right; margin-left: 5px; margin-right: 5px;\" title=\"dental_bonding.jpg\" src=\"https:\/\/sisu.ut.ee\/wp-content\/uploads\/sites\/19\/dental_bonding.jpg\" alt=\"dental_bonding.jpg\">Hambaarsti\u00f5pingute oluline osa on hammaste restauratiivne taastamine ehk kaariesest tingitud kahjustuste parandamine t\u00e4idismaterjalidega. Hea seos hamba ja t\u00e4idise vahel saadakse adhesiivs\u00fcsteemi kasutades. Adhesiivi \u00f5ige valik ja korrektne kasutamistehnika on aluseks t\u00e4idise vastupidavusele.<\/p>\n<p>\u00d5piobjekt <strong>\u2019Adhesiivs\u00fcsteemi kasutamine\u2019<\/strong>\u00a0tutvustab adhesiivs\u00fcsteemi erinevaid komponente ja nende kasutamist. Eraldi on v\u00e4lja toodud levinumad probleemid, millega kliinilises t\u00f6\u00f6s v\u00f5ib kokku puutuda. \u00d5piobjekti l\u00e4binuna teab \u00f5ppija adhesiivs\u00fcsteemi erinevaid komponente ja kasutamise p\u00f5him\u00f5tteid s\u00f5ltuvalt adhesiivi liigist.<\/p>\n<p>\u00d5piobjekt on m\u00f5eldud iseseisvaks l\u00e4bimiseks. Loe l\u00e4bi \u00f5ppematerjalid, vaata videot ja p\u00fc\u00fca lahendada \u00fclesandeid, mis aitavad sul materjali omandamist hinnata. Aega selleks \u00a0kulub umbes neli tundi.<\/p>\n<p>Edukat \u00f5pet!<\/p>\n<p>Riina Runnel<br>Tartu \u00dclikool<br>Suu- ja hambahaiguste \u00f5ppej\u00f5ud<br><a href=\"mailto:Riina.runnel@ut.ee\">riina.runnel@ut.ee<\/a><\/p>\n<p><span style=\"font-size: x-small;\">Pildi allikas: <a href=\"http:\/\/solutions.3m.co.uk\/wps\/portal\/3M\/en_GB\/3M_ESPE\/Dental-Manufacturers\/Products\/Dental-Restorative-Materials\/Dental-Bonding\/\" target=\"_blank\" rel=\"noopener\">http:\/\/solutions.3m.co.uk\/wps\/portal\/3M\/en_GB\/3M_ESPE\/Dental-Manufacturers\/Products\/Dental-Restorative-Materials\/Dental-Bonding\/<\/a><\/span><\/p>\n\n\n<figure class=\"wp-block-image aligncenter size-full\"><img loading=\"lazy\" decoding=\"async\" width=\"185\" height=\"102\" src=\"https:\/\/sisu.ut.ee\/wp-content\/uploads\/sites\/19\/esf185.jpg\" alt=\"\" class=\"wp-image-30\"><\/figure>\n\n\n\n<p class=\"has-extra-small-font-size\">K\u00e4esolev \u00f5piobjekt on autorikaitse all vastavalt Eesti Vabariigi autori\u00f5iguse seadusele. \u00d5piobjekti varalised \u00f5igused kuuluvad Tartu \u00dclikoolile. \u00d5piobjekti on lubatud reprodutseerida, levitada ja avalikult esitada ainult \u00f5piotstarbel kui tervikut, va refereerimine ja tsiteerimine motiveeritud mahus. \u00d5piobjekti ei ole lubatud kasutada kommertseesm\u00e4rgil. \u00d5piobjekti igakordsel kasutamisel on kasutaja kohustatud viitama \u00f5piobjekti autorile. \u00d5piobjekti pole lubatud muuta ega t\u00e4iendada.<\/p>\n","protected":false},"excerpt":{"rendered":"<p>Hambaarsti\u00f5pingute oluline osa on hammaste restauratiivne taastamine ehk kaariesest tingitud kahjustuste parandamine t\u00e4idismaterjalidega. Hea seos hamba ja t\u00e4idise vahel saadakse adhesiivs\u00fcsteemi kasutades. Adhesiivi \u00f5ige valik ja korrektne kasutamistehnika on aluseks t\u00e4idise vastupidavusele. \u00d5piobjekt \u2019Adhesiivs\u00fcsteemi kasutamine\u2019\u00a0tutvustab adhesiivs\u00fcsteemi erinevaid komponente ja nende &#8230;<\/p>\n","protected":false},"author":12,"featured_media":0,"parent":0,"menu_order":0,"comment_status":"closed","ping_status":"closed","template":"","meta":{"_acf_changed":false,"inline_featured_image":false,"footnotes":""},"class_list":["post-19","page","type-page","status-publish","hentry"],"acf":[],"_links":{"self":[{"href":"https:\/\/sisu.ut.ee\/hambaravi1\/wp-json\/wp\/v2\/pages\/19","targetHints":{"allow":["GET"]}}],"collection":[{"href":"https:\/\/sisu.ut.ee\/hambaravi1\/wp-json\/wp\/v2\/pages"}],"about":[{"href":"https:\/\/sisu.ut.ee\/hambaravi1\/wp-json\/wp\/v2\/types\/page"}],"author":[{"embeddable":true,"href":"https:\/\/sisu.ut.ee\/hambaravi1\/wp-json\/wp\/v2\/users\/12"}],"replies":[{"embeddable":true,"href":"https:\/\/sisu.ut.ee\/hambaravi1\/wp-json\/wp\/v2\/comments?post=19"}],"version-history":[{"count":3,"href":"https:\/\/sisu.ut.ee\/hambaravi1\/wp-json\/wp\/v2\/pages\/19\/revisions"}],"predecessor-version":[{"id":77,"href":"https:\/\/sisu.ut.ee\/hambaravi1\/wp-json\/wp\/v2\/pages\/19\/revisions\/77"}],"wp:attachment":[{"href":"https:\/\/sisu.ut.ee\/hambaravi1\/wp-json\/wp\/v2\/media?parent=19"}],"curies":[{"name":"wp","href":"https:\/\/api.w.org\/{rel}","templated":true}]}}