{"id":18,"date":"2024-04-03T23:10:16","date_gmt":"2024-04-03T20:10:16","guid":{"rendered":"https:\/\/sisu.ut.ee\/hambaravi1\/kokkuvote\/"},"modified":"2024-04-09T10:59:29","modified_gmt":"2024-04-09T07:59:29","slug":"kokkuvote","status":"publish","type":"page","link":"https:\/\/sisu.ut.ee\/hambaravi1\/kokkuvote\/","title":{"rendered":"8. Kokkuv\u00f5te"},"content":{"rendered":"<p>T\u00e4idise seostumisel hambakoega on adhesiivil oluline roll. \u00d5ige <strong>tehnika tundmine<\/strong>, v\u00f5imalike<strong> vigade v\u00e4ltimine<\/strong> ja <strong>korrektne teostus<\/strong> on <strong>t\u00e4idise p\u00fcsivuse<\/strong> seisukohast \u00fclimalt olulised.<\/p>\n<p><strong>Eksimus<\/strong> adhesiivs\u00fcsteemi kasutamisel v\u00f5ib p\u00f5hjustada <strong>t\u00e4idise \u00e4ra tuleku<\/strong> v\u00f5i <strong>\u00e4\u00e4relekke<\/strong>, mille kaudu mikroobid j\u00f5uavad pulbikoeni ja p\u00f5hjustavad seal p\u00f5letiku. M\u00f5lemad tagaj\u00e4rjed on patsiendile h\u00e4irivad ja n\u00f5uavad lisakulutusi. Seep\u00e4rast on vajalik adhesiivs\u00fcsteemi<strong> kasutamisjuhendi t\u00e4pne j\u00e4rgimine<\/strong> \u2013 ainult nii saadakse <strong>kvaliteetne t\u00e4idis<\/strong>, mis taastab patsiendi hamba funktsiooni pikkadeks aastateks.<\/p>\n<p>Adhesiivide hulgast kujunevad sul aja jooksul kindlasti oma <strong>lemmikud<\/strong>, millede omadusi sa h\u00e4sti tunned ja oskad nendega kliinilises t\u00f6\u00f6s arvestada. Need teadmised tulevad ainult praktilise t\u00f6\u00f6 k\u00e4igus. Head harjutamist!<\/p>\n<p><\/p><div class=\"accordion mb-3\">\n        <div class=\"accordion-item accordion-item--white\">\n        <h2 class=\"accordion-header\" id=\"accordion-69e107f1c9a2c-heading\">\n            <button class=\"accordion-button collapsed\" type=\"button\" data-bs-toggle=\"collapse\" data-bs-target=\"#accordion-69e107f1c9a2c-collapse\" aria-expanded=\"true\" aria-controls=\"accordion-69e107f1c9a2c-collapse\">Vaata lisaks!<\/button>\n        <\/h2>\n        <div id=\"accordion-69e107f1c9a2c-collapse\" class=\"accordion-collapse collapse\" aria-labelledby=\"accordion-69e107f1c9a2c-heading\">\n            <div class=\"accordion-body\">Vaata fotode sarja, kus on kujutatud t\u00e4idise asetamise protsessi k\u00f5iki etappe \u2013 <a href=\"http:\/\/www.engintaviloglu.com\/eng\/galleria.aspx?type=11\" target=\"_blank\" rel=\"noopener\">http:\/\/www.engintaviloglu.com\/eng\/galleria.aspx?type=11<\/a>. Kasutatud on ises\u00f6\u00f6vituvat s\u00fcsteemi.<\/div>\n        <\/div>\n        <\/div>\n    <\/div>\n","protected":false},"excerpt":{"rendered":"<p>T\u00e4idise seostumisel hambakoega on adhesiivil oluline roll. \u00d5ige tehnika tundmine, v\u00f5imalike vigade v\u00e4ltimine ja korrektne teostus on t\u00e4idise p\u00fcsivuse seisukohast \u00fclimalt olulised. Eksimus adhesiivs\u00fcsteemi kasutamisel v\u00f5ib p\u00f5hjustada t\u00e4idise \u00e4ra tuleku v\u00f5i \u00e4\u00e4relekke, mille kaudu mikroobid j\u00f5uavad pulbikoeni ja p\u00f5hjustavad seal &#8230;<\/p>\n","protected":false},"author":12,"featured_media":0,"parent":0,"menu_order":0,"comment_status":"closed","ping_status":"closed","template":"","meta":{"_acf_changed":false,"inline_featured_image":false,"footnotes":""},"class_list":["post-18","page","type-page","status-publish","hentry"],"acf":[],"_links":{"self":[{"href":"https:\/\/sisu.ut.ee\/hambaravi1\/wp-json\/wp\/v2\/pages\/18","targetHints":{"allow":["GET"]}}],"collection":[{"href":"https:\/\/sisu.ut.ee\/hambaravi1\/wp-json\/wp\/v2\/pages"}],"about":[{"href":"https:\/\/sisu.ut.ee\/hambaravi1\/wp-json\/wp\/v2\/types\/page"}],"author":[{"embeddable":true,"href":"https:\/\/sisu.ut.ee\/hambaravi1\/wp-json\/wp\/v2\/users\/12"}],"replies":[{"embeddable":true,"href":"https:\/\/sisu.ut.ee\/hambaravi1\/wp-json\/wp\/v2\/comments?post=18"}],"version-history":[{"count":2,"href":"https:\/\/sisu.ut.ee\/hambaravi1\/wp-json\/wp\/v2\/pages\/18\/revisions"}],"predecessor-version":[{"id":95,"href":"https:\/\/sisu.ut.ee\/hambaravi1\/wp-json\/wp\/v2\/pages\/18\/revisions\/95"}],"wp:attachment":[{"href":"https:\/\/sisu.ut.ee\/hambaravi1\/wp-json\/wp\/v2\/media?parent=18"}],"curies":[{"name":"wp","href":"https:\/\/api.w.org\/{rel}","templated":true}]}}