{"id":15,"date":"2024-04-03T23:10:16","date_gmt":"2024-04-03T20:10:16","guid":{"rendered":"https:\/\/sisu.ut.ee\/hambaravi1\/adhesiivide-tulevik\/"},"modified":"2024-04-03T23:10:20","modified_gmt":"2024-04-03T20:10:20","slug":"adhesiivide-tulevik","status":"publish","type":"page","link":"https:\/\/sisu.ut.ee\/hambaravi1\/adhesiivide-tulevik\/","title":{"rendered":"5.5. Adhesiivide tulevik"},"content":{"rendered":"<p>Kindlasti ei ole adhesiivs\u00fcsteemide arendustegevus l\u00f5ppenud. Milline v\u00f5iks olla adhesiivide <strong>j\u00e4rgmine p\u00f5lvkond<\/strong>? Kaheksanda p\u00f5lvkonna adhesiivideks v\u00f5iks saada adhesiivi ja voolava komposiidi (laineri) \u00fchendamine. N\u00e4iteks VertiseTM Flow (Sybron\/Kerr), mis on OptiBond<sup>\u00ae<\/sup> edasiarendus, on isekinnituv (ei vaja praimerit).<\/p>\n<p>Toote omadusi ei saa hinnata \u00fcksnes laboratoorsete katsetuste p\u00f5hjal. Selleks, et selguksid uute toodete kliinilised tulemused, on vaja uuringuid ja kliinilist j\u00e4lgimist. Kasutamisel on oluline endale selgeks teha <strong>tootjapoolne kasutusjuhend<\/strong> ja sellest <strong>t\u00e4pselt kinni pidada<\/strong> \u2013 ainult nii saadakse parim tulemus.<\/p>\n","protected":false},"excerpt":{"rendered":"<p>Kindlasti ei ole adhesiivs\u00fcsteemide arendustegevus l\u00f5ppenud. Milline v\u00f5iks olla adhesiivide j\u00e4rgmine p\u00f5lvkond? Kaheksanda p\u00f5lvkonna adhesiivideks v\u00f5iks saada adhesiivi ja voolava komposiidi (laineri) \u00fchendamine. N\u00e4iteks VertiseTM Flow (Sybron\/Kerr), mis on OptiBond\u00ae edasiarendus, on isekinnituv (ei vaja praimerit). Toote omadusi ei saa &#8230;<\/p>\n","protected":false},"author":12,"featured_media":0,"parent":0,"menu_order":0,"comment_status":"closed","ping_status":"closed","template":"","meta":{"_acf_changed":false,"inline_featured_image":false,"footnotes":""},"class_list":["post-15","page","type-page","status-publish","hentry"],"acf":[],"_links":{"self":[{"href":"https:\/\/sisu.ut.ee\/hambaravi1\/wp-json\/wp\/v2\/pages\/15","targetHints":{"allow":["GET"]}}],"collection":[{"href":"https:\/\/sisu.ut.ee\/hambaravi1\/wp-json\/wp\/v2\/pages"}],"about":[{"href":"https:\/\/sisu.ut.ee\/hambaravi1\/wp-json\/wp\/v2\/types\/page"}],"author":[{"embeddable":true,"href":"https:\/\/sisu.ut.ee\/hambaravi1\/wp-json\/wp\/v2\/users\/12"}],"replies":[{"embeddable":true,"href":"https:\/\/sisu.ut.ee\/hambaravi1\/wp-json\/wp\/v2\/comments?post=15"}],"version-history":[{"count":1,"href":"https:\/\/sisu.ut.ee\/hambaravi1\/wp-json\/wp\/v2\/pages\/15\/revisions"}],"predecessor-version":[{"id":69,"href":"https:\/\/sisu.ut.ee\/hambaravi1\/wp-json\/wp\/v2\/pages\/15\/revisions\/69"}],"wp:attachment":[{"href":"https:\/\/sisu.ut.ee\/hambaravi1\/wp-json\/wp\/v2\/media?parent=15"}],"curies":[{"name":"wp","href":"https:\/\/api.w.org\/{rel}","templated":true}]}}