{"id":14,"date":"2024-04-03T23:10:16","date_gmt":"2024-04-03T20:10:16","guid":{"rendered":"https:\/\/sisu.ut.ee\/hambaravi1\/seitsmenda-polvkonna-adhesiivid\/"},"modified":"2024-04-03T23:10:20","modified_gmt":"2024-04-03T20:10:20","slug":"seitsmenda-polvkonna-adhesiivid","status":"publish","type":"page","link":"https:\/\/sisu.ut.ee\/hambaravi1\/seitsmenda-polvkonna-adhesiivid\/","title":{"rendered":"5.4. Seitsmenda p\u00f5lvkonna adhesiivid"},"content":{"rendered":"<p>2002-2003 t\u00f6\u00f6tati adhesiivs\u00fcsteemide arendamisel, et neid oleks kliinilises t\u00f6\u00f6s mugavam kasutada (<strong>k\u00f5ik kolm komponenti \u00fches pudelis<\/strong>) ja kasutamistehnika oleks t\u00f6\u00f6kindlam.<\/p>\n<p>Varasemad tooted ei andnud sama h\u00e4id tulemusi kui neljanda p\u00f5lvkonna adhesiivid, kuid t\u00e4nu oma kasutamise mugavusele ja t\u00f6\u00f6 kiirendamisele olid nad kliinilises t\u00f6\u00f6s v\u00e4ga populaarsed. Tooted on saadaval pudelis ja \u00fchekordseks kasutamises m\u00f5eldud pakendites.<\/p>\n<p>Seda p\u00f5lvkonda on \u00fcha t\u00e4iustatud ja uuemad <strong>k\u00f5ik-\u00fches<\/strong> (inglisekeelses kirjanduses \u2018<em>all in one\u2019<\/em> )\u00a0 adhesiivid on pea sama heade n\u00e4itajatega kui neljanda p\u00f5lvkonna tooted.<\/p>\n<p>N\u00e4ited:<\/p>\n<ul>\n<li><span style=\"line-height: 1.6em\">OptiBond<\/span><sup>\u00ae<\/sup><span style=\"line-height: 1.6em\"> All-In-One (Sybron\/Kerr)<\/span><\/li>\n<li><span style=\"line-height: 1.6em\">Xeno<\/span><sup>\u00ae<\/sup><span style=\"line-height: 1.6em\"> V (DENTSPLY)<\/span><\/li>\n<li><span style=\"line-height: 1.6em\">Clearfil<\/span><sup>TM<\/sup><span style=\"line-height: 1.6em\"> S3Bond (Kuraray)<\/span><\/li>\n<li><span style=\"line-height: 1.6em\">iBond<\/span><sup>\u00ae<\/sup><span style=\"line-height: 1.6em\"> (Heraeus Kulzer)<\/span><\/li>\n<li><span style=\"line-height: 1.6em\">G-Bond\u2122 (GC)<\/span><\/li>\n<li><span style=\"line-height: 1.6em\">Futurabond NR (Voco)<\/span><\/li>\n<\/ul>\n","protected":false},"excerpt":{"rendered":"<p>2002-2003 t\u00f6\u00f6tati adhesiivs\u00fcsteemide arendamisel, et neid oleks kliinilises t\u00f6\u00f6s mugavam kasutada (k\u00f5ik kolm komponenti \u00fches pudelis) ja kasutamistehnika oleks t\u00f6\u00f6kindlam. Varasemad tooted ei andnud sama h\u00e4id tulemusi kui neljanda p\u00f5lvkonna adhesiivid, kuid t\u00e4nu oma kasutamise mugavusele ja t\u00f6\u00f6 kiirendamisele olid &#8230;<\/p>\n","protected":false},"author":12,"featured_media":0,"parent":0,"menu_order":0,"comment_status":"closed","ping_status":"closed","template":"","meta":{"_acf_changed":false,"inline_featured_image":false,"footnotes":""},"class_list":["post-14","page","type-page","status-publish","hentry"],"acf":[],"_links":{"self":[{"href":"https:\/\/sisu.ut.ee\/hambaravi1\/wp-json\/wp\/v2\/pages\/14","targetHints":{"allow":["GET"]}}],"collection":[{"href":"https:\/\/sisu.ut.ee\/hambaravi1\/wp-json\/wp\/v2\/pages"}],"about":[{"href":"https:\/\/sisu.ut.ee\/hambaravi1\/wp-json\/wp\/v2\/types\/page"}],"author":[{"embeddable":true,"href":"https:\/\/sisu.ut.ee\/hambaravi1\/wp-json\/wp\/v2\/users\/12"}],"replies":[{"embeddable":true,"href":"https:\/\/sisu.ut.ee\/hambaravi1\/wp-json\/wp\/v2\/comments?post=14"}],"version-history":[{"count":1,"href":"https:\/\/sisu.ut.ee\/hambaravi1\/wp-json\/wp\/v2\/pages\/14\/revisions"}],"predecessor-version":[{"id":68,"href":"https:\/\/sisu.ut.ee\/hambaravi1\/wp-json\/wp\/v2\/pages\/14\/revisions\/68"}],"wp:attachment":[{"href":"https:\/\/sisu.ut.ee\/hambaravi1\/wp-json\/wp\/v2\/media?parent=14"}],"curies":[{"name":"wp","href":"https:\/\/api.w.org\/{rel}","templated":true}]}}