{"id":13,"date":"2024-04-03T23:10:16","date_gmt":"2024-04-03T20:10:16","guid":{"rendered":"https:\/\/sisu.ut.ee\/hambaravi1\/kuuenda-polvkonna-adhesiivid\/"},"modified":"2024-04-03T23:10:20","modified_gmt":"2024-04-03T20:10:20","slug":"kuuenda-polvkonna-adhesiivid","status":"publish","type":"page","link":"https:\/\/sisu.ut.ee\/hambaravi1\/kuuenda-polvkonna-adhesiivid\/","title":{"rendered":"5.3. Kuuenda p\u00f5lvkonna adhesiivid"},"content":{"rendered":"<p>2000ndate alguses loodi tehnoloogiliselt uut t\u00fc\u00fcpi adhesiivs\u00fcsteem.<strong> Ises\u00f6\u00f6vituvat praimerit<\/strong> kasutades saadi adhesiivne s\u00fcsteem (inglisekeelses kirjanduses \u2018self-etching primers\u2019), milles <strong>happe komponent asendati <\/strong>happelise <strong>s\u00f6\u00f6vitava praimeriga<\/strong>. Isehapenduva s\u00fcsteemi populaarsust t\u00f5stis postoperatiivse (t\u00e4idise asetamise j\u00e4rgse) tundlikkuse esinemise v\u00e4henemine, sest <strong>\u00e4ra j\u00e4i fosforhappe s\u00f6\u00f6vitusega etapp<\/strong>.<\/p>\n<p>Kuuenda p\u00f5lvkonna tooteid on <strong>kahte t\u00fc\u00fcpi<\/strong>:<\/p>\n<ul>\n<li>Esimest t\u00fc\u00fcpi kuuenda p\u00f5lvkona adhesiivs\u00fcsteemil <strong>segatakse praimer ja adhesiiv kokku<\/strong> vahetult hambakudedele aplitseerimise eelselt.<\/li>\n<\/ul>\n<ul>\n<li>Teist t\u00fc\u00fcpi adhesiivs\u00fcsteemil <strong>aplitseeritakse praimer ja adhesiiv eraldi kihtidena<\/strong>. See s\u00fcsteem on kas valgusk\u00f5vastuv v\u00f5i kaheti k\u00f5vastuv (toimub nii keemiline kui valgusk\u00f5vastumine).<\/li>\n<\/ul>\n<p>Selle p\u00f5lvkonna toodete kliiniliseks eeliseks on <strong>postoperatiivse tundlikkuse v\u00e4hesem esinemine<\/strong>.<\/p>\n<p>Vaatamata heale seostumisele (n\u00e4itajad j\u00e4\u00e4vad vahemikku 18\u201323 MPa) on selle p\u00f5lvkonna adhesiivide kasutamisel <strong>suurem mikrolekke oht <\/strong>kui neljanda ja viienda p\u00f5lvkonna toodetel.<\/p>\n<p>N\u00e4ited:<\/p>\n<ul>\n<li><span style=\"line-height: 1.6em\">All-Bond SE (Bisco Inc)<\/span><\/li>\n<li><span style=\"line-height: 1.6em\">Clearfil<\/span><sup>TM<\/sup><span style=\"line-height: 1.6em\"> SE Bond (Kuraray)<\/span><\/li>\n<li><span style=\"line-height: 1.6em\">AdheSE (Ivoclar Vivadent)<\/span><\/li>\n<li><span style=\"line-height: 1.6em\">Optibond XTR (Kerr)<\/span><\/li>\n<li><span style=\"line-height: 1.6em\">Adper\u2122 Prompt L-Pop\u2122 (3M ESPE)<\/span><\/li>\n<\/ul>\n","protected":false},"excerpt":{"rendered":"<p>2000ndate alguses loodi tehnoloogiliselt uut t\u00fc\u00fcpi adhesiivs\u00fcsteem. Ises\u00f6\u00f6vituvat praimerit kasutades saadi adhesiivne s\u00fcsteem (inglisekeelses kirjanduses \u2018self-etching primers\u2019), milles happe komponent asendati happelise s\u00f6\u00f6vitava praimeriga. Isehapenduva s\u00fcsteemi populaarsust t\u00f5stis postoperatiivse (t\u00e4idise asetamise j\u00e4rgse) tundlikkuse esinemise v\u00e4henemine, sest \u00e4ra j\u00e4i fosforhappe s\u00f6\u00f6vitusega &#8230;<\/p>\n","protected":false},"author":12,"featured_media":0,"parent":0,"menu_order":0,"comment_status":"closed","ping_status":"closed","template":"","meta":{"_acf_changed":false,"inline_featured_image":false,"footnotes":""},"class_list":["post-13","page","type-page","status-publish","hentry"],"acf":[],"_links":{"self":[{"href":"https:\/\/sisu.ut.ee\/hambaravi1\/wp-json\/wp\/v2\/pages\/13","targetHints":{"allow":["GET"]}}],"collection":[{"href":"https:\/\/sisu.ut.ee\/hambaravi1\/wp-json\/wp\/v2\/pages"}],"about":[{"href":"https:\/\/sisu.ut.ee\/hambaravi1\/wp-json\/wp\/v2\/types\/page"}],"author":[{"embeddable":true,"href":"https:\/\/sisu.ut.ee\/hambaravi1\/wp-json\/wp\/v2\/users\/12"}],"replies":[{"embeddable":true,"href":"https:\/\/sisu.ut.ee\/hambaravi1\/wp-json\/wp\/v2\/comments?post=13"}],"version-history":[{"count":1,"href":"https:\/\/sisu.ut.ee\/hambaravi1\/wp-json\/wp\/v2\/pages\/13\/revisions"}],"predecessor-version":[{"id":67,"href":"https:\/\/sisu.ut.ee\/hambaravi1\/wp-json\/wp\/v2\/pages\/13\/revisions\/67"}],"wp:attachment":[{"href":"https:\/\/sisu.ut.ee\/hambaravi1\/wp-json\/wp\/v2\/media?parent=13"}],"curies":[{"name":"wp","href":"https:\/\/api.w.org\/{rel}","templated":true}]}}