{"id":12,"date":"2024-04-03T23:10:16","date_gmt":"2024-04-03T20:10:16","guid":{"rendered":"https:\/\/sisu.ut.ee\/hambaravi1\/viienda-polvkonna-adhesiivid\/"},"modified":"2024-04-03T23:10:20","modified_gmt":"2024-04-03T20:10:20","slug":"viienda-polvkonna-adhesiivid","status":"publish","type":"page","link":"https:\/\/sisu.ut.ee\/hambaravi1\/viienda-polvkonna-adhesiivid\/","title":{"rendered":"5.2. Viienda p\u00f5lvkonna adhesiivid"},"content":{"rendered":"<p>1990ndate keskel p\u00fc\u00fcti adhesiivide kasutamist lihtsustada. Turule tulid viienda p\u00f5lvkonna adhesiivid \u2013 \u2018<strong>\u00fche-pudeli-s\u00fcsteem<\/strong>\u2018\u00a0ja<strong> ises\u00f6\u00f6vituv adhesiivs\u00fcsteem<\/strong>.<\/p>\n<p>\u2018\u00dche-pudeli-s\u00fcsteemis\u2019\u00a0<strong>kombineeriti <\/strong>omavahel <strong>praimer ja adhesiiv<\/strong>. Emaili ja dentiini happetootluse j\u00e4rgselt aplitseeriti need \u00fches pudelis v\u00f5i pakendis olevad komponendid kaviteeti. Tehniliselt on see tegelikult<strong> kaheetapiline t\u00f6\u00f6tlus<\/strong>, kuid m\u00fc\u00fcgile tuli ta \u00fcheetapilise s\u00fcsteemi nimetuse all. Kolme astme (hape-praimer-adhesiiv) kombineerimine <strong>v\u00e4hendab etappide arvu<\/strong> ja l\u00fchendab t\u00f6\u00f6aega.<\/p>\n<p>V\u00f5rdlevad uuringud on n\u00e4idanud, et eelnev, neljas adhesiivide p\u00f5lvkond, t\u00f6\u00f6tab siiski paremini. Kliiniliseks eeliseks on ainult <strong>aja kokkuhoid<\/strong> t\u00e4nu v\u00e4hematele etappidele.<\/p>\n<p>N\u00e4ited:<\/p>\n<ul>\n<li><span style=\"line-height: 1.6em\">OptiBond<\/span><sup>\u00ae <\/sup><span style=\"line-height: 1.6em\">Solo Plus\u2122 (Kerr)<\/span><\/li>\n<li><span style=\"line-height: 1.6em\">Gluma<\/span><sup>\u00ae<\/sup><span style=\"line-height: 1.6em\"> One Bond (Heraeus Kulzer)<\/span><\/li>\n<li><span style=\"line-height: 1.6em\">Adper\u2122 Singlebond\u2122 (3M\/ESPE)<\/span><\/li>\n<li><span style=\"line-height: 1.6em\">Prime and Bond\u00ae NT (Dentsply)<\/span><\/li>\n<\/ul>\n","protected":false},"excerpt":{"rendered":"<p>1990ndate keskel p\u00fc\u00fcti adhesiivide kasutamist lihtsustada. Turule tulid viienda p\u00f5lvkonna adhesiivid \u2013 \u2018\u00fche-pudeli-s\u00fcsteem\u2018\u00a0ja ises\u00f6\u00f6vituv adhesiivs\u00fcsteem. \u2018\u00dche-pudeli-s\u00fcsteemis\u2019\u00a0kombineeriti omavahel praimer ja adhesiiv. Emaili ja dentiini happetootluse j\u00e4rgselt aplitseeriti need \u00fches pudelis v\u00f5i pakendis olevad komponendid kaviteeti. Tehniliselt on see tegelikult kaheetapiline t\u00f6\u00f6tlus, &#8230;<\/p>\n","protected":false},"author":12,"featured_media":0,"parent":0,"menu_order":0,"comment_status":"closed","ping_status":"closed","template":"","meta":{"_acf_changed":false,"inline_featured_image":false,"footnotes":""},"class_list":["post-12","page","type-page","status-publish","hentry"],"acf":[],"_links":{"self":[{"href":"https:\/\/sisu.ut.ee\/hambaravi1\/wp-json\/wp\/v2\/pages\/12","targetHints":{"allow":["GET"]}}],"collection":[{"href":"https:\/\/sisu.ut.ee\/hambaravi1\/wp-json\/wp\/v2\/pages"}],"about":[{"href":"https:\/\/sisu.ut.ee\/hambaravi1\/wp-json\/wp\/v2\/types\/page"}],"author":[{"embeddable":true,"href":"https:\/\/sisu.ut.ee\/hambaravi1\/wp-json\/wp\/v2\/users\/12"}],"replies":[{"embeddable":true,"href":"https:\/\/sisu.ut.ee\/hambaravi1\/wp-json\/wp\/v2\/comments?post=12"}],"version-history":[{"count":1,"href":"https:\/\/sisu.ut.ee\/hambaravi1\/wp-json\/wp\/v2\/pages\/12\/revisions"}],"predecessor-version":[{"id":66,"href":"https:\/\/sisu.ut.ee\/hambaravi1\/wp-json\/wp\/v2\/pages\/12\/revisions\/66"}],"wp:attachment":[{"href":"https:\/\/sisu.ut.ee\/hambaravi1\/wp-json\/wp\/v2\/media?parent=12"}],"curies":[{"name":"wp","href":"https:\/\/api.w.org\/{rel}","templated":true}]}}