{"id":3,"date":"2024-04-04T05:10:25","date_gmt":"2024-04-04T02:10:25","guid":{"rendered":"https:\/\/sisu.ut.ee\/hambad\/avaleht\/"},"modified":"2024-04-15T08:49:11","modified_gmt":"2024-04-15T05:49:11","slug":"avaleht","status":"publish","type":"page","link":"https:\/\/sisu.ut.ee\/hambad\/","title":{"rendered":"Avaleht"},"content":{"rendered":"<h2>Eess\u00f5na<\/h2>\n<p>J\u00e4rgnevatel veebilehek\u00fclgedel antakse \u00fclevaade hammaskonna arengust ja selle h\u00e4iretest. Tutvustame suu\u00f5\u00f5ne haigusi ja nende ennetamise v\u00f5imalusi.\u00a0Suurem t\u00e4helepanu on p\u00f6\u00f6ratud laste hammaste tervishoiule. Oluline osa selles on suu\u00f5\u00f5ne h\u00fcgieeni \u00f5petusel. Soovitame \u00f5igeid hammaste puhastamise v\u00f5tteid, hambapastasid ja teisi abivahendeid.\u00a0Fluoriidi saamine joogiveest ja toidust tugevdab hambaid. M\u00f5nikord on vaja lisada fluoriidi ka tablettidena, sagedamini viib hambaarst fluoriidi sisaldavaid lakke ja silante hambapinnale.\u00a0Hammaskonna funktsioon on t\u00e4iuslik ainult siis kui, peale tervete ja ravitud hammaste on \u00f5ige nende asend ja l\u00f5ualuude vahekord.<\/p>\n<p>K\u00e4esolevast \u00f5ppematerjalist saavad teavet lapsevanemad, pedagoogid ja lasteaiakasvatajad. Esitatu sobib tutvumiseks ka vanemate klasside \u00f5pilastele.<\/p>\n<p>\u00d5ppematerjali tekst on koostatud 20 aastat tagasi ja seet\u00f5ttu v\u00f5ib keelekasutust veidi omap\u00e4raseks pidada. Korrigeeritud on peamiselt suuh\u00fcgieeni vahendite peat\u00fckki, sest need on muutunud.<\/p>\n<hr>\n<p><strong>Lehek\u00fclje koostamist on finantseeritud Eesti Haigekassa eelarvest.<\/strong><\/p>\n<p><strong>Projekti autor:<\/strong>\u00a0Silvia Russak<\/p>\n<p><strong>Koostajad:<\/strong><\/p>\n<ul>\n<li>Rita N\u00f5mmela<\/li>\n<li>Mare Saag<\/li>\n<li>Jana Olak<\/li>\n<\/ul>\n<p>Tartu \u00dclikooli stomotoloogiakliinik (n\u00fc\u00fcd Hambaarstiteaduse Instituut)<br>\nEesti Stomotoloogia Selts (n\u00fc\u00fcd Eesti Hambaarstide Liit)<br>\nTartu 2001<br>\nUuendatud 2019<\/p>\n","protected":false},"excerpt":{"rendered":"<p>Eess\u00f5na J\u00e4rgnevatel veebilehek\u00fclgedel antakse \u00fclevaade hammaskonna arengust ja selle h\u00e4iretest. Tutvustame suu\u00f5\u00f5ne haigusi ja nende ennetamise v\u00f5imalusi.\u00a0Suurem t\u00e4helepanu on p\u00f6\u00f6ratud laste hammaste tervishoiule. Oluline osa selles on suu\u00f5\u00f5ne h\u00fcgieeni \u00f5petusel. Soovitame \u00f5igeid hammaste puhastamise v\u00f5tteid, hambapastasid ja teisi abivahendeid.\u00a0Fluoriidi saamine &#8230;<\/p>\n","protected":false},"author":2,"featured_media":0,"parent":0,"menu_order":0,"comment_status":"closed","ping_status":"closed","template":"","meta":{"_acf_changed":false,"inline_featured_image":false,"footnotes":""},"class_list":["post-3","page","type-page","status-publish","hentry"],"acf":[],"_links":{"self":[{"href":"https:\/\/sisu.ut.ee\/hambad\/wp-json\/wp\/v2\/pages\/3","targetHints":{"allow":["GET"]}}],"collection":[{"href":"https:\/\/sisu.ut.ee\/hambad\/wp-json\/wp\/v2\/pages"}],"about":[{"href":"https:\/\/sisu.ut.ee\/hambad\/wp-json\/wp\/v2\/types\/page"}],"author":[{"embeddable":true,"href":"https:\/\/sisu.ut.ee\/hambad\/wp-json\/wp\/v2\/users\/2"}],"replies":[{"embeddable":true,"href":"https:\/\/sisu.ut.ee\/hambad\/wp-json\/wp\/v2\/comments?post=3"}],"version-history":[{"count":2,"href":"https:\/\/sisu.ut.ee\/hambad\/wp-json\/wp\/v2\/pages\/3\/revisions"}],"predecessor-version":[{"id":108,"href":"https:\/\/sisu.ut.ee\/hambad\/wp-json\/wp\/v2\/pages\/3\/revisions\/108"}],"wp:attachment":[{"href":"https:\/\/sisu.ut.ee\/hambad\/wp-json\/wp\/v2\/media?parent=3"}],"curies":[{"name":"wp","href":"https:\/\/api.w.org\/{rel}","templated":true}]}}