{"id":6,"date":"2024-04-04T03:18:05","date_gmt":"2024-04-04T00:18:05","guid":{"rendered":"https:\/\/sisu.ut.ee\/halduroim\/juhendamised\/"},"modified":"2024-04-04T03:18:24","modified_gmt":"2024-04-04T00:18:24","slug":"juhendamised","status":"publish","type":"page","link":"https:\/\/sisu.ut.ee\/halduroim\/juhendamised\/","title":{"rendered":"Juhendamised"},"content":{"rendered":"<p><strong>Juhendatud vaitekirjad<\/strong><\/p>\n<p>Merle Kaldj\u00e4rv, doktorikraad, 2014, Riigieksamikirjandite argumentatsiooni uuring, Tallinna \u00dclikool, Kasvatusteaduste Instituut.<\/p>\n<p>Erkki Luuk, doktorikraad, 2009, The noun\/verb and predicate\/argument structures, Tartu \u00dclikool, Filosoofiateaduskond, Eesti ja \u00fcldkeeleteaduse instituut.<\/p>\n<p>Ann Veismann, doktorikraad, 2009, Eesti keele kaas- ja m\u00e4\u00e4rs\u00f5nade semantika v\u00f5imalusi, Tartu \u00dclikool.<\/p>\n<p>Meelis Mihkla, doktorikraad, 2008, (koos Einar Meisteriga) K\u00f5ne ajalise struktuuri modelleerimine eestikeelsele tekst-k\u00f5ne s\u00fcnteesile, Tartu \u00dclikool, Filosoofiateaduskond.<\/p>\n<p>Heili Orav, doktorikraad, 2006, (jkoos Urmas Sutropiga), Isiksuseomaduste s\u00f5navara semantika eesti keeles, Tartu \u00dclikool, Filosoofiateaduskond, Eesti ja soome-ugri keeleteaduse osakond.<\/p>\n<p>Krista Kerge, doktorikraad, 2003, Keele variatiivsus ja mine-tuletus allkeelte s\u00fcntaktilise keerukuse tegurina, Tallinna \u00dclikool.<\/p>\n<p>Ilona Tragel, doktorikraad, 2003, Eesti keele tuumverbid, Tartu \u00dclikool, Filosoofiateaduskond, Eesti ja soome-ugri keeleteaduse osakond.<\/p>\n<p>Silvi Tenjes, doktorikraad, 2001, Nonverbal means as regulators in communication: sociocultural perspectives, Tartu \u00dclikool, Filosoofiateaduskond, Eesti ja soome-ugri keeleteaduse osakond.<\/p>\n<p>Renate Pajusalu, doktorikraad, 1999, Deiktikud eesti keeles, Tartu \u00dclikool, Filosoofiateaduskond, Eesti ja soome-ugri keeleteaduse osakond.<\/p>\n<p><strong><\/strong><\/p>\n<p><strong>Juhendatud teadusmagistrit\u00f6\u00f6d\u00a0<\/strong><\/p>\n\n<p>Andres Loopmann, magistrikraad (teaduskraad), 2007, S\u00d5NASTIKE HALDUSS\u00dcSTEEM EELex, Tartu \u00dclikool, Filosoofiateaduskond, Eesti ja \u00fcldkeeleteaduse instituut, \u00dcldkeeleteaduse osakond, \u00dcldkeeleteaduse osakond.<\/p>\n<p>Rene Altrov, magistrikraad (teaduskraad), 2007, (koos Hille Pajupuuga) Emotsionaalse k\u00f5ne korpuse loomine eesti keele tekst-k\u00f5ne s\u00fcnteesi jaoks. Tekstimaterjali evalvatsioon viha n\u00e4itel, Tartu \u00dclikool.<\/p>\n<p>Reet Hendrikson, magistrikraad (teaduskraad), 2003, Ilukirjanduslikud liits\u00f5nalised metafoorid kognitivistliku metafooriteooria perspektiivist, Tartu \u00dclikool.<\/p>\n<p>Ann Veismann, magistrikraad (teaduskraad), 2000, Aega v\u00e4ljendavad ruumimetafoorid : teoreetiline mudel ja rakendus eesti keelele, Tartu \u00dclikool, Filosoofiateaduskond, Eesti ja soome-ugri keeleteaduse osakond.<\/p>\n<p>Kadri Vider, magistrikraad, 1999, Sagedasemad eesti verbid semantilises andmebaasis, Tartu \u00dclikool, Filosoofiateaduskond, Eesti ja soome-ugri keeleteaduse osakond.<\/p>\n<p>Ilona Tragel, magistrikraad (teaduskraad), 1999, Verbi andma kognitiivlingvistiline anal\u00fc\u00fcs, Tartu \u00dclikool, Filosoofiateaduskond, Eesti ja soome-ugri keeleteaduse osakond.<\/p>\n<p>Kadri Muischnek, magistrikraad (teaduskraad), 1998, Korpused ja nende kasutamine, Tartu \u00dclikool, Filosoofiateaduskond, Eesti ja soome-ugri keeleteaduse osakond.<\/p>\n<p>Krista Kerge, magistrikraad (teaduskraad), 1998, Vormimoodustus, s\u00f5namoodustus ja leksikon. Oleviku kesks\u00f5na v\u00f5rdluse all, Tartu \u00dclikool, Filosoofiateaduskond.<\/p>\n<p>Heili Orav, magistrikraad (teaduskraad), 1998, Eesti keele direktiivverbide semantilise v\u00e4lja struktuur tesaurusena, Tartu \u00dclikool, Filosoofiateaduskond.<\/p>\n<p>Silvi Tenjes, magistrikraad (teaduskraad), 1995, \u017destid eestikeelses dialoogis, Tartu \u00dclikool, Filosoofiateaduskond, Eesti ja soome-ugri keeleteaduse osakond.<\/p>\n","protected":false},"excerpt":{"rendered":"<p>Juhendatud vaitekirjad Merle Kaldj\u00e4rv, doktorikraad, 2014, Riigieksamikirjandite argumentatsiooni uuring, Tallinna \u00dclikool, Kasvatusteaduste Instituut. Erkki Luuk, doktorikraad, 2009, The noun\/verb and predicate\/argument structures, Tartu \u00dclikool, Filosoofiateaduskond, Eesti ja \u00fcldkeeleteaduse instituut. Ann Veismann, doktorikraad, 2009, Eesti keele kaas- ja m\u00e4\u00e4rs\u00f5nade semantika v\u00f5imalusi, &#8230;<\/p>\n","protected":false},"author":102,"featured_media":0,"parent":0,"menu_order":0,"comment_status":"closed","ping_status":"closed","template":"","meta":{"_acf_changed":false,"inline_featured_image":false,"footnotes":""},"class_list":["post-6","page","type-page","status-publish","hentry"],"acf":[],"_links":{"self":[{"href":"https:\/\/sisu.ut.ee\/halduroim\/wp-json\/wp\/v2\/pages\/6","targetHints":{"allow":["GET"]}}],"collection":[{"href":"https:\/\/sisu.ut.ee\/halduroim\/wp-json\/wp\/v2\/pages"}],"about":[{"href":"https:\/\/sisu.ut.ee\/halduroim\/wp-json\/wp\/v2\/types\/page"}],"author":[{"embeddable":true,"href":"https:\/\/sisu.ut.ee\/halduroim\/wp-json\/wp\/v2\/users\/102"}],"replies":[{"embeddable":true,"href":"https:\/\/sisu.ut.ee\/halduroim\/wp-json\/wp\/v2\/comments?post=6"}],"version-history":[{"count":1,"href":"https:\/\/sisu.ut.ee\/halduroim\/wp-json\/wp\/v2\/pages\/6\/revisions"}],"predecessor-version":[{"id":142,"href":"https:\/\/sisu.ut.ee\/halduroim\/wp-json\/wp\/v2\/pages\/6\/revisions\/142"}],"wp:attachment":[{"href":"https:\/\/sisu.ut.ee\/halduroim\/wp-json\/wp\/v2\/media?parent=6"}],"curies":[{"name":"wp","href":"https:\/\/api.w.org\/{rel}","templated":true}]}}