{"id":17,"date":"2024-04-04T03:18:06","date_gmt":"2024-04-04T00:18:06","guid":{"rendered":"https:\/\/sisu.ut.ee\/halduroim\/ajaleheartiklid\/"},"modified":"2024-04-04T03:18:23","modified_gmt":"2024-04-04T00:18:23","slug":"ajaleheartiklid","status":"publish","type":"page","link":"https:\/\/sisu.ut.ee\/halduroim\/ajaleheartiklid\/","title":{"rendered":"Ajaleheartiklid"},"content":{"rendered":"<p>Anal\u00fc\u00fcs: keeletehnoloogia tagab keele s\u00e4ilimise info\u00fchiskonnas. \u2013 Postimees 12. september, 2001.<\/p>\n\n<p>Eesti keeles peitub maailmapilt. \u2013 Eesti P\u00e4evaleht, 1995, 2. oktoober, lk 10.<\/p>\n\n<p>Keeletehnoloogia on Euroopa Liidu ametliku strateegilise programmi osa: (Balti riikide \u00fchisseminarist \u201cKeel ja tehnoloogia Euroopas aastal 2000: \u201cBalti perspektiiv\u201d\u201d: Riia). \u2013 Postimees, 1994, 30.november, lk.13.<\/p>\n\n<p>Keel ja keeletehnoloogia Euroopa Liidu vaatenurgast. \u2013 Postimees, 1994, 16. m\u00e4rts, lk.13.<\/p>\n\n<p>V\u00e4itekiri keeleteooria alalt. [NSVL TA Keeleteaduse Instituudis kaitses 28.12.1989.a. kandidaadiv\u00e4itekirja Madis Saluveer.] \u2013 Edasi 1990, 9. jaanuar.<\/p>\n\n<p>Hennoste, T., R\u00e4tsep, H., \u00d5im, H. Eesti keel ja kultuur: \u00fchest programmist. [TR\u00dc eesti keele uurimise labori t\u00f6\u00f6st.] \u2013 Edasi, 1989, 12. aprill, lk 5.<\/p>\n\n<p>Emakeele ol\u00fcmpiaad keskkooli\u00f5pilastele. Edasi 1986, 16. mai.<\/p>\n\n<p>Emakeele ol\u00fcmpiaadi tulemused. \u2013 N\u00f5ukogude \u00d5petaja 1986, 26. aprill lk 17.<\/p>\n\n<p>Raamat eesti keele struktuurist. \u2013 Sirp ja Vasar 1980, 1. mai, lk. 6.<\/p>\n\n<p>Keeleteadus ja matemaatika. \u2013 TR\u00dc, 14.III 1964, nr 7.<\/p>\n","protected":false},"excerpt":{"rendered":"<p>Anal\u00fc\u00fcs: keeletehnoloogia tagab keele s\u00e4ilimise info\u00fchiskonnas. \u2013 Postimees 12. september, 2001. Eesti keeles peitub maailmapilt. \u2013 Eesti P\u00e4evaleht, 1995, 2. oktoober, lk 10. Keeletehnoloogia on Euroopa Liidu ametliku strateegilise programmi osa: (Balti riikide \u00fchisseminarist \u201cKeel ja tehnoloogia Euroopas aastal 2000: &#8230;<\/p>\n","protected":false},"author":102,"featured_media":0,"parent":0,"menu_order":0,"comment_status":"closed","ping_status":"closed","template":"","meta":{"_acf_changed":false,"inline_featured_image":false,"footnotes":""},"class_list":["post-17","page","type-page","status-publish","hentry"],"acf":[],"_links":{"self":[{"href":"https:\/\/sisu.ut.ee\/halduroim\/wp-json\/wp\/v2\/pages\/17","targetHints":{"allow":["GET"]}}],"collection":[{"href":"https:\/\/sisu.ut.ee\/halduroim\/wp-json\/wp\/v2\/pages"}],"about":[{"href":"https:\/\/sisu.ut.ee\/halduroim\/wp-json\/wp\/v2\/types\/page"}],"author":[{"embeddable":true,"href":"https:\/\/sisu.ut.ee\/halduroim\/wp-json\/wp\/v2\/users\/102"}],"replies":[{"embeddable":true,"href":"https:\/\/sisu.ut.ee\/halduroim\/wp-json\/wp\/v2\/comments?post=17"}],"version-history":[{"count":1,"href":"https:\/\/sisu.ut.ee\/halduroim\/wp-json\/wp\/v2\/pages\/17\/revisions"}],"predecessor-version":[{"id":131,"href":"https:\/\/sisu.ut.ee\/halduroim\/wp-json\/wp\/v2\/pages\/17\/revisions\/131"}],"wp:attachment":[{"href":"https:\/\/sisu.ut.ee\/halduroim\/wp-json\/wp\/v2\/media?parent=17"}],"curies":[{"name":"wp","href":"https:\/\/api.w.org\/{rel}","templated":true}]}}