{"id":14,"date":"2024-04-04T03:18:06","date_gmt":"2024-04-04T00:18:06","guid":{"rendered":"https:\/\/sisu.ut.ee\/halduroim\/vaitekirjad\/"},"modified":"2024-04-04T03:18:23","modified_gmt":"2024-04-04T00:18:23","slug":"vaitekirjad","status":"publish","type":"page","link":"https:\/\/sisu.ut.ee\/halduroim\/vaitekirjad\/","title":{"rendered":"V\u00e4itekirjad"},"content":{"rendered":"<p><a href=\"\/wp-content\/uploads\/sites\/205\/1983_doktoritoo_autoreferaat.pdf\" target=\"_blank\" rel=\"noopener\">\u0421\u0435\u043c\u0430\u043d\u0442\u0438\u043a\u0430 \u0438 \u0442\u0435\u043e\u0440\u0438\u044f \u043f\u043e\u043d\u0438\u043c\u0430\u043d\u0438\u044f \u044f\u0437\u044b\u043a\u0430. \u0410\u043d\u0430\u043b\u0438\u0437 \u043b\u0435\u043a\u0441\u0438\u043a\u0438 \u0438 \u0442\u0435\u043a\u0441\u0442\u043e\u0432 \u0434\u0438\u0440\u0435\u043a\u0442\u0438\u0432\u043d\u043e\u0433\u043e \u043e\u0431\u0449\u0435\u043d\u0438\u044f \u044d\u0441\u0442\u043e\u043d\u0441\u043a\u043e\u0433\u043e \u044f\u0437\u044b\u043a\u0430. [Semantika ja keele m\u00f5istmise teooria. Eesti keele direktiivse suhtluse leksikoni ja tekstide anal\u00fc\u00fcs.] 10.02.07. \u0424\u0438\u043d\u043d\u043e-\u0443\u0433\u043e\u0440\u0441\u043a\u0438\u0435 \u044f\u0437\u044b\u043a\u0438, 10.02. \u041e\u0431\u0449\u0435\u0435 \u044f\u0437\u044b\u043a\u043e\u0437\u043d\u0430\u043d\u0438\u0435. \u0410\u0432\u0442\u043e\u0440\u0435\u0444\u0435\u0440\u0430\u0442 \u0434\u0438\u0441\u0441\u0435\u0440\u0442\u0430\u0446\u0438\u0438 \u043d\u0430 \u0441\u043e\u0438\u0441\u043a\u0430\u043d\u0438\u0435 \u0443\u0447\u0435\u043d\u043e\u0439 \u0441\u0442\u0435\u043f\u0435\u043d\u0438 \u0434\u043e\u043a\u0442\u043e\u0440\u0430 \u0444\u0438\u043b\u043e\u043b\u043e\u0433\u0438\u0447\u0435\u0441\u043a\u0438\u0445 \u043d\u0430\u0443\u043a. \u0422\u0430\u0440\u0442\u0443\u0441\u043a\u0438\u0439 \u0433\u043e\u0441\u0443\u0434\u0430\u0440\u0441\u0442\u0432\u0435\u043d\u043d\u044b\u0439 \u0443\u043d\u0438\u0432\u0435\u0440\u0441\u0438\u0442\u0435\u0442. \u0422\u0430\u0440\u0442\u0443, 1983. 40 \u0441.<\/a><\/p>\n\n<p>\u0421\u0435\u043c\u0430\u043d\u0442\u0438\u0447\u0435\u0441\u043a\u0430\u044f \u0441\u0442\u0440\u0443\u043a\u0442\u0443\u0440\u0430 \u0441\u043b\u043e\u0432\u0435\u0441\u043d\u044b\u0445 \u0433\u0440\u0443\u043f, \u0441\u0432\u044f\u0437\u0430\u043d\u043d\u044b\u0445 \u0441 \u043f\u043e\u043d\u044f\u0442\u0438\u0435\u043c \u043b\u0438\u0446\u0430 \u0432 \u044d\u0441\u0442\u043e\u043d\u0441\u043a\u043e\u043c \u044f\u0437\u044b\u043a\u0435. 10.661 \u2013 \u042f\u0437\u044b\u043a\u0438 \u043d\u0430\u0440\u043e\u0434\u043e\u0432 \u0421\u0421\u0421\u0420 (\u044d\u0441\u0442\u043e\u043d\u0441\u043a\u0438\u0439 \u044f\u0437\u044b\u043a). \u0410\u0432\u0442\u043e\u0440\u0435\u0444\u0435\u0440\u0430\u0442 \u0434\u0438\u0441\u0441\u0435\u0440\u0442\u0430\u0446\u0438\u0438 \u043d\u0430 \u0441\u043e\u0438\u0441\u043a\u0430\u043d\u0438\u0435 \u0443\u0447\u0435\u043d\u043e\u0439 \u0441\u0442\u0435\u043f\u0435\u043d\u0438 \u043a\u0430\u043d\u0434\u0438\u0442\u0430\u0442\u0430 \u0444\u0438\u043b\u043e\u043b\u043e\u0433\u0438\u0447\u0435\u0441\u043a\u0438\u0445 \u043d\u0430\u0443\u043a. [Isiku m\u00f5istega seotud s\u00f5nar\u00fchmade semantiline struktuur eesti keeles. Kandidaadiv\u00e4itekirja autoreferaat.] \u0422\u0430\u0440\u0442\u0443, 1970. 26 \u0441.\u00a0<\/p>\n\n<p>Isiku m\u00f5istega seotud s\u00f5nar\u00fchmade semantiline struktuur eesti keeles. V\u00e4itekiri filoloogiakandidaadi kraadi taotlemiseks. Tartu, 1970. 263 lk. [K\u00e4sikiri Tartu \u00dclikooli eesti keele \u00f5ppetoolis.] 1970<\/p>\n\n<p>Eesti keele verbide formaalsest semantilisest anal\u00fc\u00fcsist. Diplomit\u00f6\u00f6. Tartu, 1965, 125 lk. [K\u00e4sikiri Tartu \u00dclikooli eesti keele \u00f5ppetoolis.]*<\/p>\n","protected":false},"excerpt":{"rendered":"<p>\u0421\u0435\u043c\u0430\u043d\u0442\u0438\u043a\u0430 \u0438 \u0442\u0435\u043e\u0440\u0438\u044f \u043f\u043e\u043d\u0438\u043c\u0430\u043d\u0438\u044f \u044f\u0437\u044b\u043a\u0430. \u0410\u043d\u0430\u043b\u0438\u0437 \u043b\u0435\u043a\u0441\u0438\u043a\u0438 \u0438 \u0442\u0435\u043a\u0441\u0442\u043e\u0432 \u0434\u0438\u0440\u0435\u043a\u0442\u0438\u0432\u043d\u043e\u0433\u043e \u043e\u0431\u0449\u0435\u043d\u0438\u044f \u044d\u0441\u0442\u043e\u043d\u0441\u043a\u043e\u0433\u043e \u044f\u0437\u044b\u043a\u0430. [Semantika ja keele m\u00f5istmise teooria. Eesti keele direktiivse suhtluse leksikoni ja tekstide anal\u00fc\u00fcs.] 10.02.07. \u0424\u0438\u043d\u043d\u043e-\u0443\u0433\u043e\u0440\u0441\u043a\u0438\u0435 \u044f\u0437\u044b\u043a\u0438, 10.02. \u041e\u0431\u0449\u0435\u0435 \u044f\u0437\u044b\u043a\u043e\u0437\u043d\u0430\u043d\u0438\u0435. \u0410\u0432\u0442\u043e\u0440\u0435\u0444\u0435\u0440\u0430\u0442 \u0434\u0438\u0441\u0441\u0435\u0440\u0442\u0430\u0446\u0438\u0438 \u043d\u0430 \u0441\u043e\u0438\u0441\u043a\u0430\u043d\u0438\u0435 \u0443\u0447\u0435\u043d\u043e\u0439 \u0441\u0442\u0435\u043f\u0435\u043d\u0438 \u0434\u043e\u043a\u0442\u043e\u0440\u0430 \u0444\u0438\u043b\u043e\u043b\u043e\u0433\u0438\u0447\u0435\u0441\u043a\u0438\u0445 &#8230;<\/p>\n","protected":false},"author":102,"featured_media":0,"parent":0,"menu_order":0,"comment_status":"closed","ping_status":"closed","template":"","meta":{"_acf_changed":false,"inline_featured_image":false,"footnotes":""},"class_list":["post-14","page","type-page","status-publish","hentry"],"acf":[],"_links":{"self":[{"href":"https:\/\/sisu.ut.ee\/halduroim\/wp-json\/wp\/v2\/pages\/14","targetHints":{"allow":["GET"]}}],"collection":[{"href":"https:\/\/sisu.ut.ee\/halduroim\/wp-json\/wp\/v2\/pages"}],"about":[{"href":"https:\/\/sisu.ut.ee\/halduroim\/wp-json\/wp\/v2\/types\/page"}],"author":[{"embeddable":true,"href":"https:\/\/sisu.ut.ee\/halduroim\/wp-json\/wp\/v2\/users\/102"}],"replies":[{"embeddable":true,"href":"https:\/\/sisu.ut.ee\/halduroim\/wp-json\/wp\/v2\/comments?post=14"}],"version-history":[{"count":1,"href":"https:\/\/sisu.ut.ee\/halduroim\/wp-json\/wp\/v2\/pages\/14\/revisions"}],"predecessor-version":[{"id":134,"href":"https:\/\/sisu.ut.ee\/halduroim\/wp-json\/wp\/v2\/pages\/14\/revisions\/134"}],"wp:attachment":[{"href":"https:\/\/sisu.ut.ee\/halduroim\/wp-json\/wp\/v2\/media?parent=14"}],"curies":[{"name":"wp","href":"https:\/\/api.w.org\/{rel}","templated":true}]}}