{"id":9,"date":"2024-04-04T09:13:02","date_gmt":"2024-04-04T06:13:02","guid":{"rendered":"https:\/\/sisu.ut.ee\/gys\/avaleht\/"},"modified":"2024-11-03T12:00:42","modified_gmt":"2024-11-03T10:00:42","slug":"avaleht","status":"publish","type":"page","link":"https:\/\/sisu.ut.ee\/gys\/","title":{"rendered":""},"content":{"rendered":"<p style=\"width: 80%; margin-left: 10%; text-align: justify;\"><span style=\"font-size: 16px;\"><strong>Geoteaduste \u00dcli\u00f5pilaste Selts<\/strong> ehk G\u00dcS loodi 2023. aasta oktoobris, kui kamp ettev\u00f5tlikke geoloogia tudengeid leidis, et ka geoloogidel ja keskkonnatehnoloogidel peaks olema p\u00e4ris oma selts. Selts sai loodud eesm\u00e4rgiga populariseerida geoteadusi, t\u00f5sta keskkonnateadlikkust ning edendada koost\u00f6\u00f6d erinevate organisatsioonide ja asutustega. N\u00e4iteks pakub Geoteaduste \u00dcli\u00f5pilaste Selts erinevaid geoteadustega seonduvaid loenguid ning t\u00f6\u00f6tube nii lasteaedadele, p\u00f5hikoolidele kui ka keskkoolidele. Lisaks soovime arendada \u00fcli\u00f5pilaste erialaseid oskusi ja geoteaduste \u00f5ppekavasid. Seltsiga liitujatel on v\u00f5imalus osa saada p\u00f5nevatest \u00fcritustest\u00a0 ning panustada seltsi tegevusse, saades oskusi, mis eluteel m\u00f6\u00f6da k\u00fclgi maha ei jookse. G\u00dcS on ideaalne keskkond kestvate s\u00f5prussuhete ja p\u00f5nevate m\u00e4lestuste loomiseks, mis j\u00e4\u00e4vad meelde kogu eluks.\u00a0<\/span><\/p>\n<p style=\"text-align: center; width: 80%; margin-left: 10%;\"><strong><span style=\"font-size: 16px;\">Kui see sind k\u00f5netab, siis tule ja liitu G\u00dcSiga!<\/span><\/strong><\/p>\n","protected":false},"excerpt":{"rendered":"<p>Geoteaduste \u00dcli\u00f5pilaste Selts ehk G\u00dcS loodi 2023. aasta oktoobris, kui kamp ettev\u00f5tlikke geoloogia tudengeid leidis, et ka geoloogidel ja keskkonnatehnoloogidel peaks olema p\u00e4ris oma selts. Selts sai loodud eesm\u00e4rgiga populariseerida geoteadusi, t\u00f5sta keskkonnateadlikkust ning edendada koost\u00f6\u00f6d erinevate organisatsioonide ja asutustega. &#8230;<\/p>\n","protected":false},"author":334,"featured_media":0,"parent":0,"menu_order":0,"comment_status":"closed","ping_status":"closed","template":"","meta":{"_acf_changed":false,"inline_featured_image":false,"footnotes":""},"class_list":["post-9","page","type-page","status-publish","hentry"],"acf":[],"_links":{"self":[{"href":"https:\/\/sisu.ut.ee\/gys\/wp-json\/wp\/v2\/pages\/9","targetHints":{"allow":["GET"]}}],"collection":[{"href":"https:\/\/sisu.ut.ee\/gys\/wp-json\/wp\/v2\/pages"}],"about":[{"href":"https:\/\/sisu.ut.ee\/gys\/wp-json\/wp\/v2\/types\/page"}],"author":[{"embeddable":true,"href":"https:\/\/sisu.ut.ee\/gys\/wp-json\/wp\/v2\/users\/334"}],"replies":[{"embeddable":true,"href":"https:\/\/sisu.ut.ee\/gys\/wp-json\/wp\/v2\/comments?post=9"}],"version-history":[{"count":6,"href":"https:\/\/sisu.ut.ee\/gys\/wp-json\/wp\/v2\/pages\/9\/revisions"}],"predecessor-version":[{"id":114,"href":"https:\/\/sisu.ut.ee\/gys\/wp-json\/wp\/v2\/pages\/9\/revisions\/114"}],"wp:attachment":[{"href":"https:\/\/sisu.ut.ee\/gys\/wp-json\/wp\/v2\/media?parent=9"}],"curies":[{"name":"wp","href":"https:\/\/api.w.org\/{rel}","templated":true}]}}