{"id":8,"date":"2024-04-04T09:13:02","date_gmt":"2024-04-04T06:13:02","guid":{"rendered":"https:\/\/sisu.ut.ee\/gys\/toogrupid\/"},"modified":"2025-09-12T13:48:31","modified_gmt":"2025-09-12T10:48:31","slug":"toogrupid","status":"publish","type":"page","link":"https:\/\/sisu.ut.ee\/gys\/toogrupid\/","title":{"rendered":"T\u00f6\u00f6grupid"},"content":{"rendered":"<p>Seltsielu edendamiseks ja meie tegevuste t\u00f5husamaks toimimiseks on Seltsi loodud kolm t\u00f6\u00f6gruppi; \u00fcrituste, hariduse ning meedia toogrupid. T\u00f6\u00f6gruppide \u00fclesannete ning t\u00f6\u00f6gruppide liikmete tegevuste eest vastutavad t\u00f6\u00f6gruppide juhid.<\/p>\n<hr>\n<p>\u00dcrituste t\u00f6\u00f6grupp<br>\njuht: Liisi Brett<\/p>\n<p>Meie oleme \u00fcrituste t\u00f6\u00f6grupp. Meie eesm\u00e4rgiks on korraldada \u00fcritusi ja meeldej\u00e4\u00e4vaid koosviibimisi. Oleme p\u00fchendunud sellele, et pakkuda seltsi liikmetele meelelahutust ning luua \u00fcritusi mis \u00fchendaksid inimesi.<\/p>\n<hr>\n<p>Hariduse t\u00f6\u00f6grupp<br>\njuht: Rhea K\u00f5ivutalu<\/p>\n<p>Hariduse t\u00f6\u00f6grupi eesm\u00e4rk on populariseerida geoloogiat ja keskkonnatehnoloogiat ning tagada hea \u00f5ppekvaliteet nendel erialadel. Korraldame ja osaleme geoteadustega seotud \u00fcritustel, teeme uuringuid \u00f5ppekavade kohta ning tulevikus proovime ka korraldada t\u00f6\u00f6tubasid noorematele.<\/p>\n<hr>\n<p>Meedia t\u00f6\u00f6grupp<br>\njuht: Anette Merivee<\/p>\n<p>Meedia t\u00f6\u00f6grupi s\u00e4rasilmsete liikmete peamised \u00fclesanded on hallata Seltsi \u00fchismeediakanaleid ning j\u00e4\u00e4dvustada meie olemisi ja tegemisi. Promome meie \u00fcritusi ning hoiame laiemat avalikkust meie tegevustega kursis.<\/p>\n","protected":false},"excerpt":{"rendered":"<p>Seltsielu edendamiseks ja meie tegevuste t\u00f5husamaks toimimiseks on Seltsi loodud kolm t\u00f6\u00f6gruppi; \u00fcrituste, hariduse ning meedia toogrupid. T\u00f6\u00f6gruppide \u00fclesannete ning t\u00f6\u00f6gruppide liikmete tegevuste eest vastutavad t\u00f6\u00f6gruppide juhid. \u00dcrituste t\u00f6\u00f6grupp juht: Liisi Brett Meie oleme \u00fcrituste t\u00f6\u00f6grupp. Meie eesm\u00e4rgiks on korraldada &#8230;<\/p>\n","protected":false},"author":334,"featured_media":0,"parent":0,"menu_order":0,"comment_status":"closed","ping_status":"closed","template":"","meta":{"_acf_changed":false,"inline_featured_image":false,"footnotes":""},"class_list":["post-8","page","type-page","status-publish","hentry"],"acf":[],"_links":{"self":[{"href":"https:\/\/sisu.ut.ee\/gys\/wp-json\/wp\/v2\/pages\/8","targetHints":{"allow":["GET"]}}],"collection":[{"href":"https:\/\/sisu.ut.ee\/gys\/wp-json\/wp\/v2\/pages"}],"about":[{"href":"https:\/\/sisu.ut.ee\/gys\/wp-json\/wp\/v2\/types\/page"}],"author":[{"embeddable":true,"href":"https:\/\/sisu.ut.ee\/gys\/wp-json\/wp\/v2\/users\/334"}],"replies":[{"embeddable":true,"href":"https:\/\/sisu.ut.ee\/gys\/wp-json\/wp\/v2\/comments?post=8"}],"version-history":[{"count":3,"href":"https:\/\/sisu.ut.ee\/gys\/wp-json\/wp\/v2\/pages\/8\/revisions"}],"predecessor-version":[{"id":394,"href":"https:\/\/sisu.ut.ee\/gys\/wp-json\/wp\/v2\/pages\/8\/revisions\/394"}],"wp:attachment":[{"href":"https:\/\/sisu.ut.ee\/gys\/wp-json\/wp\/v2\/media?parent=8"}],"curies":[{"name":"wp","href":"https:\/\/api.w.org\/{rel}","templated":true}]}}