{"id":5,"date":"2024-04-04T09:13:01","date_gmt":"2024-04-04T06:13:01","guid":{"rendered":"https:\/\/sisu.ut.ee\/gys\/kontakt\/"},"modified":"2024-10-24T13:36:38","modified_gmt":"2024-10-24T10:36:38","slug":"kontakt","status":"publish","type":"page","link":"https:\/\/sisu.ut.ee\/gys\/kontakt\/","title":{"rendered":"Kontakt"},"content":{"rendered":"<p>Soovid meiega \u00fchendust v\u00f5tta?<\/p>\n<p><span style=\"font-size: 14px;\">Kirjuta meile julgelt (geoteadusteyliopilasteselts@gmail.com) v\u00f5i otsi meid \u00fcles <a title=\"\" href=\"https:\/\/www.facebook.com\/gysselts\" data-url=\"https:\/\/www.facebook.com\/gysselts\">Facebookist\u00a0<\/a> ja <a href=\"https:\/\/www.instagram.com\/gysselts\/\">Instagramist<\/a>.<\/span><\/p>\n<p><span style=\"font-size: 14px;\">Kontonumber:\u00a0EE697700771009704160 (LHV)<\/span><\/p>\n<p><span style=\"font-size: 14px;\">Saaja nimi:\u00a0Geoteaduste \u00dcli\u00f5pilaste Selts<\/span><\/p>\n<p>Selts pesitseb Tartu \u00dclikooli Chemicumi hoones (Ravila 14a)<\/p>\n","protected":false},"excerpt":{"rendered":"<p>Soovid meiega \u00fchendust v\u00f5tta? Kirjuta meile julgelt (geoteadusteyliopilasteselts@gmail.com) v\u00f5i otsi meid \u00fcles Facebookist\u00a0 ja Instagramist. Kontonumber:\u00a0EE697700771009704160 (LHV) Saaja nimi:\u00a0Geoteaduste \u00dcli\u00f5pilaste Selts Selts pesitseb Tartu \u00dclikooli Chemicumi hoones (Ravila 14a)<\/p>\n","protected":false},"author":334,"featured_media":0,"parent":0,"menu_order":0,"comment_status":"closed","ping_status":"closed","template":"","meta":{"_acf_changed":false,"inline_featured_image":false,"footnotes":""},"class_list":["post-5","page","type-page","status-publish","hentry"],"acf":[],"_links":{"self":[{"href":"https:\/\/sisu.ut.ee\/gys\/wp-json\/wp\/v2\/pages\/5","targetHints":{"allow":["GET"]}}],"collection":[{"href":"https:\/\/sisu.ut.ee\/gys\/wp-json\/wp\/v2\/pages"}],"about":[{"href":"https:\/\/sisu.ut.ee\/gys\/wp-json\/wp\/v2\/types\/page"}],"author":[{"embeddable":true,"href":"https:\/\/sisu.ut.ee\/gys\/wp-json\/wp\/v2\/users\/334"}],"replies":[{"embeddable":true,"href":"https:\/\/sisu.ut.ee\/gys\/wp-json\/wp\/v2\/comments?post=5"}],"version-history":[{"count":2,"href":"https:\/\/sisu.ut.ee\/gys\/wp-json\/wp\/v2\/pages\/5\/revisions"}],"predecessor-version":[{"id":97,"href":"https:\/\/sisu.ut.ee\/gys\/wp-json\/wp\/v2\/pages\/5\/revisions\/97"}],"wp:attachment":[{"href":"https:\/\/sisu.ut.ee\/gys\/wp-json\/wp\/v2\/media?parent=5"}],"curies":[{"name":"wp","href":"https:\/\/api.w.org\/{rel}","templated":true}]}}