{"id":4,"date":"2024-04-04T09:13:01","date_gmt":"2024-04-04T06:13:01","guid":{"rendered":"https:\/\/sisu.ut.ee\/gys\/dokumendid\/"},"modified":"2024-04-11T13:03:15","modified_gmt":"2024-04-11T10:03:15","slug":"dokumendid","status":"publish","type":"page","link":"https:\/\/sisu.ut.ee\/gys\/dokumendid\/","title":{"rendered":"MITTETULUNDUS\u00dcHINGU GEOTEADUSTE \u00dcLI\u00d5PILASTE SELTS\u00a0 P\u00d5HIKIRI\u00a0"},"content":{"rendered":"<p dir=\"ltr\"><strong>I \u00dcLDS\u00c4TTED\u00a0<\/strong><\/p>\n<p dir=\"ltr\">1.1. Mittetulundus\u00fching Geoteaduste \u00dcli\u00f5pilaste Selts (edaspidi Selts) on avalikes\u00a0 huvides tegutsev juriidiliste ja f\u00fc\u00fcsiliste isikute vabatahtlik \u00fchendus.<\/p>\n<p dir=\"ltr\">1.2. Seltsi asukoht on Tartu maakond, Tartu linn.<\/p>\n<p dir=\"ltr\">1.3. Selts on s\u00f5ltumatu organisatsioon ja ei ole \u00fchegi teise organisatsiooni sektsioon.<\/p>\n<p dir=\"ltr\">1.4 Selts tegutseb EV Mittetulundus\u00fchingute seaduse ja k\u00e4esoleva p\u00f5hikirja alusel.<\/p>\n<p dir=\"ltr\">1.5. Seltsi eesm\u00e4rkideks on:<\/p>\n<p dir=\"ltr\" style=\"margin-left: 40px;\">1.5.1. Geoteaduste populariseerimine;<\/p>\n<p dir=\"ltr\" style=\"margin-left: 40px;\">1.5.2. Keskkonnateadlikkuse t\u00f5stmine;<\/p>\n<p dir=\"ltr\" style=\"margin-left: 40px;\">1.5.3. Koost\u00f6\u00f6 erinevate erialastes organisatsioonidega, k\u00f5rgharidusasutuste,\u00a0 era- ja riigiasutustega;<\/p>\n<p dir=\"ltr\" style=\"margin-left: 40px;\">1.5.4. Erialaste oskuste arendamine;<\/p>\n<p dir=\"ltr\" style=\"margin-left: 40px;\">1.5.5. Geoteaduste \u00f5ppekavade arendamine.<\/p>\n<p dir=\"ltr\">1.6. Oma eesm\u00e4rkide saavutamiseks Selts:<\/p>\n<p dir=\"ltr\" style=\"margin-left: 40px;\">1.6.1. Korraldab geoteadustealaseid ja oma eesm\u00e4rkidele vastavaid \u00fcritusi;<\/p>\n<p dir=\"ltr\" style=\"margin-left: 40px;\">1.6.2. Loob ja arendab koost\u00f6\u00f6d sarnaseid eesm\u00e4rke j\u00e4rgivate \u00fcksikisikute ja\u00a0 organisatsioonidega;<\/p>\n<p dir=\"ltr\" style=\"margin-left: 40px;\">1.6.3. Osaleb valdkonna k\u00f5rgkoolide ja muude \u00f5ppeasutuste, teadus- ja\u00a0 arendusasutuste ning muude isikute poolt algatatud geoteaduste \u00f5ppimise\u00a0 arendamisele, uuringutele, \u00f5petamisele ja populariseerimisele suunatud\u00a0 koost\u00f6\u00f6projektides;<\/p>\n<p dir=\"ltr\" style=\"margin-left: 40px;\">1.6.4. Hangib ja taotleb oma tegevuseks vajalikke finantsvahendeid;<\/p>\n<p dir=\"ltr\" style=\"margin-left: 40px;\">1.6.5. Seltsi liikmetele erialaste tutvuste, praktikate ja t\u00f6\u00f6kohtade otsimine ning\u00a0 levitamine.<\/p>\n<p dir=\"ltr\"><strong>II SELTSI LIIKMEKS VASTUV\u00d5TMISE NING SELTSIST\u00a0 V\u00c4LJAASTUMISE NING V\u00c4LJAARVAMISE KORD JA TINGIMUSED<\/strong><\/p>\n<p dir=\"ltr\">2.1. Seltsi liikmed on geoteaduste \u00fcli\u00f5pilased, vilistlased ja toetajad, kes vastavad liikmetele esitatavatele n\u00f5uetele, n\u00f5ustuvad Seltsi eesm\u00e4rkidega ning on n\u00f5us t\u00e4itma\u00a0 Seltsi p\u00f5hikirja ning \u00fcldkoosoleku ja juhatuse otsuseid.<\/p>\n<p dir=\"ltr\">2.2. Seltsi liikmestaatused on tegevliige ja toetajaliige.<\/p>\n<p dir=\"ltr\">2.3. Seltsi liikmeks saada soovija peab esitama kirjaliku avalduse juhatusele, kes hiljemalt \u00fche kuu jooksul avalduse saamisest teeb liikmeks vastuv\u00f5tmise v\u00f5i sellest keeldumise otsuse ning teeb selle teatavaks avalduse esitanud isikule.<\/p>\n<p dir=\"ltr\" style=\"margin-left: 40px;\">2.3.1. Tegevliikmeks saab kandideerida k\u00f5rgkooli immatrikuleeritud \u00fcli\u00f5pilane, kes on osalenud aasta jooksul v\u00e4hemalt \u00fchel Seltsi \u00fcritusel.<\/p>\n<p dir=\"ltr\" style=\"margin-left: 40px;\">2.3.2. Toetajaliikmeks saab kandideerida iga isik, kes on huvitatud seltsi eesm\u00e4rkide toetamisest.<\/p>\n<p dir=\"ltr\" style=\"margin-left: 80px;\">2.3.2.1. Toetajaliikmeks saab automaatselt k\u00f5rgkooli l\u00f5petanud\u00a0 tegevliige.<\/p>\n<p dir=\"ltr\">2.4. Seltsi liikmeks saada soovija tasub Seltsile k\u00e4esoleva majandusaasta liikmemaksu.<\/p>\n<p dir=\"ltr\">2.5. Liikmemaksu tasuvad k\u00f5ik Seltsi liikmed.<\/p>\n<p dir=\"ltr\">2.6. K\u00f5ik Seltsi liikmed v\u00f5ivad Seltsist v\u00e4lja astuda kirjaliku avalduse alusel.<\/p>\n<p dir=\"ltr\">2.7. Seltsi juhatus v\u00f5ib Seltsist v\u00e4lja arvata liikme, kelle tegevust ta hindab vastuk\u00e4ivaks\u00a0 Seltsi eesm\u00e4rkidele v\u00f5i Seltsi p\u00f5hikirjas esitatut eiravaks, v\u00f5i kes pole tasunud\u00a0 liikmemaksu etten\u00e4htud t\u00e4htajaks.<\/p>\n<p dir=\"ltr\">2.8. Seltsi juhatus teatab viivitamatult v\u00e4ljaarvatavale v\u00e4ljaarvamise otsusest ja selle\u00a0 p\u00f5hjusest. V\u00e4ljaarvataval on \u00f5igus esitada k\u00fcsimus l\u00e4bivaatamiseks \u00fcldkoosolekule.<\/p>\n<p dir=\"ltr\"><strong>III LIIKMETE \u00d5IGUSED JA KOHUSTUSED<\/strong><\/p>\n<p dir=\"ltr\">3.1. Seltsi liikmetel on \u00f5igus:<\/p>\n<p dir=\"ltr\" style=\"margin-left: 40px;\">\u2013 v\u00f5tta osa k\u00f5igist Seltsi korraldatavatest \u00fcritustest;<\/p>\n<p dir=\"ltr\" style=\"margin-left: 40px;\">\u2013 v\u00f5tta osa s\u00f5na- ja h\u00e4\u00e4le\u00f5igusega \u00fcldkoosolekust;<\/p>\n<p dir=\"ltr\" style=\"margin-left: 40px;\">\u2013 saada teavet Seltsi tegevuse kohta;<\/p>\n<p dir=\"ltr\" style=\"margin-left: 40px;\">\u2013 astuda Seltsist v\u00e4lja;<\/p>\n<p dir=\"ltr\" style=\"margin-left: 40px;\">\u2013 olla valitud Seltsi juhtorganitesse.<\/p>\n<p dir=\"ltr\">3.2. Seltsi liikmetel on kohustus:<\/p>\n<p dir=\"ltr\" style=\"margin-left: 40px;\">\u2013 tunnustada Seltsi eesm\u00e4rke ning j\u00e4rgida Seltsi tegevuses osalemisel p\u00f5hikirja ning\u00a0 \u00fcldkoosoleku ja juhatuse otsuseid;<\/p>\n<p dir=\"ltr\" style=\"margin-left: 40px;\">\u2013 tasuda Seltsi liikmemaksu.<\/p>\n<p dir=\"ltr\"><strong>IV \u00dcLDKOOSOLEK<\/strong><\/p>\n<p dir=\"ltr\">4.1. Seltsi k\u00f5rgeimaks organiks on Seltsi \u00fcldkoosolek, kus igal Seltsi liikmel on \u00fcks\u00a0 h\u00e4\u00e4l.<\/p>\n<p dir=\"ltr\">4.2. \u00dcldkoosoleku p\u00e4devus:<\/p>\n<p dir=\"ltr\" style=\"margin-left: 40px;\">\u2013 Seltsi p\u00f5hikirja muutmine;<\/p>\n<p dir=\"ltr\" style=\"margin-left: 40px;\">\u2013 Seltsi eesm\u00e4rgi muutmine;<\/p>\n<p dir=\"ltr\" style=\"margin-left: 40px;\">\u2013 Juhatuse liikmete m\u00e4\u00e4ramine ja tagasikutsumine;<\/p>\n<p dir=\"ltr\" style=\"margin-left: 40px;\">\u2013 Muude k\u00fcsimuste otsustamine, mida ei ole seaduse v\u00f5i p\u00f5hikirjaga antud teiste\u00a0 organite p\u00e4devusse.<\/p>\n<p dir=\"ltr\">4.3. \u00dcldkoosolek on otsustusv\u00f5imeline kui sellest v\u00f5tab osa v\u00e4hemalt 25% Seltsi\u00a0 liikmetest. Kui \u00fcldkoosolekul ei ole esindatud v\u00e4hemalt 25% Seltsi liikmetest, kutsub\u00a0 juhatus kokku sama p\u00e4evakorraga uue \u00fcldkoosoleku k\u00f5ige varem 7 p\u00e4eva ja k\u00f5ige\u00a0hiljem kolme kuu jooksul. Uus \u00fcldkoosolek on p\u00e4dev vastu v\u00f5tma otsuseid s\u00f5ltumata\u00a0 koosolekul esindatud liikmete arvust.<\/p>\n<p dir=\"ltr\">4.4. K\u00fcsimuse, mida ei olnud eelnevalt \u00fcldkoosoleku p\u00e4evakorda v\u00f5etud, v\u00f5ib\u00a0 p\u00e4evakorda v\u00f5tta, kui \u00fcldkoosolekul osalevad k\u00f5ik mittetulundus\u00fchingu liikmed,\u00a0 v\u00f5i v\u00e4hemalt 90% \u00fcldkoosolekul osalevate liikmete n\u00f5usolekul, kui \u00fcldkoosolekul\u00a0 osaleb \u00fcle poole mittetulundus\u00fchingu liikmetest.<\/p>\n<p dir=\"ltr\">4.5. Seltsi \u00fcldkoosolek peetakse v\u00e4hemalt \u00fcks kord kalendriaasta jooksul. \u00dcldkoosolek\u00a0 kutsutakse kokku, kui Seltsi juhatus leiab selle vajaliku olevat v\u00f5i v\u00e4hemalt 10%\u00a0 Seltsi liikmeist palub p\u00f5hjendatult Seltsi juhatusel seda teha.<\/p>\n<p dir=\"ltr\">4.6. Juhatus informeerib oma liikmeid hiljemalt kaks n\u00e4dalat enne \u00fcldkoosoleku\u00a0 toimumisp\u00e4eva \u00fcldkoosoleku toimumisajast ja -kohast ning p\u00e4evakorrast kirjalikku\u00a0 taasesitamist v\u00f5imaldavas vormis.<\/p>\n<p dir=\"ltr\">4.7. Kui Seltsi liige soovib mingi k\u00fcsimuse vaatluse alla v\u00f5tmist j\u00e4rgmisel\u00a0 \u00fcldkoosolekul, peab ta sellest kirjalikult teatama Seltsi juhatusele enne\u00a0 \u00fcldkoosoleku kokkukutsumise teate saatmist.<\/p>\n<p dir=\"ltr\">4.8. Seltsi \u00fcldkoosolekust v\u00f5ivad h\u00e4\u00e4le\u00f5igusega osa v\u00f5tta k\u00f5ik Seltsi liikmed. Igal\u00a0 h\u00e4\u00e4le\u00f5iguslikul isikul on ainult \u00fcks h\u00e4\u00e4l. Seltsi liige v\u00f5ib volitada teist Seltsi liiget\u00a0 h\u00e4\u00e4letama tema eest lihtkirjaliku volikirjaga. \u00dchel liikmel v\u00f5ib olla maksimaalselt\u00a0 \u00fcks volitus.<\/p>\n<p dir=\"ltr\">4.9. Juhtudel, milliste kohta allpool v\u00f5i seaduses pole s\u00e4testatud teisiti, loetakse\u00a0 \u00fcldkoosoleku otsus vastuv\u00f5etuks, kui selle poolt h\u00e4\u00e4letab \u00fcle poole \u00fcldkoosolekul\u00a0 osalevatest v\u00f5i esindatud Seltsi liikmetest.<\/p>\n<p dir=\"ltr\"><strong>V SELTSI JUHATUS<\/strong><\/p>\n<p dir=\"ltr\">5.1. Seltsi igap\u00e4evast tegevust juhib ja esindab juhatus, kuhu kuulub kolm kuni \u00fcheksa\u00a0 liiget.<\/p>\n<p dir=\"ltr\">5.2. Juhatuse p\u00e4devusse kuulub:<\/p>\n<p dir=\"ltr\" style=\"margin-left: 40px;\">\u2013 Seltsi igap\u00e4evategevuse korraldamine;<\/p>\n<p dir=\"ltr\" style=\"margin-left: 40px;\">\u2013 Seltsi liikmete arvestuse pidamine ja liikmemaksude kogumine;<\/p>\n<p dir=\"ltr\" style=\"margin-left: 40px;\">\u2013 Seltsi tegevuskava ja eelarve koostamine;<\/p>\n<p dir=\"ltr\" style=\"margin-left: 40px;\">\u2013 majandusaasta aruande koostamise ja raamatupidamise korraldamine;<\/p>\n<p dir=\"ltr\" style=\"margin-left: 40px;\">\u2013 liikmemaksu suuruse \u00fcle otsustamine;<\/p>\n<p dir=\"ltr\" style=\"margin-left: 40px;\">\u2013 Seltsi vara kasutamine ja k\u00e4sutamine vastavalt seaduse, k\u00e4esoleva p\u00f5hikirja ja\u00a0 \u00fcldkoosoleku otsustest tulenevatele n\u00f5uetele.<\/p>\n<p dir=\"ltr\">5.3. \u00dcldkoosolek valib juhatuse liikmed Seltsi liikmete hulgast. Juhatuse liige osutub\u00a0 valituks, kui tema poolt h\u00e4\u00e4letab \u00fcle poole \u00fcldkoosolekul osalevatest v\u00f5i esindatud\u00a0 Seltsi liikmetest. Juhatus valitakse \u00fcheks aastaks.<\/p>\n<p dir=\"ltr\">5.4. Juhatus esindab Seltsi k\u00f5igis \u00f5igustoimingutes.<\/p>\n<p dir=\"ltr\">5.5. Seltsi v\u00f5ib esindada k\u00f5igis \u00f5igustoimingutes iga juhatuse liige eraldi.<\/p>\n<p dir=\"ltr\">5.6. Juhatuse liikme v\u00f5ib Seltsi \u00fcldkoosoleku otsusega igal ajal tagasi kutsuda\u00a0 s\u00f5ltumata p\u00f5hjusest.<\/p>\n<p dir=\"ltr\">5.7. Juhatuse koosoleku kutsub kokku juhatuse esimees, tema aset\u00e4itja v\u00f5i v\u00e4hemalt\u00a0 1\/3 juhatuse liikmeist.<\/p>\n<p dir=\"ltr\">5.8. Juhatus on otsustusv\u00f5imeline, kui kohal on \u00fcle poole juhatuse liikmetest.<\/p>\n<p dir=\"ltr\">5.9. Juhatus v\u00f5ib otsuseid vastu v\u00f5tta koosolekut kokku kutsumata, kui selle poolt\u00a0 h\u00e4\u00e4letavad kirjalikku taasesitamist v\u00f5imaldaval viisil k\u00f5ik juhatuse liikmed.<\/p>\n<p dir=\"ltr\">5.10. Juhatuse kokkukutsujal on \u00f5igus omal \u00e4ran\u00e4gemisel paluda koosolekust osa v\u00f5tma\u00a0 vajalikke asjatundjaid konsultantidena v\u00f5i ekspertidena, kellel on koosolekul\u00a0 s\u00f5na\u00f5igus.<\/p>\n<p dir=\"ltr\">5.11. Juhatus v\u00f5tab t\u00f6\u00f6le ja vabastab t\u00f6\u00f6lt Seltsi palgalised t\u00f6\u00f6tajad.<\/p>\n<p dir=\"ltr\"><strong>VI KONTROLLORGANID\u00a0<\/strong><\/p>\n<p dir=\"ltr\">6.1 Kontrolli Seltsi finantsmajandusliku tegevuse \u00fcle teostab revident, kes fikseerib\u00a0 omapoolse aruande raamatupidamise kohta Seltsis vastavalt vajadusele.<\/p>\n<p dir=\"ltr\"><strong>VII MAJANDUSTEGEVUS\u00a0<\/strong><\/p>\n<p dir=\"ltr\">7.1. Seltsi majandusaasta on 1. jaanuarist 31. detsembrini. Majandusliku tegevuse\u00a0 aruanne m\u00f6\u00f6dunud aasta kohta tuleb teha liikmetele tutvumiseks k\u00e4ttesaadavaks\u00a0 hiljemalt kaks n\u00e4dalat enne Seltsi korralist koosolekut.<\/p>\n<p dir=\"ltr\"><strong>VIII \u00dcHINEMINE, JAGUNEMINE, LIKVIDEERIMINE\u00a0<\/strong><\/p>\n<p dir=\"ltr\">8.1. Seltsi \u00fchinemine, jagunemine ja likvideerimine toimub seaduses s\u00e4testatud korras.<\/p>\n<p dir=\"ltr\">8.2. \u00dchenduse likvideerijad on juhatuse liikmed v\u00f5i \u00fcldkoosoleku poolt m\u00e4\u00e4ratud\u00a0 isikud.<\/p>\n<p dir=\"ltr\">8.3. Seltsi l\u00f5petamisel antakse p\u00e4rast v\u00f5lausaldajate n\u00f5uete rahuldamist allesj\u00e4\u00e4nud vara\u00a0 \u00fcle tulumaksusoodustusega mittetulundus\u00fchingute ja sihtasutuste nimekirja liikmele,\u00a0 avalik-\u00f5iguslikule juriidilisele isikule, sh riigile v\u00f5i kohalikule omavalitsus\u00fcksusele.<\/p>\n<p dir=\"ltr\">P\u00f5hikiri on vastu v\u00f5etud 06.10.2023<\/p>\n<p dir=\"ltr\">Asutajad:<\/p>\n<p dir=\"ltr\">Astrid J\u00f5erand<\/p>\n<p dir=\"ltr\">Eelika Kiil<\/p>\n<p dir=\"ltr\">Georg Rahu<\/p>\n<p dir=\"ltr\">Johanna Maria Ojap<\/p>\n<p dir=\"ltr\">Krete Roop\u00f5ld<\/p>\n<p dir=\"ltr\">Markus Ausmeel<\/p>\n<p dir=\"ltr\">Martin Aava<\/p>\n<p dir=\"ltr\">Martin Riives<\/p>\n<p dir=\"ltr\">Richard Pihel<\/p>\n","protected":false},"excerpt":{"rendered":"<p>I \u00dcLDS\u00c4TTED\u00a0 1.1. Mittetulundus\u00fching Geoteaduste \u00dcli\u00f5pilaste Selts (edaspidi Selts) on avalikes\u00a0 huvides tegutsev juriidiliste ja f\u00fc\u00fcsiliste isikute vabatahtlik \u00fchendus. 1.2. Seltsi asukoht on Tartu maakond, Tartu linn. 1.3. Selts on s\u00f5ltumatu organisatsioon ja ei ole \u00fchegi teise organisatsiooni sektsioon. 1.4 &#8230;<\/p>\n","protected":false},"author":334,"featured_media":0,"parent":0,"menu_order":0,"comment_status":"closed","ping_status":"closed","template":"","meta":{"_acf_changed":false,"inline_featured_image":false,"footnotes":""},"class_list":["post-4","page","type-page","status-publish","hentry"],"acf":[],"_links":{"self":[{"href":"https:\/\/sisu.ut.ee\/gys\/wp-json\/wp\/v2\/pages\/4","targetHints":{"allow":["GET"]}}],"collection":[{"href":"https:\/\/sisu.ut.ee\/gys\/wp-json\/wp\/v2\/pages"}],"about":[{"href":"https:\/\/sisu.ut.ee\/gys\/wp-json\/wp\/v2\/types\/page"}],"author":[{"embeddable":true,"href":"https:\/\/sisu.ut.ee\/gys\/wp-json\/wp\/v2\/users\/334"}],"replies":[{"embeddable":true,"href":"https:\/\/sisu.ut.ee\/gys\/wp-json\/wp\/v2\/comments?post=4"}],"version-history":[{"count":3,"href":"https:\/\/sisu.ut.ee\/gys\/wp-json\/wp\/v2\/pages\/4\/revisions"}],"predecessor-version":[{"id":64,"href":"https:\/\/sisu.ut.ee\/gys\/wp-json\/wp\/v2\/pages\/4\/revisions\/64"}],"wp:attachment":[{"href":"https:\/\/sisu.ut.ee\/gys\/wp-json\/wp\/v2\/media?parent=4"}],"curies":[{"name":"wp","href":"https:\/\/api.w.org\/{rel}","templated":true}]}}