{"id":3,"date":"2024-04-04T09:13:01","date_gmt":"2024-04-04T06:13:01","guid":{"rendered":"https:\/\/sisu.ut.ee\/gys\/liitumine\/"},"modified":"2024-04-04T09:13:33","modified_gmt":"2024-04-04T06:13:33","slug":"liitumine","status":"publish","type":"page","link":"https:\/\/sisu.ut.ee\/gys\/liitumine\/","title":{"rendered":"Liitumine"},"content":{"rendered":"<p>\n\tSoovid Seltsiga liituda?\n<\/p>\n<p>\n\tSelleks pole vaja muud kui:\n<\/p>\n<ul>\n<li>\n\t\tK\u00e4ia kohal v\u00e4hemalt \u00fchel meie \u00fcritusel\n\t<\/li>\n<li>\n\t\tLugeda l\u00e4bi meie p\u00f5hikiri\n\t<\/li>\n<li>\n\t\tT\u00e4ita ja esitada liitumisavaldus (<a data-fid=\"82184\" href=\"https:\/\/sisu.ut.ee\/wp-content\/uploads\/sites\/675\/tegevliikme_avaldus.docx\">tegevliige<\/a> v\u00f5i <a data-fid=\"82183\" href=\"https:\/\/sisu.ut.ee\/wp-content\/uploads\/sites\/675\/toetajaliikme_avaldus.docx\">toetajaliige<\/a>)\n\t<\/li>\n<li>\n\t\tTasuda liikmemaks Seltsi kontole\n<ul>\n<li>\n\t\t\t\tSelgituseks: [Oma Nimi], liikmemaks\u00a0[k\u00e4esolev aasta]\n\t\t\t<\/li>\n<\/ul>\n<\/li>\n<\/ul>\n<p>\n\tLiitumisavalduse saad esitada meile meilile (<em>geoteadusteyliopilasteselts@gmail.com<\/em>).\n<\/p>\n<p>\n\tSeltsi kontonumber:\n<\/p>\n<p dir=\"ltr\">\n\t<strong>LHV<\/strong><br>Geoteaduste \u00dcli\u00f5pilaste Selts\u00a0<br>EE697700771009704160\n<\/p>\n<p>\n\t\u00a0<\/p>\n","protected":false},"excerpt":{"rendered":"<p>Soovid Seltsiga liituda? Selleks pole vaja muud kui: K\u00e4ia kohal v\u00e4hemalt \u00fchel meie \u00fcritusel Lugeda l\u00e4bi meie p\u00f5hikiri T\u00e4ita ja esitada liitumisavaldus (tegevliige v\u00f5i toetajaliige) Tasuda liikmemaks Seltsi kontole Selgituseks: [Oma Nimi], liikmemaks\u00a0[k\u00e4esolev aasta] Liitumisavalduse saad esitada meile meilile (geoteadusteyliopilasteselts@gmail.com). &#8230;<\/p>\n","protected":false},"author":334,"featured_media":0,"parent":0,"menu_order":0,"comment_status":"closed","ping_status":"closed","template":"","meta":{"_acf_changed":false,"inline_featured_image":false,"footnotes":""},"class_list":["post-3","page","type-page","status-publish","hentry"],"acf":[],"_links":{"self":[{"href":"https:\/\/sisu.ut.ee\/gys\/wp-json\/wp\/v2\/pages\/3","targetHints":{"allow":["GET"]}}],"collection":[{"href":"https:\/\/sisu.ut.ee\/gys\/wp-json\/wp\/v2\/pages"}],"about":[{"href":"https:\/\/sisu.ut.ee\/gys\/wp-json\/wp\/v2\/types\/page"}],"author":[{"embeddable":true,"href":"https:\/\/sisu.ut.ee\/gys\/wp-json\/wp\/v2\/users\/334"}],"replies":[{"embeddable":true,"href":"https:\/\/sisu.ut.ee\/gys\/wp-json\/wp\/v2\/comments?post=3"}],"version-history":[{"count":1,"href":"https:\/\/sisu.ut.ee\/gys\/wp-json\/wp\/v2\/pages\/3\/revisions"}],"predecessor-version":[{"id":30,"href":"https:\/\/sisu.ut.ee\/gys\/wp-json\/wp\/v2\/pages\/3\/revisions\/30"}],"wp:attachment":[{"href":"https:\/\/sisu.ut.ee\/gys\/wp-json\/wp\/v2\/media?parent=3"}],"curies":[{"name":"wp","href":"https:\/\/api.w.org\/{rel}","templated":true}]}}