{"id":6,"date":"2024-04-04T02:04:53","date_gmt":"2024-04-03T23:04:53","guid":{"rendered":"https:\/\/sisu.ut.ee\/gerontoloogia\/opik\/"},"modified":"2024-04-04T02:04:54","modified_gmt":"2024-04-03T23:04:54","slug":"opik","status":"publish","type":"page","link":"https:\/\/sisu.ut.ee\/gerontoloogia\/opik\/","title":{"rendered":"\u00d5pik"},"content":{"rendered":"<p>\u00d5piku \u201cGerontoloogia\u201d autorid on Kai Saks, Toivo Maimets, Riin Tamm, Raivo Uibo, Mati P\u00e4\u00e4suke, Tiia Tulviste, Annely Soots, Luule Sakkeus, Tiina Tambaum, Marju Medar, Taimi Tulva ja Anne Murov, toimetaja Kai Saks.<\/p>\n<p>\u00d5piku tr\u00fckiversioon ilmus Archimedese k\u00f5rgkooli\u00f5pikute programmi ja Tartu \u00dclikooli toetusel 2016. aastal ja selle levitamisega tegeleb <a href=\"http:\/\/www.tyk.ee\/arstiteadus\/00000011871\" target=\"_blank\" rel=\"noopener\">Tartu \u00dclikooli Kirjastus<\/a>.<\/p>\n","protected":false},"excerpt":{"rendered":"<p>\u00d5piku \u201cGerontoloogia\u201d autorid on Kai Saks, Toivo Maimets, Riin Tamm, Raivo Uibo, Mati P\u00e4\u00e4suke, Tiia Tulviste, Annely Soots, Luule Sakkeus, Tiina Tambaum, Marju Medar, Taimi Tulva ja Anne Murov, toimetaja Kai Saks. \u00d5piku tr\u00fckiversioon ilmus Archimedese k\u00f5rgkooli\u00f5pikute programmi ja Tartu &#8230;<\/p>\n","protected":false},"author":82,"featured_media":0,"parent":0,"menu_order":0,"comment_status":"closed","ping_status":"closed","template":"","meta":{"_acf_changed":false,"inline_featured_image":false,"footnotes":""},"class_list":["post-6","page","type-page","status-publish","hentry"],"acf":[],"_links":{"self":[{"href":"https:\/\/sisu.ut.ee\/gerontoloogia\/wp-json\/wp\/v2\/pages\/6","targetHints":{"allow":["GET"]}}],"collection":[{"href":"https:\/\/sisu.ut.ee\/gerontoloogia\/wp-json\/wp\/v2\/pages"}],"about":[{"href":"https:\/\/sisu.ut.ee\/gerontoloogia\/wp-json\/wp\/v2\/types\/page"}],"author":[{"embeddable":true,"href":"https:\/\/sisu.ut.ee\/gerontoloogia\/wp-json\/wp\/v2\/users\/82"}],"replies":[{"embeddable":true,"href":"https:\/\/sisu.ut.ee\/gerontoloogia\/wp-json\/wp\/v2\/comments?post=6"}],"version-history":[{"count":1,"href":"https:\/\/sisu.ut.ee\/gerontoloogia\/wp-json\/wp\/v2\/pages\/6\/revisions"}],"predecessor-version":[{"id":18,"href":"https:\/\/sisu.ut.ee\/gerontoloogia\/wp-json\/wp\/v2\/pages\/6\/revisions\/18"}],"wp:attachment":[{"href":"https:\/\/sisu.ut.ee\/gerontoloogia\/wp-json\/wp\/v2\/media?parent=6"}],"curies":[{"name":"wp","href":"https:\/\/api.w.org\/{rel}","templated":true}]}}