{"id":5,"date":"2024-04-04T02:04:53","date_gmt":"2024-04-03T23:04:53","guid":{"rendered":"https:\/\/sisu.ut.ee\/gerontoloogia\/avaleht\/"},"modified":"2024-04-11T16:53:30","modified_gmt":"2024-04-11T13:53:30","slug":"avaleht","status":"publish","type":"page","link":"https:\/\/sisu.ut.ee\/gerontoloogia\/","title":{"rendered":"Avaleht"},"content":{"rendered":"<p style=\"text-align: left;\">See sait on p\u00fchendatud gerontoloogia-alastele materjalidele.<\/p>\n<p style=\"text-align: left;\">Sait funktsioneerib \u00fchtlasi k\u00f5rgkooli\u00f5piku \u201cGerontoloogia\u201d lisamaterjale sisaldava veebikoduna.<\/p>\n<p style=\"text-align: left;\">L\u00e4hem info: Kai Saks, Kai.Saks@kliinikum.ee<\/p>\n","protected":false},"excerpt":{"rendered":"<p>See sait on p\u00fchendatud gerontoloogia-alastele materjalidele. Sait funktsioneerib \u00fchtlasi k\u00f5rgkooli\u00f5piku \u201cGerontoloogia\u201d lisamaterjale sisaldava veebikoduna. L\u00e4hem info: Kai Saks, Kai.Saks@kliinikum.ee<\/p>\n","protected":false},"author":82,"featured_media":0,"parent":0,"menu_order":0,"comment_status":"closed","ping_status":"closed","template":"","meta":{"_acf_changed":false,"inline_featured_image":false,"footnotes":""},"class_list":["post-5","page","type-page","status-publish","hentry"],"acf":[],"_links":{"self":[{"href":"https:\/\/sisu.ut.ee\/gerontoloogia\/wp-json\/wp\/v2\/pages\/5","targetHints":{"allow":["GET"]}}],"collection":[{"href":"https:\/\/sisu.ut.ee\/gerontoloogia\/wp-json\/wp\/v2\/pages"}],"about":[{"href":"https:\/\/sisu.ut.ee\/gerontoloogia\/wp-json\/wp\/v2\/types\/page"}],"author":[{"embeddable":true,"href":"https:\/\/sisu.ut.ee\/gerontoloogia\/wp-json\/wp\/v2\/users\/82"}],"replies":[{"embeddable":true,"href":"https:\/\/sisu.ut.ee\/gerontoloogia\/wp-json\/wp\/v2\/comments?post=5"}],"version-history":[{"count":2,"href":"https:\/\/sisu.ut.ee\/gerontoloogia\/wp-json\/wp\/v2\/pages\/5\/revisions"}],"predecessor-version":[{"id":24,"href":"https:\/\/sisu.ut.ee\/gerontoloogia\/wp-json\/wp\/v2\/pages\/5\/revisions\/24"}],"wp:attachment":[{"href":"https:\/\/sisu.ut.ee\/gerontoloogia\/wp-json\/wp\/v2\/media?parent=5"}],"curies":[{"name":"wp","href":"https:\/\/api.w.org\/{rel}","templated":true}]}}