{"id":3,"date":"2024-04-04T02:04:52","date_gmt":"2024-04-03T23:04:52","guid":{"rendered":"https:\/\/sisu.ut.ee\/gerontoloogia\/videoloengud\/"},"modified":"2024-04-04T02:04:54","modified_gmt":"2024-04-03T23:04:54","slug":"videoloengud","status":"publish","type":"page","link":"https:\/\/sisu.ut.ee\/gerontoloogia\/videoloengud\/","title":{"rendered":"Videoloengud"},"content":{"rendered":"<p>Toivo Maimets, Vananemise bioloogia<br><a href=\"http:\/\/uttv.ee\/naita?id=23940\">http:\/\/uttv.ee\/naita?id=23940<\/a><\/p>\n<p>Riin Tamm, Vananemise geneetika<br> <a href=\"http:\/\/uttv.ee\/naita?id=21084\">http:\/\/uttv.ee\/naita?id=21084<\/a><\/p>\n<p>Raivo Uibo, Vananemine ja immunoloogia<br> <a href=\"http:\/\/uttv.ee\/naita?id=21085\"><\/a><\/p>\n<p><a href=\"http:\/\/uttv.ee\/naita?id=25253\">http:\/\/uttv.ee\/naita?id=25253<\/a><\/p>\n<p>Mati P\u00e4\u00e4suke, Sarkopeenia, lihasatroofia ja \u2013n\u00f5rkus vananemisel<br> <a href=\"http:\/\/www.uttv.ee\/naita?id=20955\">http:\/\/www.uttv.ee\/naita?id=20955<\/a><\/p>\n<p>Tiia Tulviste, Vananemise ps\u00fchholoogiast<br> <a href=\"http:\/\/uttv.ee\/naita?id=23941\">http:\/\/uttv.ee\/naita?id=23941<\/a><\/p>\n<p>Luule Sakkeus, Rahvastikuvananemine<br> <a href=\"http:\/\/uttv.ee\/naita?id=20953\">http:\/\/uttv.ee\/naita?id=20953<\/a><\/p>\n<p>Tiina Tambaum, Haridusgerontoloogia<br> <a href=\"http:\/\/uttv.ee\/naita?id=21087\">http:\/\/uttv.ee\/naita?id=21087<\/a><\/p>\n<p>Tiina Tambaum, Vanuse alusel diskrimineerimine<br> <a href=\"http:\/\/uttv.ee\/naita?id=21086\">http:\/\/uttv.ee\/naita?id=21086<\/a><\/p>\n<p>Kai Saks, Edukas vananemine ja vanaea haprus<\/p>\n<p><a href=\"http:\/\/uttv.ee\/naita?id=25252\">http:\/\/uttv.ee\/naita?id=25252<\/a><\/p>\n<p>Kai Saks, Preventsiooni erip\u00e4rad vanemas eas<br> <a href=\"http:\/\/video.ut.ee\/Producer\/Kai_saks\/03_preventsioon\/\">http:\/\/video.ut.ee\/Producer\/Kai_saks\/03_preventsioon\/<\/a><\/p>\n<p>Kai Saks, Suhtlemine geriaatriliste patsientidega<br> <a href=\"http:\/\/video.ut.ee\/Producer\/2009\/Kai_saks\/suhtlemine\/\">http:\/\/video.ut.ee\/Producer\/2009\/Kai_saks\/suhtlemine\/<\/a><\/p>\n<p>Kai Saks, Dementsus. Suhtlemine dementsusega inimesega<\/p>\n<p><a style=\"background-color: #ffffff\" href=\"http:\/\/panopto.ut.ee\/Panopto\/Pages\/Viewer.aspx?id=ea2beaeb-4450-40dc-8408-b83a1b0c17fc\">http:\/\/panopto.ut.ee\/Panopto\/Pages\/Viewer.aspx?id=ea2beaeb-4450-40dc-8408-b83a1b0c17fc<\/a><\/p>\n<p>Marju Medar, Omastehoolduse korraldus<br> <a href=\"http:\/\/uttv.ee\/naita?id=21062\">http:\/\/uttv.ee\/naita?id=21062<\/a><\/p>\n<p>M. Timm, A. Murov, A. Rosenberg, Ergonoomilised t\u00f6\u00f6v\u00f5tted \u00f5endushoolduses<br> <a href=\"http:\/\/youtu.be\/4-A499-BQAU\">https:\/\/www.youtube.com\/watch?v=4-A499-BQAU<\/a><\/p>\n<p>A. Murov, M. Timm, A. Rosenberg, Patsiendi nihutamine voodis abivahenditega<br> <a href=\"http:\/\/youtu.be\/NC56A7swjK0\">http:\/\/youtu.be\/NC56A7swjK0<\/a><\/p>\n<p>M. Timm, A. Murov, A. Rosenberg, Patsiendi teisaldamine voodist toolile ja ratastooli<br> <a href=\"http:\/\/youtu.be\/IDRujA_STXw\">http:\/\/youtu.be\/IDRujA_STXw<\/a><\/p>\n","protected":false},"excerpt":{"rendered":"<p>Toivo Maimets, Vananemise bioloogiahttp:\/\/uttv.ee\/naita?id=23940 Riin Tamm, Vananemise geneetika http:\/\/uttv.ee\/naita?id=21084 Raivo Uibo, Vananemine ja immunoloogia http:\/\/uttv.ee\/naita?id=25253 Mati P\u00e4\u00e4suke, Sarkopeenia, lihasatroofia ja \u2013n\u00f5rkus vananemisel http:\/\/www.uttv.ee\/naita?id=20955 Tiia Tulviste, Vananemise ps\u00fchholoogiast http:\/\/uttv.ee\/naita?id=23941 Luule Sakkeus, Rahvastikuvananemine http:\/\/uttv.ee\/naita?id=20953 Tiina Tambaum, Haridusgerontoloogia http:\/\/uttv.ee\/naita?id=21087 Tiina Tambaum, Vanuse alusel &#8230;<\/p>\n","protected":false},"author":82,"featured_media":0,"parent":0,"menu_order":0,"comment_status":"closed","ping_status":"closed","template":"","meta":{"_acf_changed":false,"inline_featured_image":false,"footnotes":""},"class_list":["post-3","page","type-page","status-publish","hentry"],"acf":[],"_links":{"self":[{"href":"https:\/\/sisu.ut.ee\/gerontoloogia\/wp-json\/wp\/v2\/pages\/3","targetHints":{"allow":["GET"]}}],"collection":[{"href":"https:\/\/sisu.ut.ee\/gerontoloogia\/wp-json\/wp\/v2\/pages"}],"about":[{"href":"https:\/\/sisu.ut.ee\/gerontoloogia\/wp-json\/wp\/v2\/types\/page"}],"author":[{"embeddable":true,"href":"https:\/\/sisu.ut.ee\/gerontoloogia\/wp-json\/wp\/v2\/users\/82"}],"replies":[{"embeddable":true,"href":"https:\/\/sisu.ut.ee\/gerontoloogia\/wp-json\/wp\/v2\/comments?post=3"}],"version-history":[{"count":1,"href":"https:\/\/sisu.ut.ee\/gerontoloogia\/wp-json\/wp\/v2\/pages\/3\/revisions"}],"predecessor-version":[{"id":21,"href":"https:\/\/sisu.ut.ee\/gerontoloogia\/wp-json\/wp\/v2\/pages\/3\/revisions\/21"}],"wp:attachment":[{"href":"https:\/\/sisu.ut.ee\/gerontoloogia\/wp-json\/wp\/v2\/media?parent=3"}],"curies":[{"name":"wp","href":"https:\/\/api.w.org\/{rel}","templated":true}]}}