{"id":8,"date":"2024-04-04T06:15:46","date_gmt":"2024-04-04T03:15:46","guid":{"rendered":"https:\/\/sisu.ut.ee\/geoteadused\/mineraloogia-korvekula1\/"},"modified":"2024-04-04T06:15:56","modified_gmt":"2024-04-04T03:15:56","slug":"mineraloogia-korvekula1","status":"publish","type":"page","link":"https:\/\/sisu.ut.ee\/geoteadused\/mineraloogia-korvekula1\/","title":{"rendered":"Mineraalide \u00f5ppep\u00e4ev"},"content":{"rendered":"<p style=\"text-align:-webkit-center\">\n\t<span style=\"color:#000000\"><span><span style=\"font-style:normal\"><span><span><span style=\"font-weight:400\"><span style=\"letter-spacing:normal\"><span><span style=\"text-transform:none\"><span><span><span><span><span><font face=\"Arial\">17. aprillil 2013 koolitasid geoloogid Ivo Paalits ja Viirika Mastik K\u00f5rvek\u00fcla P\u00f5hikooli \u00f5pilasi. Koolitus toimus Keskkonnainvesteeringute Keskuse (KIK) toel. Ivo Paalitsa fotod.<\/font><\/span><\/span><\/span><\/span><\/span><\/span><\/span><\/span><\/span><\/span><\/span><\/span><\/span><\/span>\n<\/p>\n<p style=\"text-align:-webkit-center\">\n\t\u00a0\n<\/p>\n<p style=\"text-align:-webkit-center\">\n\t<img loading=\"lazy\" decoding=\"async\" width=\"200\" height=\"150\" class=\"alignnone wp-image-59\" src=\"https:\/\/sisu.ut.ee\/wp-content\/uploads\/sites\/442\/34a.jpg\" title=\"34a.jpg\" alt=\"34a.jpg\"><span style=\"color:#000000\"><span><span style=\"font-style:normal\"><span><span><span style=\"font-weight:400\"><span style=\"letter-spacing:normal\"><span><span style=\"text-transform:none\"><span><span><span><span><span><font face=\"Arial\">\u00a0<\/font><\/span><\/span><\/span><\/span><\/span><\/span><\/span><\/span><\/span><\/span><\/span><\/span><\/span><\/span><img loading=\"lazy\" decoding=\"async\" width=\"200\" height=\"150\" class=\"alignnone wp-image-60\" src=\"https:\/\/sisu.ut.ee\/wp-content\/uploads\/sites\/442\/31a.jpg\" title=\"31a.jpg\" alt=\"31a.jpg\"><span style=\"color:#000000\"><span><span style=\"font-style:normal\"><span><span><span style=\"font-weight:400\"><span style=\"letter-spacing:normal\"><span><span style=\"text-transform:none\"><span><span><span><span><span><font face=\"Arial\">\u00a0<\/font><\/span><\/span><\/span><\/span><\/span><\/span><\/span><\/span><\/span><\/span><\/span><\/span><\/span><\/span><img loading=\"lazy\" decoding=\"async\" width=\"200\" height=\"150\" class=\"alignnone wp-image-61\" src=\"https:\/\/sisu.ut.ee\/wp-content\/uploads\/sites\/442\/32a.jpg\" title=\"32a.jpg\" alt=\"32a.jpg\"><span style=\"color:#000000\"><span><span style=\"font-style:normal\"><span><span><span style=\"font-weight:400\"><span style=\"letter-spacing:normal\"><span><span style=\"text-transform:none\"><span><span><span><span><span><font face=\"Arial\">\u00a0<\/font><\/span><\/span><\/span><\/span><\/span><\/span><\/span><\/span><\/span><\/span><\/span><\/span><\/span><\/span><img loading=\"lazy\" decoding=\"async\" width=\"200\" height=\"150\" class=\"alignnone wp-image-62\" src=\"https:\/\/sisu.ut.ee\/wp-content\/uploads\/sites\/442\/35a.jpg\" title=\"35a.jpg\" alt=\"35a.jpg\">\n<\/p>\n<p style=\"text-align:-webkit-center\">\n\t<img loading=\"lazy\" decoding=\"async\" width=\"200\" height=\"150\" class=\"alignnone wp-image-63\" src=\"https:\/\/sisu.ut.ee\/wp-content\/uploads\/sites\/442\/37a.jpg\" title=\"37a.jpg\" alt=\"37a.jpg\"><span style=\"color:#000000\"><span><span style=\"font-style:normal\"><span><span><span style=\"font-weight:400\"><span style=\"letter-spacing:normal\"><span><span style=\"text-transform:none\"><span><span><span><span><span><font face=\"Arial\">\u00a0<\/font><\/span><\/span><\/span><\/span><\/span><\/span><\/span><\/span><\/span><\/span><\/span><\/span><\/span><\/span><img loading=\"lazy\" decoding=\"async\" width=\"200\" height=\"150\" class=\"alignnone wp-image-64\" src=\"https:\/\/sisu.ut.ee\/wp-content\/uploads\/sites\/442\/33a.jpg\" title=\"33a.jpg\" alt=\"33a.jpg\"><span style=\"color:#000000\"><span><span style=\"font-style:normal\"><span><span><span style=\"font-weight:400\"><span style=\"letter-spacing:normal\"><span><span style=\"text-transform:none\"><span><span><span><span><span><font face=\"Arial\">\u00a0<\/font><\/span><\/span><\/span><\/span><\/span><\/span><\/span><\/span><\/span><\/span><\/span><\/span><\/span><\/span><img loading=\"lazy\" decoding=\"async\" width=\"200\" height=\"150\" class=\"alignnone wp-image-65\" src=\"https:\/\/sisu.ut.ee\/wp-content\/uploads\/sites\/442\/36a.jpg\" title=\"36a.jpg\" alt=\"36a.jpg\"><\/p>\n","protected":false},"excerpt":{"rendered":"<p>17. aprillil 2013 koolitasid geoloogid Ivo Paalits ja Viirika Mastik K\u00f5rvek\u00fcla P\u00f5hikooli \u00f5pilasi. Koolitus toimus Keskkonnainvesteeringute Keskuse (KIK) toel. Ivo Paalitsa fotod. \u00a0 \u00a0\u00a0\u00a0 \u00a0\u00a0<\/p>\n","protected":false},"author":226,"featured_media":0,"parent":0,"menu_order":0,"comment_status":"closed","ping_status":"closed","template":"","meta":{"_acf_changed":false,"inline_featured_image":false,"footnotes":""},"class_list":["post-8","page","type-page","status-publish","hentry"],"acf":[],"_links":{"self":[{"href":"https:\/\/sisu.ut.ee\/geoteadused\/wp-json\/wp\/v2\/pages\/8","targetHints":{"allow":["GET"]}}],"collection":[{"href":"https:\/\/sisu.ut.ee\/geoteadused\/wp-json\/wp\/v2\/pages"}],"about":[{"href":"https:\/\/sisu.ut.ee\/geoteadused\/wp-json\/wp\/v2\/types\/page"}],"author":[{"embeddable":true,"href":"https:\/\/sisu.ut.ee\/geoteadused\/wp-json\/wp\/v2\/users\/226"}],"replies":[{"embeddable":true,"href":"https:\/\/sisu.ut.ee\/geoteadused\/wp-json\/wp\/v2\/comments?post=8"}],"version-history":[{"count":1,"href":"https:\/\/sisu.ut.ee\/geoteadused\/wp-json\/wp\/v2\/pages\/8\/revisions"}],"predecessor-version":[{"id":99,"href":"https:\/\/sisu.ut.ee\/geoteadused\/wp-json\/wp\/v2\/pages\/8\/revisions\/99"}],"wp:attachment":[{"href":"https:\/\/sisu.ut.ee\/geoteadused\/wp-json\/wp\/v2\/media?parent=8"}],"curies":[{"name":"wp","href":"https:\/\/api.w.org\/{rel}","templated":true}]}}