{"id":3,"date":"2024-04-04T06:15:45","date_gmt":"2024-04-04T03:15:45","guid":{"rendered":"https:\/\/sisu.ut.ee\/geoteadused\/pilte\/"},"modified":"2024-04-04T06:15:56","modified_gmt":"2024-04-04T03:15:56","slug":"pilte","status":"publish","type":"page","link":"https:\/\/sisu.ut.ee\/geoteadused\/pilte\/","title":{"rendered":"Pilte \u00dcritustelt"},"content":{"rendered":"<p><a data-url=\"https:\/\/sisu.ut.ee\/geoteadused\/mineraalide-oppepaev\" href=\"https:\/\/sisu.ut.ee\/geoteadused\/mineraalide-oppepaev\" target=\"_blank\" title=\"\" rel=\"noopener\">Mikromineraalide \u00f5ppep\u00e4ev<\/a><\/p>\n<p>\n\t<a data-url=\"https:\/\/sisu.ut.ee\/geoteadused\/mikropaleontoloogia-tootuba\" href=\"https:\/\/sisu.ut.ee\/geoteadused\/mikropaleontoloogia-tootuba\" target=\"_blank\" title=\"\" rel=\"noopener\">Mikropaleontoloogia t\u00f6\u00f6tuba<\/a>\n<\/p>\n<p>\n\t<a data-url=\"https:\/\/sisu.ut.ee\/geoteadused\/mineraalide-oppepaev2\" href=\"https:\/\/sisu.ut.ee\/geoteadused\/mineraalide-oppepaev2\" target=\"_blank\" title=\"\" rel=\"noopener\">Mineraalide \u00f5ppep\u00e4ev Ala P\u00f5hikoolis<\/a>\n<\/p>\n<p>\n\t<a data-url=\"https:\/\/sisu.ut.ee\/geoteadused\/mineraloogia-korvekula\" href=\"https:\/\/sisu.ut.ee\/geoteadused\/mineraloogia-korvekula\" target=\"_blank\" title=\"\" rel=\"noopener\">Mineraalide \u00f5ppep\u00e4ev K\u00f5rvek\u00fcla P\u00f5hikoolis 1<\/a>\n<\/p>\n<p>\n\t<a data-url=\"https:\/\/sisu.ut.ee\/geoteadused\/mineraloogia-korvekula1\" href=\"https:\/\/sisu.ut.ee\/geoteadused\/mineraloogia-korvekula1\" target=\"_blank\" title=\"\" rel=\"noopener\">Mineraalide \u00f5ppep\u00e4ev K\u00f5rvek\u00fcla P\u00f5hikoolis 2<\/a><\/p>\n","protected":false},"excerpt":{"rendered":"<p>Mikromineraalide \u00f5ppep\u00e4ev Mikropaleontoloogia t\u00f6\u00f6tuba Mineraalide \u00f5ppep\u00e4ev Ala P\u00f5hikoolis Mineraalide \u00f5ppep\u00e4ev K\u00f5rvek\u00fcla P\u00f5hikoolis 1 Mineraalide \u00f5ppep\u00e4ev K\u00f5rvek\u00fcla P\u00f5hikoolis 2<\/p>\n","protected":false},"author":226,"featured_media":0,"parent":0,"menu_order":0,"comment_status":"closed","ping_status":"closed","template":"","meta":{"_acf_changed":false,"inline_featured_image":false,"footnotes":""},"class_list":["post-3","page","type-page","status-publish","hentry"],"acf":[],"_links":{"self":[{"href":"https:\/\/sisu.ut.ee\/geoteadused\/wp-json\/wp\/v2\/pages\/3","targetHints":{"allow":["GET"]}}],"collection":[{"href":"https:\/\/sisu.ut.ee\/geoteadused\/wp-json\/wp\/v2\/pages"}],"about":[{"href":"https:\/\/sisu.ut.ee\/geoteadused\/wp-json\/wp\/v2\/types\/page"}],"author":[{"embeddable":true,"href":"https:\/\/sisu.ut.ee\/geoteadused\/wp-json\/wp\/v2\/users\/226"}],"replies":[{"embeddable":true,"href":"https:\/\/sisu.ut.ee\/geoteadused\/wp-json\/wp\/v2\/comments?post=3"}],"version-history":[{"count":1,"href":"https:\/\/sisu.ut.ee\/geoteadused\/wp-json\/wp\/v2\/pages\/3\/revisions"}],"predecessor-version":[{"id":104,"href":"https:\/\/sisu.ut.ee\/geoteadused\/wp-json\/wp\/v2\/pages\/3\/revisions\/104"}],"wp:attachment":[{"href":"https:\/\/sisu.ut.ee\/geoteadused\/wp-json\/wp\/v2\/media?parent=3"}],"curies":[{"name":"wp","href":"https:\/\/api.w.org\/{rel}","templated":true}]}}