{"id":13,"date":"2024-04-04T06:15:46","date_gmt":"2024-04-04T03:15:46","guid":{"rendered":"https:\/\/sisu.ut.ee\/geoteadused\/tanuavaldused\/"},"modified":"2024-04-04T06:15:55","modified_gmt":"2024-04-04T03:15:55","slug":"tanuavaldused","status":"publish","type":"page","link":"https:\/\/sisu.ut.ee\/geoteadused\/tanuavaldused\/","title":{"rendered":"T\u00e4nuavaldused"},"content":{"rendered":"<p style=\"text-align:start\">\n\t<span><span style=\"color:#000000\"><span><span style=\"font-style:normal\"><span><span><span style=\"font-weight:400\"><span style=\"letter-spacing:normal\"><span><span style=\"text-transform:none\"><span><span><span><span style=\"background-color:#ffffff\"><span><span>T\u00e4nan koolitusi l\u00e4bi viinud doktorante\u00a0<b>Viirka Matikut<\/b>\u00a0ja\u00a0<b>Karin Truuveert<\/b>\u00a0(<a href=\"http:\/\/www.ut.ee\/et\/\" style=\"text-decoration:none\" target=\"_blank\" rel=\"noopener\"><font color=\"#000000\">Tartu \u00dclikooli geoloogia osakonnast<\/font><\/a>) ning kolleege geoloogiamuuseumist:\u00a0<b>K\u00fclli K\u00fcbarat<\/b>,\u00a0<b>Mai Seppelit<\/b>,\u00a0<b>Mare Isakari<\/b>\u00a0ja\u00a0<b>T\u00f5nu Pani<\/b>.<\/span><\/span><\/span><\/span><\/span><\/span><\/span><\/span><\/span><\/span><\/span><\/span><\/span><\/span><\/span><\/span>\n<\/p>\n<p style=\"text-align:start\">\n\t<span><span style=\"color:#000000\"><span><span style=\"font-style:normal\"><span><span><span style=\"font-weight:400\"><span style=\"letter-spacing:normal\"><span><span style=\"text-transform:none\"><span><span><span><span style=\"background-color:#ffffff\"><span><span>Eriti t\u00e4nan\u00a0<a href=\"http:\/\/www.kik.ee\/et\" style=\"text-decoration:none\" target=\"_blank\" rel=\"noopener\"><font color=\"#000000\">Keskonnainvesteeringute Keskust (KIK)<\/font><\/a>, kelle vahendite abil viidi l\u00e4bi k\u00f5ik koolitused, v\u00e4lit\u00f6\u00f6d ja valmis koduleht.<\/span><\/span><\/span><\/span><\/span><\/span><\/span><\/span><\/span><\/span><\/span><\/span><\/span><\/span><\/span><\/span>\n<\/p>\n<p style=\"text-align:start\">\n\t\u00a0\n<\/p>\n<p>\t<img loading=\"lazy\" decoding=\"async\" width=\"520\" height=\"390\" class=\"alignnone wp-image-73\" src=\"https:\/\/sisu.ut.ee\/wp-content\/uploads\/sites\/442\/kool1a.jpg\" title=\"kool1a.jpg\" alt=\"kool\" srcset=\"https:\/\/sisu.ut.ee\/wp-content\/uploads\/sites\/442\/kool1a.jpg 520w, https:\/\/sisu.ut.ee\/wp-content\/uploads\/sites\/442\/kool1a-300x225.jpg 300w\" sizes=\"auto, (max-width: 520px) 100vw, 520px\"><\/p>\n","protected":false},"excerpt":{"rendered":"<p>T\u00e4nan koolitusi l\u00e4bi viinud doktorante\u00a0Viirka Matikut\u00a0ja\u00a0Karin Truuveert\u00a0(Tartu \u00dclikooli geoloogia osakonnast) ning kolleege geoloogiamuuseumist:\u00a0K\u00fclli K\u00fcbarat,\u00a0Mai Seppelit,\u00a0Mare Isakari\u00a0ja\u00a0T\u00f5nu Pani. Eriti t\u00e4nan\u00a0Keskonnainvesteeringute Keskust (KIK), kelle vahendite abil viidi l\u00e4bi k\u00f5ik koolitused, v\u00e4lit\u00f6\u00f6d ja valmis koduleht. \u00a0<\/p>\n","protected":false},"author":226,"featured_media":0,"parent":0,"menu_order":0,"comment_status":"closed","ping_status":"closed","template":"","meta":{"_acf_changed":false,"inline_featured_image":false,"footnotes":""},"class_list":["post-13","page","type-page","status-publish","hentry"],"acf":[],"_links":{"self":[{"href":"https:\/\/sisu.ut.ee\/geoteadused\/wp-json\/wp\/v2\/pages\/13","targetHints":{"allow":["GET"]}}],"collection":[{"href":"https:\/\/sisu.ut.ee\/geoteadused\/wp-json\/wp\/v2\/pages"}],"about":[{"href":"https:\/\/sisu.ut.ee\/geoteadused\/wp-json\/wp\/v2\/types\/page"}],"author":[{"embeddable":true,"href":"https:\/\/sisu.ut.ee\/geoteadused\/wp-json\/wp\/v2\/users\/226"}],"replies":[{"embeddable":true,"href":"https:\/\/sisu.ut.ee\/geoteadused\/wp-json\/wp\/v2\/comments?post=13"}],"version-history":[{"count":1,"href":"https:\/\/sisu.ut.ee\/geoteadused\/wp-json\/wp\/v2\/pages\/13\/revisions"}],"predecessor-version":[{"id":94,"href":"https:\/\/sisu.ut.ee\/geoteadused\/wp-json\/wp\/v2\/pages\/13\/revisions\/94"}],"wp:attachment":[{"href":"https:\/\/sisu.ut.ee\/geoteadused\/wp-json\/wp\/v2\/media?parent=13"}],"curies":[{"name":"wp","href":"https:\/\/api.w.org\/{rel}","templated":true}]}}