{"id":10,"date":"2024-04-04T06:15:46","date_gmt":"2024-04-04T03:15:46","guid":{"rendered":"https:\/\/sisu.ut.ee\/geoteadused\/energiasusteemid\/"},"modified":"2024-04-04T06:15:55","modified_gmt":"2024-04-04T03:15:55","slug":"energiasusteemid","status":"publish","type":"page","link":"https:\/\/sisu.ut.ee\/geoteadused\/energiasusteemid\/","title":{"rendered":"Energias\u00fcsteemid"},"content":{"rendered":"<p>\n\tEnergiaressursid ja energeetika arengutase m\u00f5jutavad riikide arengut ja inimeste heaolu \u00fcha suuremal m\u00e4\u00e4ral, k\u00f5rgtehnoloogia vajab aina kvaliteetsemat elektrienergiaga varustamist. Loomulikult vajatakse selleks energias\u00fcsteeme, kus toimub elektrienergia \u00fclekanne ja jaotamine. Milline on energiasusteemide erip\u00e4ra Eestis ja nende arendamise v\u00f5imalused?\n<\/p>\n<p>\n\tMaailma elektritarbimine kasvab paar protsenti aastas. Prognoositakse, et 2050. aastal on elektri tarbimine \u00fcle kahe ja aastal 2100 \u00fcle kolme korra suurem kui praegu. Iga riigi elektritarbimise kasvuprotsent s\u00f5ltub majanduskasvust ja moodustab umbes poole sellest.\n<\/p>\n<p>\n\tRiigi varustamisele elektrienergiaga esitatakse palju n\u00f5udmisi.\n<\/p>\n<p>\n\t1. Elektri varustuskindlus peab vastama kehtestatud n\u00f5uetele.\n<\/p>\n<p>\n\t2. Elektrienergia kvaliteet (sagedus, pinged jm) peab vastama kehtestatud n\u00f5uetele.\n<\/p>\n<p>\n\t3. Elektrienergia genereerimine, edastamine ja jaotamine peab olema majanduslikult \u00f6konoomne nii \u00f6\u00f6p\u00e4evaringselt kui ka n\u00e4dala ja aasta jooksul. Majanduslik \u00f6konoomsus t\u00e4hendab seda, et elektrit tuleb genereerida nii, et fossiilsete jm k\u00fctuste kulu, m\u00f5ju keskkonnale ja muutuvad tegevuskulud oleksid minimaalsed ning et h\u00fcdroelektrijaamade veeressursse kulutatakse v\u00f5imalikult efektiivselt. Seejuures peavad protsessid ja seadmed vastama ohutuse, keskkonnahoiu jm n\u00f5uetele.\n<\/p>\n<p>\n\t4. Energias\u00fcsteemis tehtavad investeeringud peavad olema \u00f6konoomsed pikaajaliselt, 50\u201370 aasta l\u00f5ikes.\n<\/p>\n<p>\n\t5. Elektrienergia hind peab olema nii madal kui v\u00f5imalik ning nii k\u00f5rge kui tarvilik.\n<\/p>\n<p>\n\t6. Elektri hind peab olema konkurentsiv\u00f5imeline nii elektrijaamade kui ka elektri edastajate, jaotajate ja tarbijate seisukohast.\n<\/p>\n<p>\n\tTarbijate varustamiseks elektrienergiaga vajatakse energiaressursse ja -s\u00fcsteeme, kus toimub elektrienergia genereerimine, \u00fclekanne ja jaotamine ning millest tarbijad saavad elektrienergiat tarbida. Energias\u00fcsteemid on v\u00e4ga keerukad tehnilised s\u00fcsteemid, mille erip\u00e4ra peab elektroenergeetika arengu planeerimisel arvestama. Milline on energiasusteemide erip\u00e4ra Eestis ja nende siinsed arendamise v\u00f5imalused?\n<\/p>\n<p>\n\tElektrienergia on k\u00f5ige universaalsem, mugavam ja kvaliteetsem energialiik. Sellest ka elektrienergia laialdane kasutamine. Tarbijale on elekter k\u00f5ige keskkonnas\u00f5bralikum ja piisavalt ohutu energia, kuigi elektriv\u00f5imsuste genereerimisel ja edastamisel on alati ka teatud keskkonnam\u00f5jud.\n<\/p>\n<p>\n\tElektrienergia on eriline selle poolest, et seda ei saa salvestada nagu vett v\u00f5i k\u00fctuseid, ka on elektri genereerimine, edastamine ja tarbimine pidev ning \u00fchtne protsess, mille toimimiseks peavad generaatorid, elektriliinid ja tarbijate elektritarvitid moodustama suletud vooluahelaid. Arvestada tuleb sellegagi, et elektrivool levib elektriahelates valguse kiirusega.\n<\/p>\n<p>\n\tNende erisuste t\u00f5ttu vajab elektrienergia tootmine, \u00fclekanne, jaotamine ja tarbimine s\u00fcsteeme, mida nimetatakse elektrienergiasusteemideks v\u00f5i l\u00fchidalt energiasusteemideks.\n<\/p>\n<p>\n\t<b>Energias\u00fcsteem on tehniline s\u00fcsteem, mille moodustavad teatud territooriumil asuvad eletrijaamad ning neid omavahel ja tarbijate eletriseadmetega \u00fchendavad elektriv\u00f5rgud.<\/b>\n<\/p>\n<p>\n\t\u00a0\n<\/p>\n<p>\t<img loading=\"lazy\" decoding=\"async\" width=\"520\" height=\"376\" class=\"alignnone wp-image-66\" src=\"https:\/\/sisu.ut.ee\/wp-content\/uploads\/sites\/442\/narva2a.jpg\" title=\"narva2a.jpg\" alt=\"Narva\" srcset=\"https:\/\/sisu.ut.ee\/wp-content\/uploads\/sites\/442\/narva2a.jpg 520w, https:\/\/sisu.ut.ee\/wp-content\/uploads\/sites\/442\/narva2a-300x217.jpg 300w\" sizes=\"auto, (max-width: 520px) 100vw, 520px\"><\/p>\n<p>\n\t\tNarva elektrijaamad ja tuham\u00e4ed\n\t<\/p>\n<p>\n\t\t\u00a0\n\t<\/p>\n<p>\n\t\t\u00a0\n\t<\/p>\n<p><b>Eesti energias\u00fcsteemi tulevik<\/b><\/p>\n<p>\n\tLoodus ei ole Eestile andnud suuri j\u00f5gesid, mis aitaksid toota h\u00fcdroelektrienergiat. Kuid meil on oma kohalik fossiilne k\u00fctus \u2013\u00a0<b>p\u00f5levkivi<\/b>. Selle varud on v\u00f5rdlemisi suured, umbes 12 miljardit tonni.\n<\/p>\n<p>\n\tMeie energias\u00fcsteem on suurenergeetika m\u00f5ttes ainult soojuselektrijaamadest koosnev s\u00fcsteem, kus \u00fcle 95 protsendi elektrienergiast saadakse p\u00f5levkivist. See on Eesti omap\u00e4ra. Meil on suhteliselt tugev p\u00f5hiv\u00f5rk, mis on k\u00fcllalt v\u00f5imsate vahelduvvooluliinide abil \u00fchendatud Venemaa ja L\u00e4tiga ning alalisvoolu kaabli kaudu ka Soomega.\n<\/p>\n<p>\n\tTulevikus v\u00f5iks Eesti energias\u00fcsteemi arendada j\u00e4rgmiselt.\n<\/p>\n<p>\n\t1. Suund tuleks v\u00f5tta optimaalsele energeetikale, arvestades riigi ja praeguste ning tulevaste tarbijate huve: optimeerida energias\u00fcsteem laias laastus alates kaevandamisest kuni energia ja k\u00fctuste tarbimiseni.\n<\/p>\n<p>\n\t2. Elektri tootmist p\u00f5levkivist on vaja j\u00e4tkata, sest teisi reaalseid v\u00f5imalusi pole. Ei maagaas, k\u00fctte\u00f5li ega kivis\u00fcsi ole praeguses olukorras t\u00f5sised konkurendid p\u00f5levkivile, sest on kallimad, nende hind t\u00f5useb tulevikus kiiremini kui p\u00f5levkivil ja pidev varustamine importk\u00fctusega pole kuigi kindel.\n<\/p>\n<p>\n\t3. Energeetikat ei tohiks politiseerida, sest s\u00fcsihappegaasi heitmete kaudu kliimat m\u00f5jutada ju ei saa ja elektrituulikute koguv\u00f5imsust ei ole m\u00f5tet Eestis \u00fcle 100\u2013150 megavati t\u00f5sta, sest meil puuduvad reguleeritavad h\u00fcdrojaamad, mis tuulikute v\u00f5imsusmuutusi asendaks.\n<\/p>\n<p>\n\t4. Energeetika tuleks rohkem siduda teadusega: arendada tunduvalt intensiivsemalt p\u00f5levkivienergeetika tehnoloogiaid, energiasusteemide optimaalset juhtimisteooriat ja meetodeid ning v\u00f5tta neid kasutusele.\n<\/p>\n<p>\n\t\u00d5igete otsuste tegemine energeetikas on \u00e4\u00e4rmiselt oluline, sest valed otsused t\u00f5stavad elektri hinda, raiskavad ressursse ja pidurdavad riigi arengut.\n<\/p>\n<p>\n\t\u00a0\n<\/p>\n<p>\t<img loading=\"lazy\" decoding=\"async\" width=\"520\" height=\"390\" class=\"alignnone wp-image-67\" src=\"https:\/\/sisu.ut.ee\/wp-content\/uploads\/sites\/442\/iru1a.jpg\" title=\"iru1a.jpg\" alt=\"Iru\" srcset=\"https:\/\/sisu.ut.ee\/wp-content\/uploads\/sites\/442\/iru1a.jpg 520w, https:\/\/sisu.ut.ee\/wp-content\/uploads\/sites\/442\/iru1a-300x225.jpg 300w\" sizes=\"auto, (max-width: 520px) 100vw, 520px\"><\/p>\n<p>\n\t\tOsaliselt pr\u00fcgiga k\u00f6etav Iru soojuselektrijaam\n\t<\/p>\n<p>\n\t\t\u00a0\n\t<\/p>\n<p>\n\t\t\u00a0\n\t<\/p>\n<p>\t<img loading=\"lazy\" decoding=\"async\" width=\"390\" height=\"520\" class=\"alignnone wp-image-68\" src=\"https:\/\/sisu.ut.ee\/wp-content\/uploads\/sites\/442\/tuulik1a.jpg\" title=\"tuulik1a.jpg\" alt=\"tuulik\" srcset=\"https:\/\/sisu.ut.ee\/wp-content\/uploads\/sites\/442\/tuulik1a.jpg 390w, https:\/\/sisu.ut.ee\/wp-content\/uploads\/sites\/442\/tuulik1a-225x300.jpg 225w\" sizes=\"auto, (max-width: 390px) 100vw, 390px\"><\/p>\n<p>\n\t\tKuna elektrituulikud v\u00f5ivad tundideks v\u00f5i isegi n\u00e4dalateks seisma j\u00e4\u00e4da, ei suuda \u00fckski elektrituulik ega tuulepark ilma tavaelektrijaamadeta tagada tarbijate elektrienergiaga varustamist n\u00fc\u00fcdisaegses m\u00f5ttes.\n\t<\/p>\n<p>\n\t\t\u00a0\n\t<\/p>\n<p>\t<img loading=\"lazy\" decoding=\"async\" width=\"520\" height=\"390\" class=\"alignnone wp-image-69\" src=\"https:\/\/sisu.ut.ee\/wp-content\/uploads\/sites\/442\/liin1a.jpg\" title=\"liin1a.jpg\" alt=\"liin\" srcset=\"https:\/\/sisu.ut.ee\/wp-content\/uploads\/sites\/442\/liin1a.jpg 520w, https:\/\/sisu.ut.ee\/wp-content\/uploads\/sites\/442\/liin1a-300x225.jpg 300w\" sizes=\"auto, (max-width: 520px) 100vw, 520px\"><\/p>\n<p>\n\t\tElektrit saab m\u00fc\u00fca \u00fcksnes sinna, kuhu viivad liinid.\n\t<\/p>\n","protected":false},"excerpt":{"rendered":"<p>Energiaressursid ja energeetika arengutase m\u00f5jutavad riikide arengut ja inimeste heaolu \u00fcha suuremal m\u00e4\u00e4ral, k\u00f5rgtehnoloogia vajab aina kvaliteetsemat elektrienergiaga varustamist. Loomulikult vajatakse selleks energias\u00fcsteeme, kus toimub elektrienergia \u00fclekanne ja jaotamine. Milline on energiasusteemide erip\u00e4ra Eestis ja nende arendamise v\u00f5imalused? Maailma elektritarbimine &#8230;<\/p>\n","protected":false},"author":226,"featured_media":0,"parent":0,"menu_order":0,"comment_status":"closed","ping_status":"closed","template":"","meta":{"_acf_changed":false,"inline_featured_image":false,"footnotes":""},"class_list":["post-10","page","type-page","status-publish","hentry"],"acf":[],"_links":{"self":[{"href":"https:\/\/sisu.ut.ee\/geoteadused\/wp-json\/wp\/v2\/pages\/10","targetHints":{"allow":["GET"]}}],"collection":[{"href":"https:\/\/sisu.ut.ee\/geoteadused\/wp-json\/wp\/v2\/pages"}],"about":[{"href":"https:\/\/sisu.ut.ee\/geoteadused\/wp-json\/wp\/v2\/types\/page"}],"author":[{"embeddable":true,"href":"https:\/\/sisu.ut.ee\/geoteadused\/wp-json\/wp\/v2\/users\/226"}],"replies":[{"embeddable":true,"href":"https:\/\/sisu.ut.ee\/geoteadused\/wp-json\/wp\/v2\/comments?post=10"}],"version-history":[{"count":1,"href":"https:\/\/sisu.ut.ee\/geoteadused\/wp-json\/wp\/v2\/pages\/10\/revisions"}],"predecessor-version":[{"id":97,"href":"https:\/\/sisu.ut.ee\/geoteadused\/wp-json\/wp\/v2\/pages\/10\/revisions\/97"}],"wp:attachment":[{"href":"https:\/\/sisu.ut.ee\/geoteadused\/wp-json\/wp\/v2\/media?parent=10"}],"curies":[{"name":"wp","href":"https:\/\/api.w.org\/{rel}","templated":true}]}}