{"id":8,"date":"2024-04-04T04:58:46","date_gmt":"2024-04-04T01:58:46","guid":{"rendered":"https:\/\/sisu.ut.ee\/geoinformaatika\/avaleht\/"},"modified":"2024-04-24T15:51:54","modified_gmt":"2024-04-24T12:51:54","slug":"avaleht","status":"publish","type":"page","link":"https:\/\/sisu.ut.ee\/geoinformaatika\/","title":{"rendered":"Avaleht"},"content":{"rendered":"<p><strong>J\u00fcri Roosaare, Kiira M\u00f5isja,\u00a0Raivo Aunap, \u201cGeoinformaatika: \u00f5pik k\u00f5rgkoolidele\u201d.<\/strong><br>\nTartu: Tartu \u00dclikooli Kirjastus, 2019. 830 lk.<br>\nISBN 978-9949-03-008-8 (tr\u00fckis), 978-9949-03-018-7 (pdf)<\/p>\n<p>K\u00e4esolev k\u00f5rgkooli\u00f5pik keskendub geoinformaatika kui interdistsiplinaarse valdkonna s\u00fcsteemsele k\u00e4sitlusele. \u00dchtede kaante vahele on koondatud vajalikud alusteadmised nii geo- kui ka info-poolelt ning ruumiandmeid ja nende omadusi, anal\u00fc\u00fcsi, esitamist ja kasutamist selgitavad osad. Samuti leiavad k\u00e4sitlust geoinformaatika igap\u00e4evase rakendamisega seotud institutsioonilised ja sotsiaalsed k\u00fcljed.<br>\nPeale k\u00f5rgkooli\u00f5piku rolli tahab raamat aidata kaasa eestikeelse erialaterminoloogia korrastamisele, asendamaks k\u00f5nekeelseid mugandusi korrektsete emakeelsete m\u00f5istetega. Selle soovi valguses v\u00f5iks teos leida koha ka paljude erinevate ruumiandmetega kokku puutuvate inimeste raamaturiiulil.<\/p>\n<p>Autorid: Raivo Aunap, Kiira M\u00f5isja, T\u00f5nu Oja, J\u00fcri Roosaare, Edgar Sepp<br>\nKoostaja: J\u00fcri Roosaare<br>\nJooniste kujundaja: Raivo Aunap<br>\nRetsensendid: Anne Kull ja Reimo Rivis<br>\nKeeletoimetaja: Leelo Jago<br>\nK\u00fcljendaja: Tiia Ilus<br>\nKaanekujundaja: Kalle Paalits (kaanel on kasutatud Kaupo Kalda fotot)<\/p>\n<p>\u00d5pik ilmus\u00a02019. aasta mais\u00a0<a title=\"\" href=\"https:\/\/shop.ut.ee\/pood\/geoinformaatika-opik-korgkoolidele\/\" target=\"_blank\" rel=\"noopener\" data-url=\"https:\/\/www.tyk.ee\/\">Tartu \u00dclikooli Kirjastuse<\/a> v\u00e4ljaandel. Sellel lehel tehakse k\u00e4ttesaadavaks \u00f5piku peat\u00fckid pdf-failidena, samuti on tulevikus v\u00f5imalik siit ligi p\u00e4\u00e4seda lisamaterjalidele.<\/p>\n<p>\u00d5pik ilmus riikliku programmi \u201cEestikeelsed k\u00f5rgkooli\u00f5pikud 2013\u20132017\u201d toetusel. \u00d5piku valmimist\u00a0toetasid Haridus- ja teadusministeerium SA Archimedes vahendusel, Tartu \u00dclikool,\u00a0Tartu \u00dclikooli loodus- ja t\u00e4ppisteaduste valdkond ning \u00f6koloogia ja maateaduste instituut.<\/p>\n","protected":false},"excerpt":{"rendered":"<p>J\u00fcri Roosaare, Kiira M\u00f5isja,\u00a0Raivo Aunap, \u201cGeoinformaatika: \u00f5pik k\u00f5rgkoolidele\u201d. Tartu: Tartu \u00dclikooli Kirjastus, 2019. 830 lk. ISBN 978-9949-03-008-8 (tr\u00fckis), 978-9949-03-018-7 (pdf) K\u00e4esolev k\u00f5rgkooli\u00f5pik keskendub geoinformaatika kui interdistsiplinaarse valdkonna s\u00fcsteemsele k\u00e4sitlusele. \u00dchtede kaante vahele on koondatud vajalikud alusteadmised nii geo- kui ka &#8230;<\/p>\n","protected":false},"author":82,"featured_media":0,"parent":0,"menu_order":0,"comment_status":"closed","ping_status":"closed","template":"","meta":{"_acf_changed":false,"inline_featured_image":false,"footnotes":""},"class_list":["post-8","page","type-page","status-publish","hentry"],"acf":[],"_links":{"self":[{"href":"https:\/\/sisu.ut.ee\/geoinformaatika\/wp-json\/wp\/v2\/pages\/8","targetHints":{"allow":["GET"]}}],"collection":[{"href":"https:\/\/sisu.ut.ee\/geoinformaatika\/wp-json\/wp\/v2\/pages"}],"about":[{"href":"https:\/\/sisu.ut.ee\/geoinformaatika\/wp-json\/wp\/v2\/types\/page"}],"author":[{"embeddable":true,"href":"https:\/\/sisu.ut.ee\/geoinformaatika\/wp-json\/wp\/v2\/users\/82"}],"replies":[{"embeddable":true,"href":"https:\/\/sisu.ut.ee\/geoinformaatika\/wp-json\/wp\/v2\/comments?post=8"}],"version-history":[{"count":2,"href":"https:\/\/sisu.ut.ee\/geoinformaatika\/wp-json\/wp\/v2\/pages\/8\/revisions"}],"predecessor-version":[{"id":47,"href":"https:\/\/sisu.ut.ee\/geoinformaatika\/wp-json\/wp\/v2\/pages\/8\/revisions\/47"}],"wp:attachment":[{"href":"https:\/\/sisu.ut.ee\/geoinformaatika\/wp-json\/wp\/v2\/media?parent=8"}],"curies":[{"name":"wp","href":"https:\/\/api.w.org\/{rel}","templated":true}]}}