{"id":23,"date":"2024-04-04T02:59:09","date_gmt":"2024-04-03T23:59:09","guid":{"rendered":"https:\/\/sisu.ut.ee\/gentransmed\/workgroup-bioinformatics-and-genomics\/"},"modified":"2024-04-04T02:59:17","modified_gmt":"2024-04-03T23:59:17","slug":"workgroup-bioinformatics-and-genomics","status":"publish","type":"page","link":"https:\/\/sisu.ut.ee\/gentransmed\/workgroup-bioinformatics-and-genomics\/","title":{"rendered":"Workgroup of bioinformatics and genomics"},"content":{"rendered":"<p><strong>Workgroup of bioinformatics and genomics\u00a0<\/strong>@Institute of Molecular and Cellular Biology (UT) <\/p>\n<p>The group\u2019s R&amp;D activities are focused around large-scale biological sequence analysis. The main aim is to develop novel methods and software for analysis of genome sequences. Particular effort will be devoted to the development of software which can be used in preventive medicine:<\/p>\n<p>* methods for fast genotype calling from exomes and genomes;\u00a0<br>* methods for structural variant detection from personal genomes.\u00a0<\/p>\n<p>The knowledge will be extended to studying potential application of DNA-based diagnostic methods in other fields of genomic medicine: <br>* detection of microbial pathogens; <br>* detection of viruses; <br>* detection of allergenic components in food; <br>* detection of genes responsible for virulence and\/or antimicrobial resistance. <\/p>\n<p>The workgroup is led by Prof. Maido Remm. He has 20 years of experience in bioinformatics, starting his bioinformatics career with analysis of first bacterial genomes in Prof. Siv Andersson\u2019s group at University of Uppsala in 1997. Researchers of the workgroup have background in molecular biology and related fields (biochemistry, genetics, gene technology, virology, biophysics) but we have people with background in computer science and mathematical statistics as well. <\/p>\n<p><strong>TEACHING AND RESEARCH<\/strong><br>Maido Remm, Professor, PhD, Head of Department <br>Lauris Kaplinski, PhD, Researcher <br>Age Brauer, PhD, Researcher <br>Reidar Andreson, PhD, Researcher <br>M\u00e4rt M\u00f6ls, PhD in Mathematical Statistics, Researcher <br>Triinu K\u00f5ressaar, PhD, Researcher <br>Ulvi Gerst Talas, PhD, Researcher <br>Tarmo Puurand, MSc (scientific degree), Scientific programmer <br>Fanny-Dhelia Pajuste, MSc Computer Science, Scientific programmer <\/p>\n<p><strong>PhD STUDENTS<\/strong> <br>Kairi Raime, MSc (scientific degree) <br>M\u00e4rt Roosaare, MSc <br>Mihkel Vaher, MSc <\/p>\n<p><strong>MASTER STUDENTS<\/strong> <br>Kristo Ets, BSc <br>Erki Aun, BSc <br>Kristi Reispass, BSc <\/p>\n<p><strong>SUPPORT<\/strong><br>Oliivika Zeiger, BA, Project Manager<\/p>\n<p>Link to the\u00a0<a href=\"http:\/\/bioinfo.ut.ee\" target=\"_blank\" rel=\"noopener\">web<\/a><\/p>\n","protected":false},"excerpt":{"rendered":"<p>Workgroup of bioinformatics and genomics\u00a0@Institute of Molecular and Cellular Biology (UT) The group\u2019s R&amp;D activities are focused around large-scale biological sequence analysis. The main aim is to develop novel methods and software for analysis of genome sequences. Particular effort will &#8230;<\/p>\n","protected":false},"author":90,"featured_media":0,"parent":0,"menu_order":0,"comment_status":"closed","ping_status":"closed","template":"","meta":{"_acf_changed":false,"inline_featured_image":false,"footnotes":""},"class_list":["post-23","page","type-page","status-publish","hentry"],"acf":[],"_links":{"self":[{"href":"https:\/\/sisu.ut.ee\/gentransmed\/wp-json\/wp\/v2\/pages\/23","targetHints":{"allow":["GET"]}}],"collection":[{"href":"https:\/\/sisu.ut.ee\/gentransmed\/wp-json\/wp\/v2\/pages"}],"about":[{"href":"https:\/\/sisu.ut.ee\/gentransmed\/wp-json\/wp\/v2\/types\/page"}],"author":[{"embeddable":true,"href":"https:\/\/sisu.ut.ee\/gentransmed\/wp-json\/wp\/v2\/users\/90"}],"replies":[{"embeddable":true,"href":"https:\/\/sisu.ut.ee\/gentransmed\/wp-json\/wp\/v2\/comments?post=23"}],"version-history":[{"count":1,"href":"https:\/\/sisu.ut.ee\/gentransmed\/wp-json\/wp\/v2\/pages\/23\/revisions"}],"predecessor-version":[{"id":58,"href":"https:\/\/sisu.ut.ee\/gentransmed\/wp-json\/wp\/v2\/pages\/23\/revisions\/58"}],"wp:attachment":[{"href":"https:\/\/sisu.ut.ee\/gentransmed\/wp-json\/wp\/v2\/media?parent=23"}],"curies":[{"name":"wp","href":"https:\/\/api.w.org\/{rel}","templated":true}]}}