{"id":8,"date":"2024-04-04T04:32:24","date_gmt":"2024-04-04T01:32:24","guid":{"rendered":"https:\/\/sisu.ut.ee\/genoomikakeskus\/bbmri-eric\/"},"modified":"2026-01-20T19:19:50","modified_gmt":"2026-01-20T17:19:50","slug":"bbmri-eric","status":"publish","type":"page","link":"https:\/\/sisu.ut.ee\/genoomikakeskus\/bbmri-eric\/","title":{"rendered":"BBMRI-ERIC"},"content":{"rendered":"<p style=\"text-align: justify;\"><img loading=\"lazy\" decoding=\"async\" width=\"709\" height=\"354\" class=\"alignnone wp-image-14\" style=\"float: right; width: 430px; height: 199px;\" title=\"bbmri-eric-logo.jpg\" src=\"https:\/\/sisu.ut.ee\/wp-content\/uploads\/sites\/288\/bbmri-eric-logo.jpg\" alt=\"bbmri-eric-logo.jpg\" srcset=\"https:\/\/sisu.ut.ee\/wp-content\/uploads\/sites\/288\/bbmri-eric-logo.jpg 709w, https:\/\/sisu.ut.ee\/wp-content\/uploads\/sites\/288\/bbmri-eric-logo-300x150.jpg 300w\" sizes=\"auto, (max-width: 709px) 100vw, 709px\"><a href=\"http:\/\/www.bbmri-eric.eu\">BBMRI-ERIC<\/a> on Euroopa biopankade (ESFRI) teekaardi objekt, mille peamiseks \u00fclesandeks on biopankade harmoniseerimine, rahvusvahelise koost\u00f6\u00f6v\u00f5rgustiku loomine ning teadustaristu t\u00f5husa kasutamise edendamine. BBMRI-ERIC Eesti poolseks esindajaks on HTM m\u00e4\u00e4ranud oma k\u00e4skkirjaga Tartu \u00dclikooli Eesti geenivaramu (T\u00dc EGV).<\/p>\n<p style=\"text-align: justify;\">T\u00dc EGV kui Eesti <em>node<\/em> panustab v\u00f5rgustiku t\u00f6\u00f6sse neljas valdkonnas:<\/p>\n<ul>\n<li style=\"text-align: justify;\">ELSI valdkond <em>(ethical, legal and social issues<\/em>) \u2013 kaardistatakse eetilised, juriidilised ja sotsiaalsed aspektid, mis seonduvad Euroopas asuvate biopankadega;<\/li>\n<li style=\"text-align: justify;\">IT ja uute tehnoloogiate valdkond \u2013 infotehnoloogiliste lahenduste v\u00e4ljat\u00f6\u00f6tamine biopankade jaoks, \u00fche eesm\u00e4rgina luuakse \u00fcle-Euroopaline biopankade ja seal hoiustatavate proovide kataloog;<\/li>\n<li style=\"text-align: justify;\">Kvaliteedis\u00fcsteemide juhtimise valdkond \u2013 eesm\u00e4rgiks on olemasolevate kvaliteedis\u00fcsteemi standardite kaardistamine ja uuendamine;<\/li>\n<li style=\"text-align: justify;\">Koolitustegevusega seonduv valdkond \u2013 eesm\u00e4rgiks on koost\u00f6\u00f6 arendamine biopankade vahel, uute \u00f5ppekavade ja koolituset v\u00e4ljat\u00f6\u00f6tamine alustavate biopankade jaoks.<\/li>\n<\/ul>\n","protected":false},"excerpt":{"rendered":"<p>BBMRI-ERIC on Euroopa biopankade (ESFRI) teekaardi objekt, mille peamiseks \u00fclesandeks on biopankade harmoniseerimine, rahvusvahelise koost\u00f6\u00f6v\u00f5rgustiku loomine ning teadustaristu t\u00f5husa kasutamise edendamine. BBMRI-ERIC Eesti poolseks esindajaks on HTM m\u00e4\u00e4ranud oma k\u00e4skkirjaga Tartu \u00dclikooli Eesti geenivaramu (T\u00dc EGV). T\u00dc EGV kui Eesti &#8230;<\/p>\n","protected":false},"author":154,"featured_media":0,"parent":0,"menu_order":0,"comment_status":"closed","ping_status":"closed","template":"","meta":{"_acf_changed":false,"inline_featured_image":false,"footnotes":""},"class_list":["post-8","page","type-page","status-publish","hentry"],"acf":[],"_links":{"self":[{"href":"https:\/\/sisu.ut.ee\/genoomikakeskus\/wp-json\/wp\/v2\/pages\/8","targetHints":{"allow":["GET"]}}],"collection":[{"href":"https:\/\/sisu.ut.ee\/genoomikakeskus\/wp-json\/wp\/v2\/pages"}],"about":[{"href":"https:\/\/sisu.ut.ee\/genoomikakeskus\/wp-json\/wp\/v2\/types\/page"}],"author":[{"embeddable":true,"href":"https:\/\/sisu.ut.ee\/genoomikakeskus\/wp-json\/wp\/v2\/users\/154"}],"replies":[{"embeddable":true,"href":"https:\/\/sisu.ut.ee\/genoomikakeskus\/wp-json\/wp\/v2\/comments?post=8"}],"version-history":[{"count":5,"href":"https:\/\/sisu.ut.ee\/genoomikakeskus\/wp-json\/wp\/v2\/pages\/8\/revisions"}],"predecessor-version":[{"id":239,"href":"https:\/\/sisu.ut.ee\/genoomikakeskus\/wp-json\/wp\/v2\/pages\/8\/revisions\/239"}],"wp:attachment":[{"href":"https:\/\/sisu.ut.ee\/genoomikakeskus\/wp-json\/wp\/v2\/media?parent=8"}],"curies":[{"name":"wp","href":"https:\/\/api.w.org\/{rel}","templated":true}]}}