{"id":6,"date":"2024-04-04T04:32:24","date_gmt":"2024-04-04T01:32:24","guid":{"rendered":"https:\/\/sisu.ut.ee\/genoomikakeskus\/projekti-juhtkomitee\/"},"modified":"2026-01-20T19:28:30","modified_gmt":"2026-01-20T17:28:30","slug":"projekti-juhtkomitee","status":"publish","type":"page","link":"https:\/\/sisu.ut.ee\/genoomikakeskus\/projekti-juhtkomitee\/","title":{"rendered":"Eesti genoomikakeskus"},"content":{"rendered":"<p><br>Eesti genoomikakeskus (EGK) on riikliku t\u00e4htsusega teadustaristu, mille moodustavad populatsioonip\u00f5hine biopank (Eesti geenivaramu), genoomiuuringuteks vajalik taristu (genoomika instituudi tuumiklabor), Eesti biokeskuse genoomiandmete referentsbaas ning rahvastiku kujunemise, bioinformaatika ja statistika-alane teaduslik kompetents.<br><br>Keskus loodi 2010. aastal ja on sellest ajast alates olnud osa Eesti teadustaristu teekaardist. Eesti genoomikakeskus v\u00f5imaldab l\u00e4bi viia maailmatasemel genoomika- ja terviseuuringuid ning toetab interdistsiplinaarset teaduskoost\u00f6\u00f6d loodus-, tervise-, sotsiaal- ja humanitaarteaduste valdkondades. Terviklik taristu h\u00f5lmab nii suuremahulisi ja kvaliteetseid andmestikke kui ka kiiret ja kompetentset genoomianal\u00fc\u00fcsi teenust \u2013 nii andmete tootmiseks kui ka nende statistiliseks ja bioinformaatiliseks t\u00f6\u00f6tlemiseks. Keskus on avatud uuringuteks rahvusvahelisele teadlaskonnale.<br><br><\/p>\n\n\n\n<p>Eesti genoomikakeskus asub Tartus, Riia 23b, Tartu \u00dclikooli Omicumi teadushoones, kuhu on rajatud spetsiaalne taristu genoomiuuringute l\u00e4biviimiseks ja populatsioonip\u00f5hise biopanga haldamiseks. Mitme erineva rahastusmeetme raames soetatud maailmatasemel genoomianal\u00fc\u00fcsi aparatuur v\u00f5imaldab t\u00f5husalt ellu viia teadusprojekte ning pakkuda teenust nii Eesti kui ka v\u00e4lismaa teadusasutustele, laboritele, haiglatele ja ettev\u00f5tetele.<\/p>\n\n\n\n<p><br><\/p>\n\n\n\n<h2 class=\"wp-block-heading\">Struktuur<\/h2>\n\n\n\n<p>Eesti genoomikakeskuse osad:<\/p>\n\n\n\n<ul class=\"wp-block-list\">\n<li><a href=\"https:\/\/genoomikakeskus.ut.ee\/tu-eesti-geenivaramu-biopank\/\">Eesti geenivaramu<\/a><\/li>\n\n\n\n<li><a href=\"https:\/\/genoomikakeskus.ut.ee\/tu-genoomika-instituudi-tuumiklabor\/\">Genoomika instituudi tuumiklabor<\/a><\/li>\n\n\n\n<li><a href=\"https:\/\/genoomikakeskus.ut.ee\/genoomiandmete-referentsbaas\/\">Eesti biokeskuse genoomiandmete referentsbaas<\/a><\/li>\n<\/ul>\n\n\n\n<h2 class=\"wp-block-heading\"><\/h2>\n\n\n\n<p><br><\/p>\n\n\n\n<p><\/p>\n\n\n\n<h2 class=\"wp-block-heading\">Juhtimine<\/h2>\n\n\n\n<p>Eesti genoomikakeskust haldab <a href=\"https:\/\/genomics.ut.ee\/et\">Tartu \u00dclikooli genoomika instituut<\/a> (T\u00dc GI), mille tegevust reguleerib instituudi p\u00f5hikiri. Keskuse tegevjuht on Eesti geenivaramu juht Lili Milani. Strateegilisel tasandil juhib keskuse tegevust n\u00f5ukogu.<\/p>\n\n\n\n<p>Eesti Genoomikakeskuse n\u00f5ukogu liikmed:<\/p>\n\n\n\n<div class=\"wp-block-columns is-layout-flex wp-container-core-columns-is-layout-9d6595d7 wp-block-columns-is-layout-flex\">\n<div class=\"wp-block-column is-layout-flow wp-block-column-is-layout-flow\" style=\"flex-basis:70%\">\n<ul class=\"wp-block-list\">\n<li>Reedik M\u00e4gi, Tartu \u00dclikool<\/li>\n\n\n\n<li>Jaak Vilo, Tartu \u00dclikool<\/li>\n\n\n\n<li>Nele Labi, Sotsiaalministeerium<\/li>\n\n\n\n<li>Krista Kruuv-K\u00e4o, Tervisekassa<\/li>\n\n\n\n<li>Dr Sander Pajusalu, Tartu \u00dclikooli Kliinikum<\/li>\n<\/ul>\n<\/div>\n<\/div>\n\n\n\n<h2 class=\"wp-block-heading\"><\/h2>\n\n\n\n<h2 class=\"wp-block-heading\">Rahastus<\/h2>\n\n\n\n<p>Eesti genoomikakeskuse arendamist on aastate jooksul rahastatud mitme riikliku ja Euroopa Liidu rahastusmeetme kaudu. Sealhulgas on EGK olnud osa Eesti teadustaristu teekaardist alates selle esimesest koostamisest 2010. aastal ning kuulunud k\u00f5igi j\u00e4rgnevate teekaartide koosseisu (2014, 2019 ja 2024).<\/p>\n\n\n\n<p>Teadustaristu teekaardi toetus on v\u00f5imaldanud arendada Eesti geenivaramu andme- ja IT-taristut, kaasajastada genoomika tuumiklaborit ning t\u00e4iendada genoomiandmete referentsbaasi. Rahastuse toel on keskuse fookus liikunud algsest taristu rajamisest selle sisulise rikastamise ja mitmekesisema kasutuse suunas, suurendades taristu kasutatavust ja teaduslikku m\u00f5ju.<br><br>Loe l\u00e4hemalt teadustaristu teekaardist <a href=\"https:\/\/etag.ee\/rahastamine\/infrastruktuuritoetused\/teadustaristu-teekaart\/\">Eesti Teadusagentuuri kodulehelt<\/a>. <\/p>\n\n\n\n<h2 class=\"wp-block-heading\">Eesm\u00e4rgid 2025\u20132029<\/h2>\n\n\n\n<p>Eesti Teadusagentuur toetab Eesti genoomikakeskust kui riikliku t\u00e4htsusega teadustaristut aastatel 2025\u20132029 summas<strong> <\/strong>1 720 000 eurot.<\/p>\n\n\n\n<p>Teadustaristu teekaardi rahastuse raames on kavandatud j\u00e4rgmised tegevussuunad:<\/p>\n\n\n\n<ul class=\"wp-block-list\">\n<li>Eesti geenivaramu IT-taristu arendamine, sh andmekoosseisu p\u00e4ringute keskkond, v\u00e4ljastuste menetlemise infos\u00fcsteem ja MinuGeenivaramu portaal<\/li>\n\n\n\n<li>Eesti geenivaramu andmekogu rikastamine mikrobioomi andmetega<\/li>\n\n\n\n<li>Eesti geenivaramu DNA-proovide hoiustamise ja v\u00e4ljastamise s\u00fcsteemi kaasajastamine<\/li>\n\n\n\n<li>Genoomika tuumiklabori t\u00f6\u00f6protsesside automatiseerimine ja ISO 17025:2017 standardile akrediteeritud protsesside laiendamine<\/li>\n\n\n\n<li>Eesti biokeskuse genoomiandmete referentsbaasi rikastamine uute metagenoomika-, proteoomika- ja dateerimisalaste andmekihtidega<\/li>\n\n\n\n<li>Eesti biokeskuse genoomiandmete referentsbaasi \u00fchilduvuse parandamine sidusvaldkondade andmestikega<\/li>\n<\/ul>\n","protected":false},"excerpt":{"rendered":"<p>Eesti genoomikakeskus (EGK) on riikliku t\u00e4htsusega teadustaristu, mille moodustavad populatsioonip\u00f5hine biopank (Eesti geenivaramu), genoomiuuringuteks vajalik taristu (genoomika instituudi tuumiklabor), Eesti biokeskuse genoomiandmete referentsbaas ning rahvastiku kujunemise, bioinformaatika ja statistika-alane teaduslik kompetents. Keskus loodi 2010. aastal ja on sellest ajast alates &#8230;<\/p>\n","protected":false},"author":154,"featured_media":0,"parent":0,"menu_order":0,"comment_status":"closed","ping_status":"closed","template":"","meta":{"_acf_changed":false,"inline_featured_image":false,"footnotes":""},"class_list":["post-6","page","type-page","status-publish","hentry"],"acf":[],"_links":{"self":[{"href":"https:\/\/sisu.ut.ee\/genoomikakeskus\/wp-json\/wp\/v2\/pages\/6","targetHints":{"allow":["GET"]}}],"collection":[{"href":"https:\/\/sisu.ut.ee\/genoomikakeskus\/wp-json\/wp\/v2\/pages"}],"about":[{"href":"https:\/\/sisu.ut.ee\/genoomikakeskus\/wp-json\/wp\/v2\/types\/page"}],"author":[{"embeddable":true,"href":"https:\/\/sisu.ut.ee\/genoomikakeskus\/wp-json\/wp\/v2\/users\/154"}],"replies":[{"embeddable":true,"href":"https:\/\/sisu.ut.ee\/genoomikakeskus\/wp-json\/wp\/v2\/comments?post=6"}],"version-history":[{"count":13,"href":"https:\/\/sisu.ut.ee\/genoomikakeskus\/wp-json\/wp\/v2\/pages\/6\/revisions"}],"predecessor-version":[{"id":240,"href":"https:\/\/sisu.ut.ee\/genoomikakeskus\/wp-json\/wp\/v2\/pages\/6\/revisions\/240"}],"wp:attachment":[{"href":"https:\/\/sisu.ut.ee\/genoomikakeskus\/wp-json\/wp\/v2\/media?parent=6"}],"curies":[{"name":"wp","href":"https:\/\/api.w.org\/{rel}","templated":true}]}}