{"id":3,"date":"2024-04-04T04:32:23","date_gmt":"2024-04-04T01:32:23","guid":{"rendered":"https:\/\/sisu.ut.ee\/genoomikakeskus\/avaleht\/"},"modified":"2026-01-20T19:44:28","modified_gmt":"2026-01-20T17:44:28","slug":"avaleht","status":"publish","type":"page","link":"https:\/\/sisu.ut.ee\/genoomikakeskus\/","title":{"rendered":"Eesti genoomikakeskus kui osa Eesti teadustaristust"},"content":{"rendered":"<p>Eesti genoomikakeskus on riikliku t\u00e4htsusega teadustaristu, mille moodustavad populatsioonip\u00f5hine biopank (Eesti geenivaramu), genoomiuuringuteks vajalik taristu (genoomika tuumiklabor), Eesti biokeskuse genoomiandmete referentsbaas ning rahvastiku kujunemise, bioinformaatika ja statistika-alane teaduslik kompetents.<\/p>\n<p>Keskus loodi 2010. aastal ja on sellest ajast alates olnud osa Eesti teadustaristu teekaardist.<\/p>\n<p style=\"text-align: justify;\">Eesti genoomikakeskus v\u00f5imaldab l\u00e4bi viia maailmatasemel genoomika- ja terviseuuringuid ning toetab interdistsiplinaarset teaduskoost\u00f6\u00f6d loodus-, tervise-, sotsiaal- ja humanitaarteaduste valdkondades. Keskus on avatud uuringuteks rahvusvahelisele teadlaskonnale.<\/p>\n<p>Eesti genoomikakeskus asub Tartus, Riia 23b, Tartu \u00dclikooli Omicumi teadushoones.<\/p>\n<h3 style=\"text-align: justify;\"><strong><img loading=\"lazy\" decoding=\"async\" width=\"1200\" height=\"240\" class=\"alignnone wp-image-12\" title=\"biohoidla.collage.jpg\" src=\"https:\/\/sisu.ut.ee\/wp-content\/uploads\/sites\/288\/biohoidla.collage.jpg\" alt=\"biohoidla.collage.jpg\" srcset=\"https:\/\/sisu.ut.ee\/wp-content\/uploads\/sites\/288\/biohoidla.collage.jpg 1200w, https:\/\/sisu.ut.ee\/wp-content\/uploads\/sites\/288\/biohoidla.collage-300x60.jpg 300w, https:\/\/sisu.ut.ee\/wp-content\/uploads\/sites\/288\/biohoidla.collage-1024x205.jpg 1024w, https:\/\/sisu.ut.ee\/wp-content\/uploads\/sites\/288\/biohoidla.collage-768x154.jpg 768w\" sizes=\"auto, (max-width: 1200px) 100vw, 1200px\"><\/strong><\/h3>\n<h3 style=\"text-align: justify;\"><strong>Partnerlus<\/strong><\/h3>\n<p style=\"text-align: justify;\">Alates 2013. aastast on T\u00dc Eesti geenivaramu Eesti esindaja Euroopa biopankade ja biomolekulaarressursside teadustaristu v\u00f5rgustikus (<a href=\"https:\/\/www.bbmri-eric.eu\/\">BBMRI-ERIC)<\/a>.<\/p>\n\n\n<p><\/p>\n","protected":false},"excerpt":{"rendered":"<p>Eesti genoomikakeskus on riikliku t\u00e4htsusega teadustaristu, mille moodustavad populatsioonip\u00f5hine biopank (Eesti geenivaramu), genoomiuuringuteks vajalik taristu (genoomika tuumiklabor), Eesti biokeskuse genoomiandmete referentsbaas ning rahvastiku kujunemise, bioinformaatika ja statistika-alane teaduslik kompetents. Keskus loodi 2010. aastal ja on sellest ajast alates olnud osa &#8230;<\/p>\n","protected":false},"author":154,"featured_media":0,"parent":0,"menu_order":0,"comment_status":"closed","ping_status":"closed","template":"","meta":{"_acf_changed":false,"inline_featured_image":false,"footnotes":""},"class_list":["post-3","page","type-page","status-publish","hentry"],"acf":[],"_links":{"self":[{"href":"https:\/\/sisu.ut.ee\/genoomikakeskus\/wp-json\/wp\/v2\/pages\/3","targetHints":{"allow":["GET"]}}],"collection":[{"href":"https:\/\/sisu.ut.ee\/genoomikakeskus\/wp-json\/wp\/v2\/pages"}],"about":[{"href":"https:\/\/sisu.ut.ee\/genoomikakeskus\/wp-json\/wp\/v2\/types\/page"}],"author":[{"embeddable":true,"href":"https:\/\/sisu.ut.ee\/genoomikakeskus\/wp-json\/wp\/v2\/users\/154"}],"replies":[{"embeddable":true,"href":"https:\/\/sisu.ut.ee\/genoomikakeskus\/wp-json\/wp\/v2\/comments?post=3"}],"version-history":[{"count":11,"href":"https:\/\/sisu.ut.ee\/genoomikakeskus\/wp-json\/wp\/v2\/pages\/3\/revisions"}],"predecessor-version":[{"id":243,"href":"https:\/\/sisu.ut.ee\/genoomikakeskus\/wp-json\/wp\/v2\/pages\/3\/revisions\/243"}],"wp:attachment":[{"href":"https:\/\/sisu.ut.ee\/genoomikakeskus\/wp-json\/wp\/v2\/media?parent=3"}],"curies":[{"name":"wp","href":"https:\/\/api.w.org\/{rel}","templated":true}]}}