{"id":9,"date":"2024-04-04T01:58:53","date_gmt":"2024-04-03T22:58:53","guid":{"rendered":"https:\/\/sisu.ut.ee\/genire_eng\/problems-related-childrens-and-young-peoples-media-use\/"},"modified":"2024-04-04T01:58:59","modified_gmt":"2024-04-03T22:58:59","slug":"problems-related-childrens-and-young-peoples-media-use","status":"publish","type":"page","link":"https:\/\/sisu.ut.ee\/genire_eng\/problems-related-childrens-and-young-peoples-media-use\/","title":{"rendered":"Problems related to children\u2019s and young people\u2019s media use"},"content":{"rendered":"<p>Blinka, L.; \u0160ka\u0159upov\u00e1, K.; \u0160ev\u010d\u00edkov\u00e1, A.; W\u00f6lfling, K.; M\u00fcller, K.; Dreier, M. (2015). <a href=\"\/wp-content\/uploads\/sites\/153\/blinka-etal-excessive-internet-2015.pdf\" target=\"_blank\" rel=\"noopener\">Excessive internet use in European adolescents: What determines differences in severity?<\/a> <em>International Journal of Public Health<\/em>, 60(2), 249-256.<\/p>\n<p>Blinka, L.\u037e Smahel, D. (2011). <a href=\"\/wp-content\/uploads\/sites\/153\/blinka_smahel_2011.pdf\" target=\"_blank\" rel=\"noopener\">Predictors of adolescents\u2019 excessive internet use: A comparison across European countries<\/a>.<em>15th European Conference on Developmental Psychology<\/em> (237\u00ad-241). Medimond.<\/p>\n<p>Kalmus, V.; Siibak, A.; Blinka, L. (2014). <a href=\"\/wp-content\/uploads\/sites\/153\/kalmus_siibak_blinka.pdf\" target=\"_blank\" rel=\"noopener\">Internet and child well-being<\/a>. Ben-Arieh, A.; Frones, I.; Casas, F.; Korbin, J.E. (Eds.). <em>Handbook of Child Well-Being: Theories, Methods and Policies in Global Perspective<\/em> (2093-2133). Dordrecht: Springer.<\/p>\n<p>Smahel, D.\u037e Blinka, L. (2012). <a href=\"\/wp-content\/uploads\/sites\/153\/smahel_blinka_2012.pdf\" target=\"_blank\" rel=\"noopener\">Excessive internet use among European children<\/a>. Livingstone, S.\u037e Haddon, L.\u037e G\u00f6rzig, A. (Eds.). <em>Children, risk and safety on the internet: <\/em><em>Research and policy challenges in comparative perspective<\/em> (191\u00ad-203). Bristol: The Policy Press.<\/p>\n<p>Soo, K.; Ainsaar, M.; Kalmus, V. (2012). <a href=\"http:\/\/publications.tlu.ee\/index.php\/stss\/article\/view\/95\/85\" target=\"_blank\" rel=\"noopener\">Behind the curtains of e-state: Determinants of online sexual harassment among Estonian children<\/a>. <em>Studies of Transition States and Societies<\/em>, 4(2), 35-48.<\/p>\n","protected":false},"excerpt":{"rendered":"<p>Blinka, L.; \u0160ka\u0159upov\u00e1, K.; \u0160ev\u010d\u00edkov\u00e1, A.; W\u00f6lfling, K.; M\u00fcller, K.; Dreier, M. (2015). Excessive internet use in European adolescents: What determines differences in severity? International Journal of Public Health, 60(2), 249-256. Blinka, L.\u037e Smahel, D. (2011). Predictors of adolescents\u2019 excessive &#8230;<\/p>\n","protected":false},"author":74,"featured_media":0,"parent":0,"menu_order":0,"comment_status":"closed","ping_status":"closed","template":"","meta":{"_acf_changed":false,"inline_featured_image":false,"footnotes":""},"class_list":["post-9","page","type-page","status-publish","hentry"],"acf":[],"_links":{"self":[{"href":"https:\/\/sisu.ut.ee\/genire_eng\/wp-json\/wp\/v2\/pages\/9","targetHints":{"allow":["GET"]}}],"collection":[{"href":"https:\/\/sisu.ut.ee\/genire_eng\/wp-json\/wp\/v2\/pages"}],"about":[{"href":"https:\/\/sisu.ut.ee\/genire_eng\/wp-json\/wp\/v2\/types\/page"}],"author":[{"embeddable":true,"href":"https:\/\/sisu.ut.ee\/genire_eng\/wp-json\/wp\/v2\/users\/74"}],"replies":[{"embeddable":true,"href":"https:\/\/sisu.ut.ee\/genire_eng\/wp-json\/wp\/v2\/comments?post=9"}],"version-history":[{"count":1,"href":"https:\/\/sisu.ut.ee\/genire_eng\/wp-json\/wp\/v2\/pages\/9\/revisions"}],"predecessor-version":[{"id":80,"href":"https:\/\/sisu.ut.ee\/genire_eng\/wp-json\/wp\/v2\/pages\/9\/revisions\/80"}],"wp:attachment":[{"href":"https:\/\/sisu.ut.ee\/genire_eng\/wp-json\/wp\/v2\/media?parent=9"}],"curies":[{"name":"wp","href":"https:\/\/api.w.org\/{rel}","templated":true}]}}