{"id":11,"date":"2024-04-04T01:58:53","date_gmt":"2024-04-03T22:58:53","guid":{"rendered":"https:\/\/sisu.ut.ee\/genire_eng\/patterns-interaction-between-agents-socialisation\/"},"modified":"2024-04-04T01:58:59","modified_gmt":"2024-04-03T22:58:59","slug":"patterns-interaction-between-agents-socialisation","status":"publish","type":"page","link":"https:\/\/sisu.ut.ee\/genire_eng\/patterns-interaction-between-agents-socialisation\/","title":{"rendered":"Patterns of interaction between the agents of socialisation"},"content":{"rendered":"<p>Publications in this chapter answer to the following research questions:<\/p>\n<p>What are the patterns of interaction between children \/ young people, their peers and siblings, parents and teachers in the process of socialisation into the emerging information society? To what extent do parents mediate their children\u2019s use of TV and the Internet, what kind of strategies do they use? How do socio-demographic and cultural factors (e.g. parents\u2019 age, education and habits of media use) influence their strategies of mediation? How do pre-school teachers enhance children\u2019s media literacy?<\/p>\n<p>Kalmus, V. (2012). <a href=\"\/wp-content\/uploads\/sites\/153\/kalmus_2012_making_sense.pdf\" target=\"_blank\" rel=\"noopener\">Making sense of the social mediation of children\u2019s internet use: Perspectives for interdisciplinary and cross\u00adcultural research<\/a>. Wijnen, C.W.\u037e Tr\u00fcltzsch, S.\u037e Ortner, C. (Eds.). <em>Medienwelten im Wandel: Kommunikationswissenschaftliche Positionen, Perspektiven und Konsequenzen. Festschrift f\u00fcr Ingrid Paus\u00adHasebrink<\/em> (137-\u00ad149). Wien: Springer.<\/p>\n<p>Kalmus, V. (2012). <a href=\"\/wp-content\/uploads\/sites\/153\/kalmus_2012_kuidas_mortida.pdf\" target=\"_blank\" rel=\"noopener\">Kuidas m\u00f6rtida info\u00fchiskonna m\u00fc\u00fcri? (How to cement the wall of the information society?)<\/a> Pruulmann\u00ad-Vengerfeldt, P., Orav, P., Murakas, R. (Eds.). <em>Professoritelt Eesti \u00fchiskonnale (From Professors to Estonian Society)<\/em> (51-\u00ad55). Tartu: University of Tartu.<\/p>\n<p>Kalmus, V.\u037e Blinka, L.\u037e \u00d3lafsson, K. (2015). <a href=\"\/wp-content\/uploads\/sites\/153\/kalmus_blinka_olafsson-2015-children_society.pdf\" target=\"_blank\" rel=\"noopener\">Does it matter what Mama says: Evaluating the role of parental mediation in European adolescents\u2019 excessive internet use<\/a>. <em>Children and Society<\/em>, 29(2), 122-\u00ad133.<\/p>\n<p>Kalmus, V.\u037e Roosalu, T. (2011). <a href=\"\/wp-content\/uploads\/sites\/153\/kalmus_roosalu_2011_ijomcp.pdf\" target=\"_blank\" rel=\"noopener\">Parental mediation of EU kids\u2019 Internet use revisited: Looking for a complex model of cross\u00adnational differences<\/a>. <em>International Journal of Media and Cultural Politics<\/em>, 7, 55\u00ad-66.<\/p>\n<p>Kalmus, V.\u037e Roosalu, T. (2012). <a href=\"\/wp-content\/uploads\/sites\/153\/kalmus_roosalu_2012_institutional.pdf\" target=\"_blank\" rel=\"noopener\">Institutional filters on children\u2019s internet use: An additional explanation of cross\u00adnational differences in parental mediation<\/a>. Walrave, M.\u037e Heirman, W.\u037e Mels, S.\u037e Timmerman, C.\u037e Vandebosch, H. (Eds.). <em>e\u00adYouth: Balancing between Opportunities and Risks<\/em> (235-\u00ad250). Peter Lang Publishers House.<\/p>\n<p>Kalmus, V.\u037e von Feilitzen, C.\u037e Siibak, A. (2012). <a href=\"\/wp-content\/uploads\/sites\/153\/kalmus_vonfeilitzen_siibak.pdf\" target=\"_blank\" rel=\"noopener\">Effectiveness of teachers\u2019 and peer\u2019s mediation in supporting opportunities and reducing risks online<\/a>. Livingstone, S.\u037e Haddon, L.\u037e G\u00f6rzig, A. (Eds.). <em>Children, risk and safety on the internet: Research and policy challenges in comparative perspective<\/em> (245-\u00ad256). Bristol: The Policy Press.<\/p>\n<p>Keller, M.; Ruus, R. (2014). <a href=\"\/wp-content\/uploads\/sites\/153\/keller_ruus.pdf\" target=\"_blank\" rel=\"noopener\">Pre-schoolers, parents and supermarkets: Co-shopping as a social practice<\/a>. <em>International Journal of Consumer Studies<\/em>, 38(1), 119-126.<\/p>\n<p>Kruuse, K.\u037e Kalmus, V. (2014). <a href=\"\/wp-content\/uploads\/sites\/153\/kruuse_kalmus.pdf\" target=\"_blank\" rel=\"noopener\">When the villain remains unpunished: Unintended effects of the social mediation of young children\u2019s TV viewing<\/a>. <em>International Journal of Media and Cultural Politics<\/em>, 10(3), 355-363.<\/p>\n<p>Palts, K.; Harro-Loit, H. (2015). <a href=\"http:\/\/www.eap.ee\/public\/trames_pdf\/2015\/issue_2\/Trames-2015-2-139-154.pdf\" target=\"_blank\" rel=\"noopener\">Parent-teacher communication patterns concerning activity and positive-negative attitudes<\/a>. <em>Trames: Journal of the Humanities and Social Sciences<\/em>, 19(69\/64)(2), 139\u2013154.<\/p>\n<p>Palts, K.; Kalmus, V. (2015). <a href=\"http:\/\/ijedict.dec.uwi.edu\/viewarticle.php?id=2025%20\" target=\"_blank\" rel=\"noopener\">Digital channels in teacher-parent communication: The case of Estonia<\/a>. <em>International Journal of Education and Development using ICT<\/em>, 11(3).<\/p>\n<p>Roosalu, T.\u037e Kalmus, V. (2011). <a href=\"\/wp-content\/uploads\/sites\/153\/roosalu_kalmus_2011.pdf\" target=\"_blank\" rel=\"noopener\">Families bolstering the effects of globalisation: Do welfare regimes explain cross\u00adnational differences in parenting strategies?<\/a> Papanikos, G.T. (Ed.). <em>Essays on Social Themes<\/em> (247\u00ad-258). Athens: ATINER.<\/p>\n<p>Siibak, A.; Tamme, V. (2013). <a href=\"\/wp-content\/uploads\/sites\/153\/siibaktamme_nl_2013.pdf\" target=\"_blank\" rel=\"noopener\">\u2018Who introduced Granny to Facebook?\u2019: An exploration of everyday family interactions in web-based communication environments<\/a>. <em>Northern Lights<\/em>, 11(1), 71-89.<\/p>\n<p>Soo, K.; Kalmus, V.; Ainsaar, M. (2015). <a href=\"http:\/\/ojs.utlib.ee\/index.php\/EHA\/article\/viewFile\/12358\/7461\" target=\"_blank\" rel=\"noopener\">Eesti \u00f5petajate roll laste internetikasutuse sotsiaalses vahendamises (The role of Estonian teachers in the social mediation of children\u2019s internet use)<\/a>. <em>Eesti Haridusteaduste Ajakiri<\/em>, 3(2), 156-185.<\/p>\n<p>Talves, K.; Kalmus, V. (2015). <a href=\"http:\/\/www.cyberpsychology.eu\/view.php?cisloclanku=2015051404&amp;article=4\" target=\"_blank\" rel=\"noopener\">Gendered mediation of children\u2019s internet use: A keyhole for looking into changing socialization practices. <\/a><em>Cyberpsychology: Journal of Psychosocial Research on Cyberspace<\/em>, 9(1).<\/p>\n<p>Tamme, V.; Siibak, A. (2012). <a href=\"http:\/\/obs.obercom.pt\/index.php\/obs\/article\/view\/581\/532\" target=\"_blank\" rel=\"noopener\">Enhancing family cohesion through web-based communication: Analysis of online communication practices in Estonian families<\/a>. <em>Observatorio (OBS*)<\/em>, 001-028.<\/p>\n<p>Vinter, K. (2012). <a href=\"http:\/\/www.cyberpsychology.eu\/view.php?cisloclanku=2012081001&amp;article=2\" target=\"_blank\" rel=\"noopener\">The formation of new media preferences among pre\u00adschool children in the context of peer culture and home interaction: A pedagogical perspective<\/a>. <em>Cyberpsychology: Journal of Psychosocial Research on Cyberspace<\/em>, 6(2).\u00a0<\/p>\n","protected":false},"excerpt":{"rendered":"<p>Publications in this chapter answer to the following research questions: What are the patterns of interaction between children \/ young people, their peers and siblings, parents and teachers in the process of socialisation into the emerging information society? To what &#8230;<\/p>\n","protected":false},"author":74,"featured_media":0,"parent":0,"menu_order":0,"comment_status":"closed","ping_status":"closed","template":"","meta":{"_acf_changed":false,"inline_featured_image":false,"footnotes":""},"class_list":["post-11","page","type-page","status-publish","hentry"],"acf":[],"_links":{"self":[{"href":"https:\/\/sisu.ut.ee\/genire_eng\/wp-json\/wp\/v2\/pages\/11","targetHints":{"allow":["GET"]}}],"collection":[{"href":"https:\/\/sisu.ut.ee\/genire_eng\/wp-json\/wp\/v2\/pages"}],"about":[{"href":"https:\/\/sisu.ut.ee\/genire_eng\/wp-json\/wp\/v2\/types\/page"}],"author":[{"embeddable":true,"href":"https:\/\/sisu.ut.ee\/genire_eng\/wp-json\/wp\/v2\/users\/74"}],"replies":[{"embeddable":true,"href":"https:\/\/sisu.ut.ee\/genire_eng\/wp-json\/wp\/v2\/comments?post=11"}],"version-history":[{"count":1,"href":"https:\/\/sisu.ut.ee\/genire_eng\/wp-json\/wp\/v2\/pages\/11\/revisions"}],"predecessor-version":[{"id":78,"href":"https:\/\/sisu.ut.ee\/genire_eng\/wp-json\/wp\/v2\/pages\/11\/revisions\/78"}],"wp:attachment":[{"href":"https:\/\/sisu.ut.ee\/genire_eng\/wp-json\/wp\/v2\/media?parent=11"}],"curies":[{"name":"wp","href":"https:\/\/api.w.org\/{rel}","templated":true}]}}