{"id":10,"date":"2024-04-04T01:58:53","date_gmt":"2024-04-03T22:58:53","guid":{"rendered":"https:\/\/sisu.ut.ee\/genire_eng\/generations-media-related-perceptions-experiences-and-attitudes\/"},"modified":"2024-04-04T01:58:59","modified_gmt":"2024-04-03T22:58:59","slug":"generations-media-related-perceptions-experiences-and-attitudes","status":"publish","type":"page","link":"https:\/\/sisu.ut.ee\/genire_eng\/generations-media-related-perceptions-experiences-and-attitudes\/","title":{"rendered":"Generations\u2019 media-related perceptions, experiences and attitudes"},"content":{"rendered":"<p>Publications in this chapter seek answers to the following research questions:<\/p>\n<p>What kind of knowledge, conceptions, beliefs and attitudes do children, parents and teachers have with regard to media-related opportunities and risks for children? What kind of possible media influences on children do parents and teachers perceive? What kind of attitudes do children, parents and teachers have with regard to parental mediation and media education? How do parents and teachers perceive each other\u2019s role in media education?<\/p>\n<p>Kalmus, V. (2013). <a href=\"\/wp-content\/uploads\/sites\/153\/kalmus_eia2013_eng.pdf\" target=\"_blank\" rel=\"noopener\">Children\u2019s safety in the new media environment<\/a>. Heidmets, M. (Ed.). <em>Estonian Human Development Report 2012\/2013: Estonia in the World<\/em> (92-94). Tallinn: Estonian Cooperation Assembly.<\/p>\n<p>Kalmus, V.; \u00d3lafsson, K. (2013). <a href=\"http:\/\/www.cyberpsychology.eu\/view.php?cisloclanku=2013022201&amp;article=1\" target=\"_blank\" rel=\"noopener\">Editorial: A child-centred perspective on risks and opportunities in cyberspace<\/a>. <em>Cyberpsychology: Journal of Psychosocial Research on Cyberspace<\/em>, 7(1).<\/p>\n<p>Livingstone, S.; Kalmus, V.; Talves, K. (2014). <a href=\"\/wp-content\/uploads\/sites\/153\/livingstone_etal_media_and_gender_companion.pdf\" target=\"_blank\" rel=\"noopener\">Girls\u2019 and boys\u2019 experiences of online risk and safety<\/a>. Carter, C.; Steiner, L.; McLaughlin, L. (Eds.). <em>The Routledge Companion to Media and Gender<\/em> (190\u00ad-200). London: Routledge.<\/p>\n<p>Murumaa-Mengel, M. (2015). <a href=\"\/wp-content\/uploads\/sites\/153\/murumaa_mengel_drawing_the_threat_a_study_on_perceptions_of_the_online_pervert.pdf\" target=\"_blank\" rel=\"noopener\">Drawing the threat: A study on perceptions of the online pervert among Estonian high-school students<\/a>. <em>Young: Nordic Journal of Youth Research<\/em>, 23(1), 1-18.<\/p>\n<p>Siibak, A.\u037e Vinter, K. (2014). <a href=\"\/wp-content\/uploads\/sites\/153\/siibak_vinter_2014_no_silly.pdf\" target=\"_blank\" rel=\"noopener\">\u201cNo silly girls\u2019 films!\u201d Analysis of Estonian preschool children\u2019s gender specific tastes in media, and possible implications for preschool learning<\/a>. <em>International Journal of Early Childhood<\/em>, 46(3), 357-\u00ad372.<\/p>\n<p>Siibak, A.; Vinter, K. (2014). <a href=\"\/wp-content\/uploads\/sites\/153\/siibak_vinter_2014_ariadne_long.pdf\" target=\"_blank\" rel=\"noopener\">\u201eMa tahaks olla Pommimees!\u201c \u2013 lasteaialaste meedialemmikute anal\u00fc\u00fcs ja nende v\u00f5imalik kasutamine v\u00e4\u00e4rtuskasvatuses ja sootundlikus hariduses (\u201cI\u2019d like to be Bomberman\u201d: Analysis of preschool children\u2019s media favourites and their potential use in value education and gender-sensitive education)<\/a>. <em>Ariadne L\u00f5ng: nais- ja meesuuringute ajakiri<\/em>, 1\/2, 85-100.<\/p>\n<p>Vinter, K.; Kruuse, K. (2013). <a href=\"\/wp-content\/uploads\/sites\/153\/vinter_kruuse.pdf\" target=\"_blank\" rel=\"noopener\">Television and education<\/a>. Ainsworth, J. (Eds.). <em>Sociology of Education: An A-to-Z Guide <\/em>(788-790). Sage Publications Ltd.<\/p>\n<p>Vinter, K.\u037e Siibak, A. (2012). <a href=\"\/wp-content\/uploads\/sites\/153\/vinter_siibak.pdf\" target=\"_blank\" rel=\"noopener\">The role of parents in guiding pre\u00adschool children\u2019s use of computers and the internet: Analyzing perceptions of Estonian children and parents<\/a>. Mikk, J.\u037e Luik, P.\u037e Veisson, M. (Eds.). <em>Lifelong Learning and Teacher Development<\/em> (78-94).Peter Lang Publishers House.<\/p>\n","protected":false},"excerpt":{"rendered":"<p>Publications in this chapter seek answers to the following research questions: What kind of knowledge, conceptions, beliefs and attitudes do children, parents and teachers have with regard to media-related opportunities and risks for children? What kind of possible media influences &#8230;<\/p>\n","protected":false},"author":74,"featured_media":0,"parent":0,"menu_order":0,"comment_status":"closed","ping_status":"closed","template":"","meta":{"_acf_changed":false,"inline_featured_image":false,"footnotes":""},"class_list":["post-10","page","type-page","status-publish","hentry"],"acf":[],"_links":{"self":[{"href":"https:\/\/sisu.ut.ee\/genire_eng\/wp-json\/wp\/v2\/pages\/10","targetHints":{"allow":["GET"]}}],"collection":[{"href":"https:\/\/sisu.ut.ee\/genire_eng\/wp-json\/wp\/v2\/pages"}],"about":[{"href":"https:\/\/sisu.ut.ee\/genire_eng\/wp-json\/wp\/v2\/types\/page"}],"author":[{"embeddable":true,"href":"https:\/\/sisu.ut.ee\/genire_eng\/wp-json\/wp\/v2\/users\/74"}],"replies":[{"embeddable":true,"href":"https:\/\/sisu.ut.ee\/genire_eng\/wp-json\/wp\/v2\/comments?post=10"}],"version-history":[{"count":1,"href":"https:\/\/sisu.ut.ee\/genire_eng\/wp-json\/wp\/v2\/pages\/10\/revisions"}],"predecessor-version":[{"id":79,"href":"https:\/\/sisu.ut.ee\/genire_eng\/wp-json\/wp\/v2\/pages\/10\/revisions\/79"}],"wp:attachment":[{"href":"https:\/\/sisu.ut.ee\/genire_eng\/wp-json\/wp\/v2\/media?parent=10"}],"curies":[{"name":"wp","href":"https:\/\/api.w.org\/{rel}","templated":true}]}}