{"id":12,"date":"2024-04-03T23:15:08","date_gmt":"2024-04-03T20:15:08","guid":{"rendered":"https:\/\/sisu.ut.ee\/geneetika2\/kokkuvote\/"},"modified":"2024-04-10T11:15:35","modified_gmt":"2024-04-10T08:15:35","slug":"kokkuvote","status":"publish","type":"page","link":"https:\/\/sisu.ut.ee\/geneetika2\/kokkuvote\/","title":{"rendered":"Kokkuv\u00f5te"},"content":{"rendered":"<p>K\u00e4esolev e-\u00f5ppe materjal on \u00fclevaade genoomi organisatsioonist ja struktuursetest elementidest. Meditsiini molekulaarsele osale p\u00fchendatud loengute maht on stuudiumi l\u00f5ikes piiratud, mist\u00f5ttu genoomi organisatsiooni teemat on v\u00f5imalik k\u00e4sitleda suhteliselt pealiskaudselt. E \u2013 \u00f5ppe lisamaterjali eesm\u00e4rgiks ongi v\u00f5imaldada \u00f5ppijatel v\u00e4iksema vaevaga ennast kurssi viia erialasse puutuvate molekulaargeneetika alaste kaasaegsete k\u00e4sitlustega.<\/p>\n<p>Geenidele ja genoomidele keskendunud uuringud on vajalikud organismide p\u00f5hiliste bioloogiliste mehhanismide, haigustundlikkuse ja ravivastuste uurimisel. T\u00e4nap\u00e4eval kasutatakse genoomikat ulatuslikult \u2013 meditsiinis, majanduses (energiaallikate seiramiseks), p\u00f5llumajanduses (nt. genoompullie tootmine kasumlikkuse t\u00f5stmiseks ja riskide hajutamiseks ) jne. Et m\u00f5ista genoomiuuringute eesm\u00e4rke ja \u00a0tulemusi, on eelteadmised genoomi struktuurist ja organisatsioonist vajalikud.<\/p>\n<p>Palju uut on viimaste uuringutega saadud teada genoomi struktuuri seostest tema funktsioonidega. Riboswitch RNA ehitus ja funktsioon geeniekspressiooni regulatsioonis on ainult \u00fcks n\u00e4ide molekulaarsete regulatsioonimehhanismide mitmekesisusest. Muutused, mis toimuvad genoomi struktuuris, on sageli seotud inimese haigustega (kasvajad, neurodegeneratiivsed haigused jt.). Uute ravistrateegiate v\u00e4ljat\u00f6\u00f6tamiseks ja toimemehhanismide m\u00f5istmiseks on teadmised genoomi organisatsiooni kohta samuti olulised.<\/p>\n<div id=\"accordion\" class=\"accordion\">\n<p class=\"p1\"><\/p><div class=\"accordion mb-3\">\n        <div class=\"accordion-item accordion-item--white\">\n        <h2 class=\"accordion-header\" id=\"accordion-69e4f4ede3bbc-heading\">\n            <button class=\"accordion-button collapsed\" type=\"button\" data-bs-toggle=\"collapse\" data-bs-target=\"#accordion-69e4f4ede3bbc-collapse\" aria-expanded=\"true\" aria-controls=\"accordion-69e4f4ede3bbc-collapse\">Kas geenide arv ja valgu suurus on seotud organismide fenot\u00fc\u00fcbilise kompleksusega? <\/button>\n        <\/h2>\n        <div id=\"accordion-69e4f4ede3bbc-collapse\" class=\"accordion-collapse collapse\" aria-labelledby=\"accordion-69e4f4ede3bbc-heading\">\n            <div class=\"accordion-body\">\u00dcldiselt ei ole. P\u00f5hjuseks peetakse muutusi mittekodeerivas ehk regulatoorses DNAs, mis m\u00f5jutab geeniekspressiooni regulatsiooni.<\/div>\n        <\/div>\n        <\/div>\n    <\/div>\n<\/div>\n","protected":false},"excerpt":{"rendered":"<p>K\u00e4esolev e-\u00f5ppe materjal on \u00fclevaade genoomi organisatsioonist ja struktuursetest elementidest. Meditsiini molekulaarsele osale p\u00fchendatud loengute maht on stuudiumi l\u00f5ikes piiratud, mist\u00f5ttu genoomi organisatsiooni teemat on v\u00f5imalik k\u00e4sitleda suhteliselt pealiskaudselt. E \u2013 \u00f5ppe lisamaterjali eesm\u00e4rgiks ongi v\u00f5imaldada \u00f5ppijatel v\u00e4iksema vaevaga ennast &#8230;<\/p>\n","protected":false},"author":280,"featured_media":0,"parent":0,"menu_order":0,"comment_status":"closed","ping_status":"closed","template":"","meta":{"_acf_changed":false,"inline_featured_image":false,"footnotes":""},"class_list":["post-12","page","type-page","status-publish","hentry"],"acf":[],"_links":{"self":[{"href":"https:\/\/sisu.ut.ee\/geneetika2\/wp-json\/wp\/v2\/pages\/12","targetHints":{"allow":["GET"]}}],"collection":[{"href":"https:\/\/sisu.ut.ee\/geneetika2\/wp-json\/wp\/v2\/pages"}],"about":[{"href":"https:\/\/sisu.ut.ee\/geneetika2\/wp-json\/wp\/v2\/types\/page"}],"author":[{"embeddable":true,"href":"https:\/\/sisu.ut.ee\/geneetika2\/wp-json\/wp\/v2\/users\/280"}],"replies":[{"embeddable":true,"href":"https:\/\/sisu.ut.ee\/geneetika2\/wp-json\/wp\/v2\/comments?post=12"}],"version-history":[{"count":2,"href":"https:\/\/sisu.ut.ee\/geneetika2\/wp-json\/wp\/v2\/pages\/12\/revisions"}],"predecessor-version":[{"id":91,"href":"https:\/\/sisu.ut.ee\/geneetika2\/wp-json\/wp\/v2\/pages\/12\/revisions\/91"}],"wp:attachment":[{"href":"https:\/\/sisu.ut.ee\/geneetika2\/wp-json\/wp\/v2\/media?parent=12"}],"curies":[{"name":"wp","href":"https:\/\/api.w.org\/{rel}","templated":true}]}}