{"id":8,"date":"2024-04-03T23:15:02","date_gmt":"2024-04-03T20:15:02","guid":{"rendered":"https:\/\/sisu.ut.ee\/geneetika1\/5-funktsionaalne-genoomika\/"},"modified":"2024-04-10T10:44:06","modified_gmt":"2024-04-10T07:44:06","slug":"5-funktsionaalne-genoomika","status":"publish","type":"page","link":"https:\/\/sisu.ut.ee\/geneetika1\/5-funktsionaalne-genoomika\/","title":{"rendered":"5. Funktsionaalne genoomika"},"content":{"rendered":"<p><strong style=\"line-height: 1.6em;\">Funktsionaalne genoomika <\/strong><span style=\"line-height: 1.6em;\">on molekulaarbioloogia haru, mis p\u00fc\u00fcab genoomide sekveneerimisest saadud andmeid geenide ja valkude funktsioonide ning interaktsioonide kohta muuta kasutatavateks.<\/span><\/p>\n<p><strong>Funktsionaalse genoomika uurimisvaldkonnad:<\/strong><\/p>\n<ul>\n<li><span style=\"line-height: 1.6em;\">Geeni transkriptsioon<\/span><\/li>\n<li><span style=\"line-height: 1.6em;\">Translatsioon<\/span><\/li>\n<li><span style=\"line-height: 1.6em;\">Valk \u2013 valk interaktsioonid<\/span><\/li>\n<\/ul>\n<p>Funktsionaalne genoomika keskendub DNA funktsioonile geenide, RNA transkriptide ja valkude tasemel.\u00a0 Iseloomulik on \u00fclegenoomne l\u00e4henemine p\u00fcstitatud k\u00fcsimustele, meetoditena kasutatakse tavaliselt high \u2013 throughput metoodikat ja bioinformaatikat.<\/p>\n<p><span style=\"line-height: 1.6em;\">Pear\u00f5hk uuringutes asetub <\/span><strong style=\"line-height: 1.6em;\">geeniekspressiooni mustrite erinevustele erinevates tingimustes<\/strong><span style=\"line-height: 1.6em;\">.<\/span><\/p>\n<h6><span style=\"line-height: 1.6em;\">Millal ja kus geenid ekspresseeruvad? Kuidas erineb geeniekspressiooni tase erinevates rakut\u00fc\u00fcpides ja kudedes?<\/span><\/h6>\n<p><img loading=\"lazy\" decoding=\"async\" width=\"600\" height=\"449\" class=\"alignnone wp-image-32 aligncenter\" style=\"margin-left: auto; margin-right: auto;\" title=\"genoomika5-1.png\" src=\"https:\/\/sisu.ut.ee\/wp-content\/uploads\/sites\/55\/genoomika5-1.png\" alt=\"genoomika5-1.png\" srcset=\"https:\/\/sisu.ut.ee\/wp-content\/uploads\/sites\/55\/genoomika5-1.png 600w, https:\/\/sisu.ut.ee\/wp-content\/uploads\/sites\/55\/genoomika5-1-300x225.png 300w\" sizes=\"auto, (max-width: 600px) 100vw, 600px\"><\/p>\n<p style=\"text-align: center;\"><span style=\"line-height: 1.6em;\">Skeem konvergentsete (l\u00e4hedaste liikide) uuringute kohta funktsionaalses genoomikas. QTL \u2013 quantitative trait loci; CNV \u2013 copy number variation.\u00a0<\/span><a href=\"http:\/\/www.neurophenomics.info\/cfg.php\" target=\"_blank\" rel=\"noopener\"><span style=\"line-height: 1.6em;\">http:\/\/www.neurophenomics.info\/cfg.php<\/span><\/a><\/p>\n<p>Kirjandus:<\/p>\n<ul>\n<li><a style=\"line-height: 1.6em;\" href=\"http:\/\/www.csm.ornl.gov\/SC98\/genomics.html\">http:\/\/www.csm.ornl.gov\/SC98\/genomics.html<\/a><span style=\"line-height: 1.6em;\">\u00a0<\/span><\/li>\n<li><a href=\"http:\/\/en.wikipedia.org\/wiki\/Functional_genomics\" target=\"_blank\" rel=\"noopener\"><span style=\"line-height: 1.6em;\">http:\/\/en.wikipedia.org\/wiki\/Functional_genomics<\/span><\/a><\/li>\n<li><a href=\"http:\/\/www.ebi.ac.uk\/training\/online\/course\/functional-genomics-introduction-ebi-resources\/what-functional-genomics\" target=\"_blank\" rel=\"noopener\"><span style=\"line-height: 1.6em;\">http:\/\/www.ebi.ac.uk\/training\/online\/course\/functional-genomics-introduction-ebi-resources\/what-functional-genomics<\/span><\/a><\/li>\n<\/ul>\n","protected":false},"excerpt":{"rendered":"<p>Funktsionaalne genoomika on molekulaarbioloogia haru, mis p\u00fc\u00fcab genoomide sekveneerimisest saadud andmeid geenide ja valkude funktsioonide ning interaktsioonide kohta muuta kasutatavateks. Funktsionaalse genoomika uurimisvaldkonnad: Geeni transkriptsioon Translatsioon Valk \u2013 valk interaktsioonid Funktsionaalne genoomika keskendub DNA funktsioonile geenide, RNA transkriptide ja valkude &#8230;<\/p>\n","protected":false},"author":280,"featured_media":0,"parent":0,"menu_order":0,"comment_status":"closed","ping_status":"closed","template":"","meta":{"_acf_changed":false,"inline_featured_image":false,"footnotes":""},"class_list":["post-8","page","type-page","status-publish","hentry"],"acf":[],"_links":{"self":[{"href":"https:\/\/sisu.ut.ee\/geneetika1\/wp-json\/wp\/v2\/pages\/8","targetHints":{"allow":["GET"]}}],"collection":[{"href":"https:\/\/sisu.ut.ee\/geneetika1\/wp-json\/wp\/v2\/pages"}],"about":[{"href":"https:\/\/sisu.ut.ee\/geneetika1\/wp-json\/wp\/v2\/types\/page"}],"author":[{"embeddable":true,"href":"https:\/\/sisu.ut.ee\/geneetika1\/wp-json\/wp\/v2\/users\/280"}],"replies":[{"embeddable":true,"href":"https:\/\/sisu.ut.ee\/geneetika1\/wp-json\/wp\/v2\/comments?post=8"}],"version-history":[{"count":2,"href":"https:\/\/sisu.ut.ee\/geneetika1\/wp-json\/wp\/v2\/pages\/8\/revisions"}],"predecessor-version":[{"id":88,"href":"https:\/\/sisu.ut.ee\/geneetika1\/wp-json\/wp\/v2\/pages\/8\/revisions\/88"}],"wp:attachment":[{"href":"https:\/\/sisu.ut.ee\/geneetika1\/wp-json\/wp\/v2\/media?parent=8"}],"curies":[{"name":"wp","href":"https:\/\/api.w.org\/{rel}","templated":true}]}}