{"id":71,"date":"2024-04-10T10:32:55","date_gmt":"2024-04-10T07:32:55","guid":{"rendered":"https:\/\/sisu.ut.ee\/geneetika1\/?page_id=71"},"modified":"2024-04-10T10:32:55","modified_gmt":"2024-04-10T07:32:55","slug":"enesetest","status":"publish","type":"page","link":"https:\/\/sisu.ut.ee\/geneetika1\/enesetest\/","title":{"rendered":"Enesetest"},"content":{"rendered":"<div id=\"watupro_quiz\" class=\"quiz-area single-page-quiz\">\n<p id=\"submittingExam1\" style=\"display:none;text-align:center;\"><img loading=\"lazy\" decoding=\"async\" src=\"https:\/\/sisu.ut.ee\/wp-content\/plugins\/watupro\/img\/loading.gif\" width=\"16\" height=\"16\"><\/p>\n\n<div class=\"watupro-exam-description\" id=\"description-quiz-1\"><p>Kontrolli enda teadmisi. J\u00e4rgnevalt on esitatud 6 v\u00e4idet.\u00a0Vali, kas v\u00e4ited on t\u00f5esed v\u00f5i valed.<\/p>\n<\/div>\n\n<form action=\"\" method=\"post\" class=\"quiz-form\" id=\"quiz-1\" enctype=\"multipart\/form-data\">\n<div class=\"watu-question \" id=\"question-1\" style=\";\"><div id=\"questionWrap-1\" class=\"  watupro-required-6 watupro-question-id-6\">\n\t\t\t<div class=\"question-content\"><div><p><span style=\"line-height: 1.6em;\">Knock \u2013 down hiiremudelites on teatud geenide ekspressioon t\u00e4ielikult v\u00e4lja l\u00fclitatud.<\/span><\/p><\/div><input type=\"hidden\" name=\"question_id[]\" id=\"qID_1\" value=\"6\" class=\"watupro-question-id\"><input type=\"hidden\" id=\"answerType6\" class=\"answerTypeCnt1\" value=\"radio\"><input type=\"hidden\" id=\"watupro-required-question-6\"><!-- end question-content--><\/div><div class=\"question-choices watupro-choices-columns \" id=\"questionChoices6\"><div class=\"watupro-question-choice  \" dir=\"auto\"><input type=\"radio\" name=\"answer-6[]\" id=\"answer-id-11\" class=\"answer   answerof-6 \" value=\"11\"><label for=\"answer-id-11\" id=\"answer-label-11\" class=\" answer\"><span>True<\/span><\/label><\/div><div class=\"watupro-question-choice  \" dir=\"auto\"><input type=\"radio\" name=\"answer-6[]\" id=\"answer-id-12\" class=\"answer   answerof-6 \" value=\"12\"><label for=\"answer-id-12\" id=\"answer-label-12\" class=\" answer\"><span>False<\/span><\/label><\/div><!-- end question-choices--><\/div><!-- end questionWrap--><\/div><\/div><div class=\"watu-question \" id=\"question-2\" style=\";\"><div id=\"questionWrap-2\" class=\"  watupro-required-1 watupro-question-id-1\">\n\t\t\t<div class=\"question-content\"><div><p>Genoomika eesm\u00e4rk on \u00fcksikute geenide rolli uurimine haiguse v\u00f5i tunnuse tekkes.<\/p><\/div><input type=\"hidden\" name=\"question_id[]\" id=\"qID_2\" value=\"1\" class=\"watupro-question-id\"><input type=\"hidden\" id=\"answerType1\" class=\"answerTypeCnt2\" value=\"radio\"><input type=\"hidden\" id=\"watupro-required-question-1\"><!-- end question-content--><\/div><div class=\"question-choices watupro-choices-columns \" id=\"questionChoices1\"><div class=\"watupro-question-choice  \" dir=\"auto\"><input type=\"radio\" name=\"answer-1[]\" id=\"answer-id-1\" class=\"answer   answerof-1 \" value=\"1\"><label for=\"answer-id-1\" id=\"answer-label-1\" class=\" answer\"><span>True<\/span><\/label><\/div><div class=\"watupro-question-choice  \" dir=\"auto\"><input type=\"radio\" name=\"answer-1[]\" id=\"answer-id-2\" class=\"answer   answerof-1 \" value=\"2\"><label for=\"answer-id-2\" id=\"answer-label-2\" class=\" answer\"><span>False<\/span><\/label><\/div><!-- end question-choices--><\/div><!-- end questionWrap--><\/div><\/div><div class=\"watu-question \" id=\"question-3\" style=\";\"><div id=\"questionWrap-3\" class=\"  watupro-required-5 watupro-question-id-5\">\n\t\t\t<div class=\"question-content\"><div><p><span style=\"line-height: 1.6em;\">Funktsionaalse genoomika uurimisvaldkond h\u00f5lmab geenide transkriptsiooni, valkude interaktsioone ja translatsiooniprotsesse.<\/span><\/p><\/div><input type=\"hidden\" name=\"question_id[]\" id=\"qID_3\" value=\"5\" class=\"watupro-question-id\"><input type=\"hidden\" id=\"answerType5\" class=\"answerTypeCnt3\" value=\"radio\"><input type=\"hidden\" id=\"watupro-required-question-5\"><!-- end question-content--><\/div><div class=\"question-choices watupro-choices-columns \" id=\"questionChoices5\"><div class=\"watupro-question-choice  \" dir=\"auto\"><input type=\"radio\" name=\"answer-5[]\" id=\"answer-id-9\" class=\"answer   answerof-5 \" value=\"9\"><label for=\"answer-id-9\" id=\"answer-label-9\" class=\" answer\"><span>True<\/span><\/label><\/div><div class=\"watupro-question-choice  \" dir=\"auto\"><input type=\"radio\" name=\"answer-5[]\" id=\"answer-id-10\" class=\"answer   answerof-5 \" value=\"10\"><label for=\"answer-id-10\" id=\"answer-label-10\" class=\" answer\"><span>False<\/span><\/label><\/div><!-- end question-choices--><\/div><!-- end questionWrap--><\/div><\/div><div class=\"watu-question \" id=\"question-4\" style=\";\"><div id=\"questionWrap-4\" class=\"  watupro-required-4 watupro-question-id-4\">\n\t\t\t<div class=\"question-content\"><div><p>Metagenoomika baseerub kaasaegsetel metoodikatel individuaalsete liikide isoleerimiseks ja koekultuuris kasvatamiseks, et uurida mikroobide kooslust.<\/p><\/div><input type=\"hidden\" name=\"question_id[]\" id=\"qID_4\" value=\"4\" class=\"watupro-question-id\"><input type=\"hidden\" id=\"answerType4\" class=\"answerTypeCnt4\" value=\"radio\"><input type=\"hidden\" id=\"watupro-required-question-4\"><!-- end question-content--><\/div><div class=\"question-choices watupro-choices-columns \" id=\"questionChoices4\"><div class=\"watupro-question-choice  \" dir=\"auto\"><input type=\"radio\" name=\"answer-4[]\" id=\"answer-id-7\" class=\"answer   answerof-4 \" value=\"7\"><label for=\"answer-id-7\" id=\"answer-label-7\" class=\" answer\"><span>True<\/span><\/label><\/div><div class=\"watupro-question-choice  \" dir=\"auto\"><input type=\"radio\" name=\"answer-4[]\" id=\"answer-id-8\" class=\"answer   answerof-4 \" value=\"8\"><label for=\"answer-id-8\" id=\"answer-label-8\" class=\" answer\"><span>False<\/span><\/label><\/div><!-- end question-choices--><\/div><!-- end questionWrap--><\/div><\/div><div class=\"watu-question \" id=\"question-5\" style=\";\"><div id=\"questionWrap-5\" class=\"  watupro-required-3 watupro-question-id-3\">\n\t\t\t<div class=\"question-content\"><div><p>Genoomide sekveneerimiseks kasutatakse shotgun ja high \u2013 throughput\u00a0 (ehk next \u2013 generation) tehnoloogiatel baseeruvaid metoodikaid.<\/p><\/div><input type=\"hidden\" name=\"question_id[]\" id=\"qID_5\" value=\"3\" class=\"watupro-question-id\"><input type=\"hidden\" id=\"answerType3\" class=\"answerTypeCnt5\" value=\"radio\"><input type=\"hidden\" id=\"watupro-required-question-3\"><!-- end question-content--><\/div><div class=\"question-choices watupro-choices-columns \" id=\"questionChoices3\"><div class=\"watupro-question-choice  \" dir=\"auto\"><input type=\"radio\" name=\"answer-3[]\" id=\"answer-id-5\" class=\"answer   answerof-3 \" value=\"5\"><label for=\"answer-id-5\" id=\"answer-label-5\" class=\" answer\"><span>True<\/span><\/label><\/div><div class=\"watupro-question-choice  \" dir=\"auto\"><input type=\"radio\" name=\"answer-3[]\" id=\"answer-id-6\" class=\"answer   answerof-3 \" value=\"6\"><label for=\"answer-id-6\" id=\"answer-label-6\" class=\" answer\"><span>False<\/span><\/label><\/div><!-- end question-choices--><\/div><!-- end questionWrap--><\/div><\/div><div class=\"watu-question \" id=\"question-6\" style=\";\"><div id=\"questionWrap-6\" class=\"  watupro-required-2 watupro-question-id-2\">\n\t\t\t<div class=\"question-content\"><div><p>Aastal 1980 anti teadlastele F. Sanger ja W. Gilbert Nobeli preemia sekveneerimismetoodika eest.<\/p><\/div><input type=\"hidden\" name=\"question_id[]\" id=\"qID_6\" value=\"2\" class=\"watupro-question-id\"><input type=\"hidden\" id=\"answerType2\" class=\"answerTypeCnt6\" value=\"radio\"><input type=\"hidden\" id=\"watupro-required-question-2\"><!-- end question-content--><\/div><div class=\"question-choices watupro-choices-columns \" id=\"questionChoices2\"><div class=\"watupro-question-choice  \" dir=\"auto\"><input type=\"radio\" name=\"answer-2[]\" id=\"answer-id-3\" class=\"answer   answerof-2 \" value=\"3\"><label for=\"answer-id-3\" id=\"answer-label-3\" class=\" answer\"><span>True<\/span><\/label><\/div><div class=\"watupro-question-choice  \" dir=\"auto\"><input type=\"radio\" name=\"answer-2[]\" id=\"answer-id-4\" class=\"answer   answerof-2 \" value=\"4\"><label for=\"answer-id-4\" id=\"answer-label-4\" class=\" answer\"><span>False<\/span><\/label><\/div><!-- end question-choices--><\/div><!-- end questionWrap--><\/div><\/div><div style=\"display:none\" id=\"question-7\">\n\t<div class=\"question-content\">\n\t\t<img loading=\"lazy\" decoding=\"async\" src=\"https:\/\/sisu.ut.ee\/wp-content\/plugins\/watupro\/img\/loading.gif\" width=\"16\" height=\"16\" alt=\"Loading...\" title=\"Loading...\">\u00a0Loading...\t<\/div>\n<\/div>\n\n<br>\n\t\n\t\t\t<div class=\"watupro_buttons flex \" id=\"watuPROButtons1\">\n\t\t  <div id=\"prev-question\" style=\"display:none;\"><input type=\"button\" value=\"&lt; Previous\" onclick=\"WatuPRO.nextQuestion(event, 'previous');\"><\/div>\t\t  \t\t  \t\t   \n\t\t   \t  \t\t<div><input type=\"button\" name=\"action\" class=\"watupro-submit-button\" onclick=\"WatuPRO.submitResult(event)\" id=\"action-button\" value=\"View Results\">\n\t\t<\/div>\n\t\t<\/div>\n\t\t\n\t<input type=\"hidden\" name=\"quiz_id\" value=\"1\" id=\"watuPROExamID\">\n\t<input type=\"hidden\" name=\"start_time\" id=\"startTime\" value=\"2026-04-11 12:46:28\">\n\t<input type=\"hidden\" name=\"start_timestamp\" id=\"startTimeStamp\" value=\"1775911588\">\n\t<input type=\"hidden\" name=\"question_ids\" value=\"\">\n\t<input type=\"hidden\" name=\"watupro_questions\" value=\"6:11,12 | 1:1,2 | 5:9,10 | 4:7,8 | 3:5,6 | 2:3,4\">\n\t<input type=\"hidden\" name=\"no_ajax\" value=\"0\">\t\t\t<\/form>\n\t<p>\u00a0<\/p>\n<\/div>\n\n<script type=\"text\/javascript\">\n\/\/jQuery(document).ready(function(){\ndocument.addEventListener(\"DOMContentLoaded\", function(event) { \t\nvar question_ids = \"6,1,5,4,3,2\";\nWatuPROSettings[1] = {};\nWatuPRO.qArr = question_ids.split(',');\nWatuPRO.exam_id = 1;\t    \nWatuPRO.post_id = 71;\nWatuPRO.store_progress = 0;\nWatuPRO.curCatPage = 1;\nWatuPRO.requiredIDs=\"0,6,1,5,4,3,2\".split(\",\");\nWatuPRO.hAppID = \"0.13051000 1775900788\";\nvar url = \"https:\/\/sisu.ut.ee\/wp-content\/plugins\/watupro\/show_exam.php\";\nWatuPRO.examMode = 1;\nWatuPRO.siteURL=\"https:\/\/sisu.ut.ee\/geneetika1\/wp-admin\/admin-ajax.php\";\nWatuPRO.emailIsNotRequired = 0;\nWatuPRO.perDecade = 10;\nWatuPROIntel.init(1);\nWatuPRO.inCategoryPages=1;});    \t \n<\/script>\n\n","protected":false},"excerpt":{"rendered":"","protected":false},"author":9,"featured_media":0,"parent":0,"menu_order":0,"comment_status":"closed","ping_status":"closed","template":"","meta":{"_acf_changed":false,"inline_featured_image":false,"footnotes":""},"class_list":["post-71","page","type-page","status-publish","hentry"],"acf":[],"_links":{"self":[{"href":"https:\/\/sisu.ut.ee\/geneetika1\/wp-json\/wp\/v2\/pages\/71","targetHints":{"allow":["GET"]}}],"collection":[{"href":"https:\/\/sisu.ut.ee\/geneetika1\/wp-json\/wp\/v2\/pages"}],"about":[{"href":"https:\/\/sisu.ut.ee\/geneetika1\/wp-json\/wp\/v2\/types\/page"}],"author":[{"embeddable":true,"href":"https:\/\/sisu.ut.ee\/geneetika1\/wp-json\/wp\/v2\/users\/9"}],"replies":[{"embeddable":true,"href":"https:\/\/sisu.ut.ee\/geneetika1\/wp-json\/wp\/v2\/comments?post=71"}],"version-history":[{"count":1,"href":"https:\/\/sisu.ut.ee\/geneetika1\/wp-json\/wp\/v2\/pages\/71\/revisions"}],"predecessor-version":[{"id":72,"href":"https:\/\/sisu.ut.ee\/geneetika1\/wp-json\/wp\/v2\/pages\/71\/revisions\/72"}],"wp:attachment":[{"href":"https:\/\/sisu.ut.ee\/geneetika1\/wp-json\/wp\/v2\/media?parent=71"}],"curies":[{"name":"wp","href":"https:\/\/api.w.org\/{rel}","templated":true}]}}