{"id":3,"date":"2024-04-03T23:15:02","date_gmt":"2024-04-03T20:15:02","guid":{"rendered":"https:\/\/sisu.ut.ee\/geneetika1\/avaleht\/"},"modified":"2024-04-10T10:32:32","modified_gmt":"2024-04-10T07:32:32","slug":"avaleht","status":"publish","type":"page","link":"https:\/\/sisu.ut.ee\/geneetika1\/","title":{"rendered":"Avaleht"},"content":{"rendered":"<p style=\"text-align: left;\"><strong>Ingrid Kalev<\/strong><br><strong>Tartu \u00dclikool, Biomeditsiini osakond, 2013<\/strong><\/p>\n<p>Sisupakett on m\u00f5eldud arstiteaduse ja l\u00e4hedaste erialade (stomatoloogia, farmakoloogia) \u00fcli\u00f5pilastele \u00a0toetamaks molekulaarse ja kliinilise meditsiini kursuse l\u00e4bimist.\u00a0\u00d5ppijal peavad \u00a0olema eelteadmised \u00fcldbioloogiast, geneetikast, statistikast.\u00a0Sisupaketi l\u00e4bimine v\u00f5tab aega umbes 4 tundi.<\/p>\n<p>Sisupaketi eesm\u00e4rgiks\u00a0on anda ettekujutus sellest, millised on uuemad uuringusuunad meditsiinis ja milliseid uurimismeetodeid kasutatakse t\u00e4nap\u00e4eval meditsiinilistes uuringutes.<\/p>\n<p><span style=\"line-height: 1.6em;\">\u00d5ppetekst on jaotatud 9 peat\u00fckiks. \u00a0Loe need l\u00e4bi ja p\u00fc\u00fca vastata teksti sisse pikitud m\u00f5tlemisk\u00fcsimustele. Sisupakett l\u00f5peb enesetestiga, mis v\u00f5imaldab kontrollida oma teadmisi. Kasuta seda v\u00f5imalust kindlasti!<\/span><\/p>\n<p>Sisupaketi tulemuslikult l\u00e4binud \u00f5ppija:<\/p>\n<ol>\n<li>on kursis uuemate suundumustega meditsiinilistes uuringutes;<\/li>\n<li>oskab selgitada genoomika m\u00f5isteid;<\/li>\n<li>teab genoomika rakendusi t\u00e4nap\u00e4eval.<\/li>\n<\/ol>\n\n\n<figure class=\"wp-block-image aligncenter size-full\"><img loading=\"lazy\" decoding=\"async\" width=\"198\" height=\"110\" src=\"https:\/\/sisu.ut.ee\/wp-content\/uploads\/sites\/55\/esf198.jpg\" alt=\"\" class=\"wp-image-39\"><\/figure>\n","protected":false},"excerpt":{"rendered":"<p>Ingrid KalevTartu \u00dclikool, Biomeditsiini osakond, 2013 Sisupakett on m\u00f5eldud arstiteaduse ja l\u00e4hedaste erialade (stomatoloogia, farmakoloogia) \u00fcli\u00f5pilastele \u00a0toetamaks molekulaarse ja kliinilise meditsiini kursuse l\u00e4bimist.\u00a0\u00d5ppijal peavad \u00a0olema eelteadmised \u00fcldbioloogiast, geneetikast, statistikast.\u00a0Sisupaketi l\u00e4bimine v\u00f5tab aega umbes 4 tundi. Sisupaketi eesm\u00e4rgiks\u00a0on anda ettekujutus sellest, &#8230;<\/p>\n","protected":false},"author":280,"featured_media":0,"parent":0,"menu_order":0,"comment_status":"closed","ping_status":"closed","template":"","meta":{"_acf_changed":false,"inline_featured_image":false,"footnotes":""},"class_list":["post-3","page","type-page","status-publish","hentry"],"acf":[],"_links":{"self":[{"href":"https:\/\/sisu.ut.ee\/geneetika1\/wp-json\/wp\/v2\/pages\/3","targetHints":{"allow":["GET"]}}],"collection":[{"href":"https:\/\/sisu.ut.ee\/geneetika1\/wp-json\/wp\/v2\/pages"}],"about":[{"href":"https:\/\/sisu.ut.ee\/geneetika1\/wp-json\/wp\/v2\/types\/page"}],"author":[{"embeddable":true,"href":"https:\/\/sisu.ut.ee\/geneetika1\/wp-json\/wp\/v2\/users\/280"}],"replies":[{"embeddable":true,"href":"https:\/\/sisu.ut.ee\/geneetika1\/wp-json\/wp\/v2\/comments?post=3"}],"version-history":[{"count":3,"href":"https:\/\/sisu.ut.ee\/geneetika1\/wp-json\/wp\/v2\/pages\/3\/revisions"}],"predecessor-version":[{"id":70,"href":"https:\/\/sisu.ut.ee\/geneetika1\/wp-json\/wp\/v2\/pages\/3\/revisions\/70"}],"wp:attachment":[{"href":"https:\/\/sisu.ut.ee\/geneetika1\/wp-json\/wp\/v2\/media?parent=3"}],"curies":[{"name":"wp","href":"https:\/\/api.w.org\/{rel}","templated":true}]}}