{"id":12,"date":"2024-04-03T23:15:02","date_gmt":"2024-04-03T20:15:02","guid":{"rendered":"https:\/\/sisu.ut.ee\/geneetika1\/9-kokkuvote\/"},"modified":"2024-04-10T10:46:29","modified_gmt":"2024-04-10T07:46:29","slug":"9-kokkuvote","status":"publish","type":"page","link":"https:\/\/sisu.ut.ee\/geneetika1\/9-kokkuvote\/","title":{"rendered":"9. Kokkuv\u00f5te"},"content":{"rendered":"<p>K\u00e4esolev e-\u00f5ppe materjal on \u00fclevaade geneetika ja genoomika arengutest peamiselt viimase k\u00fcmne aasta jooksul. Meditsiini molekulaarsele osale v\u00f5imaldatud loengute maht on piiratud, aga geneetika viimastes arengutes on palju uuenduslikku infot. Lisamaterjali eesm\u00e4rgiks on v\u00f5imaldada \u00f5ppijatel v\u00e4iksema vaevaga ennast kurssi viia erialasse puutuvate molekulaarse geneetika\u00a0 uuemate peat\u00fckkidega.<\/p>\n<p>Geenidele ja genoomidele keskendunud uuringud on vajalikud p\u00f5hiliste bioloogiliste mehhanismide, haigustundlikkuse ja ravivastuste uurimisel. T\u00e4nap\u00e4eval kasutatakse genoomikat ulatuslikult \u2013 meditsiinis, majanduses (energiaallikate seiramiseks), p\u00f5llumajanduses (nt. genoompullie tootmine kasumlikkuse t\u00f5stmiseks ja riskide hajutamiseks ) jne.<\/p>\n<p>T\u00e4helepanu v\u00e4\u00e4rivad suhteliselt hea hinnaga suuremahuliste uuringute v\u00e4ljaarendamine. Uued tehnoloogiad on v\u00f5imaldanud saada inimese p\u00e4ritolu ja genoomi ehituse kohta hulgaliselt uusi teadmisi. V\u00f5imalik on identifitseerida fenot\u00fc\u00fcbilist varieeruvust p\u00f5hjustavaid geenivariante, nii haigusseoselisi kui evolutsioonilise adapteerumisega seotud. K\u00fcmnete tuhandete indiviidide SNP genot\u00fcpeerimine ja meta- anal\u00fc\u00fcs on v\u00f5imaldanud teha kindlaks normaalsete tunnuste lookusi (pikkus, naha, silmade v\u00e4rv jt.), mis aitab m\u00f5ista inimese adaptatsiooni ja evolutsiooni. Kohanemisest muutuvate keskkonnatingimustega evolutsioonis jutustavad laktoositolerantsi, pigmentatsiooni, malaaria resistentsuse lookused.<\/p>\n<p>M\u00f5nedel looduslikule valikule alluvatel variantidel on seos komplekshaiguse tundlikkusega. N\u00e4iteks apolipoproteiin L1 (APOL1) variandid assotsieeruvad Aafrika p\u00e4ritolu indiviididel unit\u00f5ve resistentsusega, samuti riskiga neeruhaigustele.<\/p>\n<h6><span style=\"line-height: 1.6em;\">Mille poolest erineb haiguse molekulaarsete p\u00f5hjuste uurimine genoomika tasandil klassikalisest haiguse tundlikkusgeeni uuringutest?<\/span><\/h6>\n<p>Kirjandus:<\/p>\n<ul>\n<li><a style=\"line-height: 1.6em;\" href=\"http:\/\/www.nature.com\/search\/executeSearch?sp-q-1=NRG&amp;sp-q=Genomics&amp;sp-c=25&amp;sp-m=0&amp;sp-s=&amp;sp-a=sp1001702d&amp;sp-sfvl-field=subject%7Cujournal&amp;sp-x-1=ujournal&amp;sp-p-1=phrase&amp;sp-p=all&amp;submit=go\" target=\"_blank\" rel=\"noopener\">http:\/\/www.nature.com\/search\/executeSearch?sp-q-1=NRG&amp;sp-q=Genomics&amp;sp-c=25&amp;sp-m=0&amp;sp-s=&amp;sp-a=sp1001702d&amp;sp-sfvl-field=subject|ujournal&amp;sp-x-1=ujournal&amp;sp-p-1=phrase&amp;sp-p=all&amp;submit=go<\/a><\/li>\n<\/ul>\n","protected":false},"excerpt":{"rendered":"<p>K\u00e4esolev e-\u00f5ppe materjal on \u00fclevaade geneetika ja genoomika arengutest peamiselt viimase k\u00fcmne aasta jooksul. Meditsiini molekulaarsele osale v\u00f5imaldatud loengute maht on piiratud, aga geneetika viimastes arengutes on palju uuenduslikku infot. Lisamaterjali eesm\u00e4rgiks on v\u00f5imaldada \u00f5ppijatel v\u00e4iksema vaevaga ennast kurssi viia &#8230;<\/p>\n","protected":false},"author":280,"featured_media":0,"parent":0,"menu_order":0,"comment_status":"closed","ping_status":"closed","template":"","meta":{"_acf_changed":false,"inline_featured_image":false,"footnotes":""},"class_list":["post-12","page","type-page","status-publish","hentry"],"acf":[],"_links":{"self":[{"href":"https:\/\/sisu.ut.ee\/geneetika1\/wp-json\/wp\/v2\/pages\/12","targetHints":{"allow":["GET"]}}],"collection":[{"href":"https:\/\/sisu.ut.ee\/geneetika1\/wp-json\/wp\/v2\/pages"}],"about":[{"href":"https:\/\/sisu.ut.ee\/geneetika1\/wp-json\/wp\/v2\/types\/page"}],"author":[{"embeddable":true,"href":"https:\/\/sisu.ut.ee\/geneetika1\/wp-json\/wp\/v2\/users\/280"}],"replies":[{"embeddable":true,"href":"https:\/\/sisu.ut.ee\/geneetika1\/wp-json\/wp\/v2\/comments?post=12"}],"version-history":[{"count":2,"href":"https:\/\/sisu.ut.ee\/geneetika1\/wp-json\/wp\/v2\/pages\/12\/revisions"}],"predecessor-version":[{"id":92,"href":"https:\/\/sisu.ut.ee\/geneetika1\/wp-json\/wp\/v2\/pages\/12\/revisions\/92"}],"wp:attachment":[{"href":"https:\/\/sisu.ut.ee\/geneetika1\/wp-json\/wp\/v2\/media?parent=12"}],"curies":[{"name":"wp","href":"https:\/\/api.w.org\/{rel}","templated":true}]}}