{"id":59,"date":"2024-04-04T07:00:57","date_gmt":"2024-04-04T04:00:57","guid":{"rendered":"https:\/\/sisu.ut.ee\/gender\/kiri-poola-noorelt\/"},"modified":"2024-04-25T14:37:26","modified_gmt":"2024-04-25T11:37:26","slug":"kiri-poola-noorelt","status":"publish","type":"page","link":"https:\/\/sisu.ut.ee\/gender\/kiri-poola-noorelt\/?lang=et","title":{"rendered":"Kiri Poola noorelt"},"content":{"rendered":"<p>See on Poola noore\u00a0kirjutatud kirja\u00a0tema\u00a0kogemuste kohta<br>\nLGBT+ kogukonna liigena koolikeskkonnas.<\/p>\n<p>Allolev kiri kodeeriti vastavalt selle autori soovile (autori nimi ja elukoht\u00a0on muudetud). Kiri\u00a0r\u00e4\u00e4gib teismelise t\u00fcdruku loo,\u00a0kes tahtis olla tema ise ja omada \u00f5igust olla selline nagu ta on. Kirjas k\u00e4sitletakse tema kogemusi koolit, kus me k\u00f5ik veedame noorena suure osa oma elust.\u00a0Kool\u00a0oli\u00a0koht, kus kirjaautor koges nii m\u00f5istmist kui ka diskrimineerimist ja\u00a0homofoobiat. Ta jagab\u00a0m\u00e4lestusi \u00f5petajatest, s\u00f5pradest, teistest \u00f5pilastest ja nende vanematest ning ka teistest t\u00e4iskasvanutest. Kirjaautor viitab ka meediale,\u00a0osutades seal eksisteerivale otsesele ja kaudsele seksuaalse s\u00e4ttumuse alusel toimuvale diskrimineerimisele.<\/p>\n<p><strong>\u00dclesanne:\u00a0Anal\u00fc\u00fcsige ja arutlege, kas eesti LGBD+ kogukonna noored\u00a0puutuvad kokku samasuguste probleemidega? Miks on probleemid sarnased ja kuidas neid lahendada?<\/strong><\/p>\n<blockquote><p><em>Mina olen Eva. Ma olen p\u00e4rit Poolast. Olen alati olnud erinev oma naabruskonna t\u00fcdrukutest. Eelkoolis ei meeldinud mulle nii lapsed kui ka \u00f5petajad. Mu ema meenutab, et k\u00fcsisin palju k\u00fcsimusi \u2013 mitte tavalisi, vaid probleemseid ja filosoofilisi. Hiljem, koolis, kui k\u00f5ik mu naissoost klassikaaslased meie klassi k\u00f5ige ilusamasse poissi armusid, m\u00f5tlesin, mida nad temas n\u00e4evad. Ma ei teadnud siis, milliste v\u00e4ljakutsetega pean tulevikus silmitsi seisma ja taluma kooli pahatahtlikku ps\u00fchholoogili v\u00e4\u00e4rkohtlemist ning mis veel koolil minu jaoks varuks on\u2026<\/em><\/p>\n<p><em>Keskkoolis hakkasid moodustuma \u201cemantsipeerunud\u201d ja \u201ckonservatiivsed\u201d r\u00fchmad. Kuulusin emantsipeeritute hulka \u2013 kritiseerisin kallutatud religioonitundide kohustuslikku k\u00fclastamist ja \u00f5pilaste \u00f5iguste tagamata j\u00e4tmist ning n\u00f5udsin v\u00e4hemuste, sealhulgas LGBT \u00f5iguste kaitsmist. Enamik mu klassikaaslasi olid konservatiivsed. Tagantj\u00e4rele m\u00f5eldes n\u00e4en, et tegelikult ei olnud neil oma arvamust, matkisid enamuse m\u00f5tteviisi ja sobitusid s\u00fcsteemi poolt ette valmistatud rollidesse\u2026<\/em><\/p>\n<p><em>Minu sagedaste inim\u00f5iguste-\u00f5iguste \u00fcle vaidlemisega nad ei n\u00f5ustunud \u2013 ma arvasin, et ma ei saa \u2013 mitte mingil juhul \u2013 tunnistada, et olen lesbi, see pidi j\u00e4\u00e4ma saladuseks.<\/em><\/p>\n<p><em>L\u00f5una-Poola v\u00e4ikelinn pole aga suurlinn. Kord pealinnas poesk\u00e4igul ostsin vikerkaarev\u00e4rvilise seljakoti. Viisin selle kooli ja nii k\u00f5ik algas. Kahtlused, ettepanekud, et kui ma \u201ckaitsen neid\u201d ja ma kaitsen \u201cnende \u00f5igusi\u201d, kui ma k\u00f5nnin vikerkaarega ringi, siis olen nagu nemad, ma olen \u00fcks neist. Minu saladus tuli v\u00e4lja ja mind vihkati. Minu \u00fcle naerdi, mind eraldati, minu kohta tehti pidevalt vihjeid ja mulle osutati s\u00f5rmedega\u2026<\/em><\/p>\n<p><em>Muidugi astus mingi osa inimestest minu eest v\u00e4lja. Aga\u2026 mida saab v\u00e4hemus koolis teha? Minu koolis ei saanud v\u00e4hemus absoluutselt mitte midagi teha\u2026 ja nii seisin silmitsi homofoobia, t\u00f5rjutuse, diskrimineerimise ja \u2026 v\u00e4givallaga koolikeskkonnas. Koridori k\u00f5ndides tundsin end pidalit\u00f5bisena. Hakkasin k\u00f5rvaklappe kandma, keerasin helitugevust, et h\u00e4\u00e4li \u00e4ra l\u00f5igata. Ma ei j\u00f5udnud \u00e4ra oodata, millal kooli l\u00f5petan, et p\u00f5geneda ja linna keskkooli minna\u2026 P\u00e4evad m\u00f6\u00f6dusid aeglaselt\u2026<\/em><\/p>\n<p><em>Varsti teadis \u00fcha rohkem inimesi minu linnas minu saladust, samal ajal kui ma peitsin oma vanemate, vanaema ja vanema venna eest k\u00f5iki Facebooki postitusi, tekstis\u00f5numeid ja seljakoti k\u00fclge kleebitud m\u00e4rkmeid. Mu s\u00f5brad p\u00fc\u00fcdsid mind toetada. Selle tulemusena seisid ka nemad silmitsi vihak\u00f5nega\u2026<\/em><\/p>\n<p><em>Minu vanemad, vanaema ja vend ei saanud seda teada. See hirmutas mind k\u00f5ige rohkem. Saabus aeg, mil k\u00f5ik peale nende teadsid minu seksuaalsest s\u00e4ttumusest. Kujutasin ette, kuidas koolikell seda teavet kuulutab\u2026 Kui ma kuulasin raadiouudiseid v\u00f5i vaatasin televisioonis LGBT-vastaseid meediar\u00fcnnakuid, tundsin end veelgi hullemini, olin l\u00f5ksus. Ma elasin maailmas, mis keelas mul teistest erineda.<\/em><\/p>\n<p><em>See olukord viis minust, teismelise t\u00fcdrukuna v\u00e4lja kogu eluj\u00f5u Ma olin alati see, kes seisis n\u00f5rgemate eest, aga siis ma muutusin erakuks. Peidusin oma tuppa ja kuulasin muusikat. Igal hommikul kodust lahkudes m\u00f5tlesin kooli minekule kui karistusele millegi halva eest, mida ma polnud \u00e4ra teinud. S\u00f5brad toetasid mind, nad p\u00fc\u00fcdsid mind lohutada ja naerma ajada. Aga see koolis valitsev \u00f5hkkond, isegi hoone tekitas iivelduse\u2026tahtsin \u00e4ra joosta\u2026Ootasin kooliaasta l\u00f5ppu.<\/em><\/p>\n<p><em>K\u00f5ik muutus, kui mind v\u00f5eti vastu suurlinna keskkooli. Linn ja suur kool andsid mulle vabaduse, anon\u00fc\u00fcmsuse ja inim\u00f5igused.<\/em><\/p>\n<p><em>T\u00e4na tean, et v\u00e4ltides teemasid, millega varem v\u00f5i hiljem k\u00f5ik \u00f5pilased kokku puutuvad, tekitavad koolid nii alg- ja keskkool \u00fchiskonnale suurt kahju. Kui mitmekesisuse teema (p\u00e4ritolu, seksuaalne s\u00e4ttumus, religioon) arutelu ja tunnistamine puudub koolist, siis see muutub tabuks. Teema v\u00e4ltimine \u00e4ratab vihak\u00f5ne ja homofoobia deemonid. Inim\u00f5igustest on v\u00f5imatu r\u00e4\u00e4kida ja neid m\u00f5ista, kui ei arutata v\u00e4hemuste \u00f5iguste ja iga inimese \u00f5iguste \u00fcle. Sest \u00fchel p\u00e4eval v\u00f5ib selguda, et sinu \u00fcmber tema, mina ja keegi veel \u2013 me k\u00f5ik oleme v\u00e4hemus\u2026<\/em><\/p>\n<p><em>Nagu mainisin, andis suurlinn ja keskkool mulle tagasi vabaduse ja inim\u00f5igused. Mul on suurep\u00e4rased s\u00f5brad ja suurep\u00e4rased \u00f5petajad. Tunnen end vabalt, keegi ei solva ega alanda mind. K\u00f5nnin oma kooli koridorides nagu teised \u00f5pilased, kuna meil k\u00f5igil on \u00f5igus seal olla. Meid k\u00f5iki hinnatakse meie saavutuste ja teadmiste p\u00e4rast\u2026 On raskeid hetki, eriti praegu, kui on k\u00e4es pandeemia.<\/em><\/p>\n<p><em>Kuid pildid minu kooliminevikust on t\u00e4is \u00f5petajaid ja klassikaaslasi sellest kohutavast koolist. Need on m\u00e4lestused, mida ma tahaks iga hinna eest unustada\u2026 Aga nad tulevad ikka ja j\u00e4lle tagasi\u2026<\/em><\/p>\n<p><em>Kui ma oma kodulinna tagasi tulen, veedan enamus aega kodus, vanaema v\u00f5i s\u00f5prade juures. Ma ei k\u00e4i \u00fcksi v\u00e4ljas, eriti arvestades, et minu linnast on saanud LGBT-vaba tsoon. Seda on 21. sajandil raske uskuda\u2026<\/em><\/p>\n<p><em>Ma m\u00f5len enda ette, kas peaksin p\u00e4evikut kirjutama hakkama, et mitte midagi unustada v\u00f5i ehk parem oleks unustada?<\/em><\/p><\/blockquote>\n","protected":false},"excerpt":{"rendered":"<p>See on Poola noore\u00a0kirjutatud kirja\u00a0tema\u00a0kogemuste kohta LGBT+ kogukonna liigena koolikeskkonnas. Allolev kiri kodeeriti vastavalt selle autori soovile (autori nimi ja elukoht\u00a0on muudetud). Kiri\u00a0r\u00e4\u00e4gib teismelise t\u00fcdruku loo,\u00a0kes tahtis olla tema ise ja omada \u00f5igust olla selline nagu ta on. Kirjas k\u00e4sitletakse &#8230;<\/p>\n","protected":false},"author":240,"featured_media":0,"parent":0,"menu_order":0,"comment_status":"closed","ping_status":"closed","template":"","meta":{"_acf_changed":false,"inline_featured_image":false,"footnotes":""},"class_list":["post-59","page","type-page","status-publish","hentry"],"acf":[],"_links":{"self":[{"href":"https:\/\/sisu.ut.ee\/gender\/wp-json\/wp\/v2\/pages\/59","targetHints":{"allow":["GET"]}}],"collection":[{"href":"https:\/\/sisu.ut.ee\/gender\/wp-json\/wp\/v2\/pages"}],"about":[{"href":"https:\/\/sisu.ut.ee\/gender\/wp-json\/wp\/v2\/types\/page"}],"author":[{"embeddable":true,"href":"https:\/\/sisu.ut.ee\/gender\/wp-json\/wp\/v2\/users\/240"}],"replies":[{"embeddable":true,"href":"https:\/\/sisu.ut.ee\/gender\/wp-json\/wp\/v2\/comments?post=59"}],"version-history":[{"count":2,"href":"https:\/\/sisu.ut.ee\/gender\/wp-json\/wp\/v2\/pages\/59\/revisions"}],"predecessor-version":[{"id":463,"href":"https:\/\/sisu.ut.ee\/gender\/wp-json\/wp\/v2\/pages\/59\/revisions\/463"}],"wp:attachment":[{"href":"https:\/\/sisu.ut.ee\/gender\/wp-json\/wp\/v2\/media?parent=59"}],"curies":[{"name":"wp","href":"https:\/\/api.w.org\/{rel}","templated":true}]}}