{"id":57,"date":"2024-04-04T07:00:55","date_gmt":"2024-04-04T04:00:55","guid":{"rendered":"https:\/\/sisu.ut.ee\/gender\/intervjuu-kai-haldrega-ii-osa\/"},"modified":"2024-04-04T07:01:14","modified_gmt":"2024-04-04T04:01:14","slug":"intervjuu-kai-haldrega-ii-osa","status":"publish","type":"page","link":"https:\/\/sisu.ut.ee\/gender\/intervjuu-kai-haldrega-ii-osa\/?lang=et","title":{"rendered":"Intervjuu Kai Haldrega II osa"},"content":{"rendered":"<p>\n\tIntervjuu teises osas Kai Haldrega\u00a0keskendume k\u00fcsimustele, mida me\u00a0aktsepteerime \u00fchiskonnas ja miks? Mida me ei aktsepteeri\u00a0\u00fchiskonnas ja miks? Mis on viinud teatud\u00a0p\u00f5him\u00f5tete ja v\u00e4\u00e4rtuste muutumiseni nii Eestis kui ka teistes Euroopa \u00fchiskondades? Kas need muutused on toimunud\u00a0hariduse, demokraatia, s\u00f5navabaduse\u00a0ja heaolu t\u00f5usu kaudu?\n<\/p>\n<p>\n\t<\/p><div class=\"ratio ratio-16x9 mb-3\"><div class=\"video-placeholder-wrapper video-placeholder-wrapper--16x9\">\n\t\t\t    <div class=\"video-placeholder d-flex justify-content-center align-items-center\">\n\t\t\t        <div class=\"overlay text-white p-2 w-100 text-center d-block justify-content-center align-items-center\">\n\t\t\t            <div>To view third-party content, please accept cookies.<\/div>\n\t\t\t            <button class=\"btn btn-secondary btn-sm mt-1 consent-change\">Change consent<\/button>\n\t\t\t        <\/div>\n\t\t\t    <\/div>\n\t\t\t<\/div>\n<\/div>\n","protected":false},"excerpt":{"rendered":"<p>Intervjuu teises osas Kai Haldrega\u00a0keskendume k\u00fcsimustele, mida me\u00a0aktsepteerime \u00fchiskonnas ja miks? Mida me ei aktsepteeri\u00a0\u00fchiskonnas ja miks? Mis on viinud teatud\u00a0p\u00f5him\u00f5tete ja v\u00e4\u00e4rtuste muutumiseni nii Eestis kui ka teistes Euroopa \u00fchiskondades? Kas need muutused on toimunud\u00a0hariduse, demokraatia, s\u00f5navabaduse\u00a0ja heaolu t\u00f5usu &#8230;<\/p>\n","protected":false},"author":240,"featured_media":0,"parent":0,"menu_order":0,"comment_status":"closed","ping_status":"closed","template":"","meta":{"_acf_changed":false,"inline_featured_image":false,"footnotes":""},"class_list":["post-57","page","type-page","status-publish","hentry"],"acf":[],"_links":{"self":[{"href":"https:\/\/sisu.ut.ee\/gender\/wp-json\/wp\/v2\/pages\/57","targetHints":{"allow":["GET"]}}],"collection":[{"href":"https:\/\/sisu.ut.ee\/gender\/wp-json\/wp\/v2\/pages"}],"about":[{"href":"https:\/\/sisu.ut.ee\/gender\/wp-json\/wp\/v2\/types\/page"}],"author":[{"embeddable":true,"href":"https:\/\/sisu.ut.ee\/gender\/wp-json\/wp\/v2\/users\/240"}],"replies":[{"embeddable":true,"href":"https:\/\/sisu.ut.ee\/gender\/wp-json\/wp\/v2\/comments?post=57"}],"version-history":[{"count":1,"href":"https:\/\/sisu.ut.ee\/gender\/wp-json\/wp\/v2\/pages\/57\/revisions"}],"predecessor-version":[{"id":151,"href":"https:\/\/sisu.ut.ee\/gender\/wp-json\/wp\/v2\/pages\/57\/revisions\/151"}],"wp:attachment":[{"href":"https:\/\/sisu.ut.ee\/gender\/wp-json\/wp\/v2\/media?parent=57"}],"curies":[{"name":"wp","href":"https:\/\/api.w.org\/{rel}","templated":true}]}}