{"id":52,"date":"2024-04-04T07:00:54","date_gmt":"2024-04-04T04:00:54","guid":{"rendered":"https:\/\/sisu.ut.ee\/gender\/loe-tekst-ja-vasta-kusimustele\/"},"modified":"2024-04-05T13:34:51","modified_gmt":"2024-04-05T10:34:51","slug":"loe-tekst-ja-vasta-kusimustele","status":"publish","type":"page","link":"https:\/\/sisu.ut.ee\/gender\/loe-tekst-ja-vasta-kusimustele\/?lang=et","title":{"rendered":"Tekstilugemise \u00fclesanne"},"content":{"rendered":"<p>\r\n\tAllj\u00e4rgnevalt leiad viite kahele artiklile, mis on p\u00e4rit\u00a0v\u00e4ga erinevatest veebiv\u00e4ljaannetest. Esimene artikkel k\u00f5neleb mehe muutuvast rollist \u00fchiskonnas ning see on p\u00e4rist veebiv\u00e4ljaandest \u201cFeministeerium\u201d, mille eesm\u00e4rk on algatada ja arutada v\u00f5rd\u00f5iguslikkuse ning soouuringute teemadel. Teine artikkel on p\u00e4rineb veebiv\u00e4ljaandest \u201cObjektiiv\u201d, mille eesm\u00e4rgiks on kaitsta traditsionnaalseid perev\u00e4\u00e4rtusi ning esindada konservatiivset maailmavaadet.\r\n<\/p>\r\n\r\n<p>\r\n\tNeed kaks artiklit on k\u00fcll v\u00e4ga erinevad aga\u00a0samal ajal\u00a0kajastavad nad kahte\u00a0arusaamu sellest,\u00a0milline\u00a0peaks\u00a0olema naise ja mehe roll. Loe artiklid ning anal\u00fc\u00fcsi teksti j\u00e4rgnevatest\u00a0k\u00fcsimustest l\u00e4htudes:\r\n<\/p>\r\n\r\n<ol>\r\n\t<li>\r\n\t\tKuidas kajastatakse neis tekstis naise rolli \u00fchiskonnas?\r\n\t<\/li>\r\n\t<li>\r\n\t\tKuidas kajastatakse neis tekstides mehe rolli \u00fchiskonnas?\r\n\t<\/li>\r\n\t<li>\r\n\t\tKuidas kajastuvad neis teksides maailmavaatelised erinevused ja ideoloogiline taust?\r\n\t<\/li>\r\n\t<li>\r\n\t\tMillised on neis tekstides sarnasused, kust v\u00f5iks alustada dialoogi?\r\n\t<\/li>\r\n<\/ol>\r\n\r\n<p>\r\n\tTeksid leiate j\u00e4rgmistelt linkidelt:\r\n<\/p>\r\n\r\n<ul>\r\n\t<li>\r\n\t\t<a data-url=\"https:\/\/feministeerium.ee\/uhiskond-ei-ole-sinu-sober-mehe-soorollist\" href=\"https:\/\/feministeerium.ee\/uhiskond-ei-ole-sinu-sober-mehe-soorollist\" target=\"_blank\" title=\"\" rel=\"noopener\">https:\/\/feministeerium.ee\/uhiskond-ei-ole-sinu-sober-mehe-soorollist<\/a>\r\n\t<\/li>\r\n\t<li>\r\n\t\t<a data-url=\"https:\/\/objektiiv.ee\/et-naised-voiksid-olla-naised\" href=\"https:\/\/objektiiv.ee\/et-naised-voiksid-olla-naised\" target=\"_blank\" title=\"\" rel=\"noopener\">https:\/\/objektiiv.ee\/et-naised-voiksid-olla-naised<\/a>\r\n\t<\/li>\r\n<\/ul>\r\n\r\n<p>\r\n\t\u00a0\r\n<\/p>\r\n\r\n<div class=\"h5p-iframe-wrapper\"><div class=\"video-placeholder-wrapper video-placeholder-wrapper--fixed\" style=\"height: 366px;\">\n\t\t\t    <div class=\"video-placeholder d-flex justify-content-center align-items-center\">\n\t\t\t        <div class=\"overlay text-white p-2 w-100 text-center d-block justify-content-center align-items-center\">\n\t\t\t            <div>To view third-party content, please accept cookies.<\/div>\n\t\t\t            <button class=\"btn btn-secondary btn-sm mt-1 consent-change\">Change consent<\/button>\n\t\t\t        <\/div>\n\t\t\t    <\/div>\n\t\t\t<\/div>\n<\/div>\r\n","protected":false},"excerpt":{"rendered":"<p>Allj\u00e4rgnevalt leiad viite kahele artiklile, mis on p\u00e4rit\u00a0v\u00e4ga erinevatest veebiv\u00e4ljaannetest. Esimene artikkel k\u00f5neleb mehe muutuvast rollist \u00fchiskonnas ning see on p\u00e4rist veebiv\u00e4ljaandest \u201cFeministeerium\u201d, mille eesm\u00e4rk on algatada ja arutada v\u00f5rd\u00f5iguslikkuse ning soouuringute teemadel. Teine artikkel on p\u00e4rineb veebiv\u00e4ljaandest \u201cObjektiiv\u201d, mille &#8230;<\/p>\n","protected":false},"author":240,"featured_media":0,"parent":0,"menu_order":0,"comment_status":"closed","ping_status":"closed","template":"","meta":{"_acf_changed":false,"inline_featured_image":false,"footnotes":""},"class_list":["post-52","page","type-page","status-publish","hentry"],"acf":[],"_links":{"self":[{"href":"https:\/\/sisu.ut.ee\/gender\/wp-json\/wp\/v2\/pages\/52","targetHints":{"allow":["GET"]}}],"collection":[{"href":"https:\/\/sisu.ut.ee\/gender\/wp-json\/wp\/v2\/pages"}],"about":[{"href":"https:\/\/sisu.ut.ee\/gender\/wp-json\/wp\/v2\/types\/page"}],"author":[{"embeddable":true,"href":"https:\/\/sisu.ut.ee\/gender\/wp-json\/wp\/v2\/users\/240"}],"replies":[{"embeddable":true,"href":"https:\/\/sisu.ut.ee\/gender\/wp-json\/wp\/v2\/comments?post=52"}],"version-history":[{"count":3,"href":"https:\/\/sisu.ut.ee\/gender\/wp-json\/wp\/v2\/pages\/52\/revisions"}],"predecessor-version":[{"id":230,"href":"https:\/\/sisu.ut.ee\/gender\/wp-json\/wp\/v2\/pages\/52\/revisions\/230"}],"wp:attachment":[{"href":"https:\/\/sisu.ut.ee\/gender\/wp-json\/wp\/v2\/media?parent=52"}],"curies":[{"name":"wp","href":"https:\/\/api.w.org\/{rel}","templated":true}]}}