{"id":51,"date":"2024-04-04T07:00:56","date_gmt":"2024-04-04T04:00:56","guid":{"rendered":"https:\/\/sisu.ut.ee\/gender\/vasta-kusimustele\/"},"modified":"2024-04-25T14:27:53","modified_gmt":"2024-04-25T11:27:53","slug":"vasta-kusimustele","status":"publish","type":"page","link":"https:\/\/sisu.ut.ee\/gender\/vasta-kusimustele\/?lang=et","title":{"rendered":"Vasta k\u00fcsimustele"},"content":{"rendered":"<p>See \u00fclesanne on vabatahtlik.<\/p>\n<p>Palun vaata videosid ja vasta j\u00e4rgmistele k\u00fcsimustele:\u00a0<\/p>\n<ol>\n<li>Mis kasu saavad mehed naiste \u00f5iguste laiendamistest?<\/li>\n<li>Milline roll on meestel\u00a0naiste \u00f5iguste eest v\u00f5itlemisel?<\/li>\n<li>Kuidas mehi haarata diskussioonidesse, mis arutavad naiste \u00f5iguste \u00fcle?<\/li>\n<li>Miks n\u00e4hakse feministlikusliikumises mehi vaenlasena mitte partnerina?<\/li>\n<\/ol>\n<p>\u00a0<\/p>\n<p><\/p><div class=\"ratio ratio-16x9 mb-3\"><div class=\"video-placeholder-wrapper video-placeholder-wrapper--16x9\">\n\t\t\t    <div class=\"video-placeholder d-flex justify-content-center align-items-center\">\n\t\t\t        <div class=\"overlay text-white p-2 w-100 text-center d-block justify-content-center align-items-center\">\n\t\t\t            <div>To view third-party content, please accept cookies.<\/div>\n\t\t\t            <button class=\"btn btn-secondary btn-sm mt-1 consent-change\">Change consent<\/button>\n\t\t\t        <\/div>\n\t\t\t    <\/div>\n\t\t\t<\/div>\n<\/div>\n<p style=\"text-align: left;\"><a href=\"https:\/\/www.youtube.com\/watch?v=3Xu2JE2LoEY\">https:\/\/www.youtube.com\/watch?v=3Xu2JE2LoEY<\/a><\/p>\n<p>\u00a0<\/p>\n<p><\/p><div class=\"ratio ratio-16x9 mb-3\"><div class=\"video-placeholder-wrapper video-placeholder-wrapper--16x9\">\n\t\t\t    <div class=\"video-placeholder d-flex justify-content-center align-items-center\">\n\t\t\t        <div class=\"overlay text-white p-2 w-100 text-center d-block justify-content-center align-items-center\">\n\t\t\t            <div>To view third-party content, please accept cookies.<\/div>\n\t\t\t            <button class=\"btn btn-secondary btn-sm mt-1 consent-change\">Change consent<\/button>\n\t\t\t        <\/div>\n\t\t\t    <\/div>\n\t\t\t<\/div>\n<\/div>\n<p style=\"text-align: left;\"><a href=\"https:\/\/www.youtube.com\/watch?v=3WMuzhQXJoY\">https:\/\/www.youtube.com\/watch?v=3WMuzhQXJoY<\/a><\/p>\n<p>\u00a0<\/p>\n\n\n<div class=\"h5p-iframe-wrapper\"><div class=\"video-placeholder-wrapper video-placeholder-wrapper--fixed\" style=\"height: 366px;\">\n\t\t\t    <div class=\"video-placeholder d-flex justify-content-center align-items-center\">\n\t\t\t        <div class=\"overlay text-white p-2 w-100 text-center d-block justify-content-center align-items-center\">\n\t\t\t            <div>To view third-party content, please accept cookies.<\/div>\n\t\t\t            <button class=\"btn btn-secondary btn-sm mt-1 consent-change\">Change consent<\/button>\n\t\t\t        <\/div>\n\t\t\t    <\/div>\n\t\t\t<\/div>\n<\/div>\n\n\n","protected":false},"excerpt":{"rendered":"<p>See \u00fclesanne on vabatahtlik. Palun vaata videosid ja vasta j\u00e4rgmistele k\u00fcsimustele:\u00a0 Mis kasu saavad mehed naiste \u00f5iguste laiendamistest? Milline roll on meestel\u00a0naiste \u00f5iguste eest v\u00f5itlemisel? Kuidas mehi haarata diskussioonidesse, mis arutavad naiste \u00f5iguste \u00fcle? Miks n\u00e4hakse feministlikusliikumises mehi vaenlasena mitte &#8230;<\/p>\n","protected":false},"author":240,"featured_media":0,"parent":0,"menu_order":0,"comment_status":"closed","ping_status":"closed","template":"","meta":{"_acf_changed":false,"inline_featured_image":false,"footnotes":""},"class_list":["post-51","page","type-page","status-publish","hentry"],"acf":[],"_links":{"self":[{"href":"https:\/\/sisu.ut.ee\/gender\/wp-json\/wp\/v2\/pages\/51","targetHints":{"allow":["GET"]}}],"collection":[{"href":"https:\/\/sisu.ut.ee\/gender\/wp-json\/wp\/v2\/pages"}],"about":[{"href":"https:\/\/sisu.ut.ee\/gender\/wp-json\/wp\/v2\/types\/page"}],"author":[{"embeddable":true,"href":"https:\/\/sisu.ut.ee\/gender\/wp-json\/wp\/v2\/users\/240"}],"replies":[{"embeddable":true,"href":"https:\/\/sisu.ut.ee\/gender\/wp-json\/wp\/v2\/comments?post=51"}],"version-history":[{"count":4,"href":"https:\/\/sisu.ut.ee\/gender\/wp-json\/wp\/v2\/pages\/51\/revisions"}],"predecessor-version":[{"id":455,"href":"https:\/\/sisu.ut.ee\/gender\/wp-json\/wp\/v2\/pages\/51\/revisions\/455"}],"wp:attachment":[{"href":"https:\/\/sisu.ut.ee\/gender\/wp-json\/wp\/v2\/media?parent=51"}],"curies":[{"name":"wp","href":"https:\/\/api.w.org\/{rel}","templated":true}]}}