{"id":38,"date":"2024-04-04T07:00:51","date_gmt":"2024-04-04T04:00:51","guid":{"rendered":"https:\/\/sisu.ut.ee\/gender\/harjutus-2\/"},"modified":"2024-04-25T14:29:24","modified_gmt":"2024-04-25T11:29:24","slug":"harjutus-2","status":"publish","type":"page","link":"https:\/\/sisu.ut.ee\/gender\/harjutus-2\/?lang=et","title":{"rendered":"Anal\u00fc\u00fcsi stereot\u00fc\u00fcpe"},"content":{"rendered":"<p>* Vabatahtlik harjutus.<\/p>\n<p>Vaata \u00fcht v\u00f5i m\u00f5lemat ingliskeelset videot. Seej\u00e4rel jaga oma m\u00f5tteid essee vormis, vastades harjutuses v\u00e4ljatoodud k\u00fcsimustele.\u00a0<\/p>\n<p>Video 1 \u2013\u00a0<a href=\"https:\/\/www.youtube.com\/watch?v=koPmuEyP3a0\">(69) We Believe: The Best Men Can Be | Gillette (Short Film) \u2013 YouTube<\/a><\/p>\n<p><\/p><div class=\"ratio ratio-16x9 mb-3\"><div class=\"video-placeholder-wrapper video-placeholder-wrapper--16x9\">\n\t\t\t    <div class=\"video-placeholder d-flex justify-content-center align-items-center\">\n\t\t\t        <div class=\"overlay text-white p-2 w-100 text-center d-block justify-content-center align-items-center\">\n\t\t\t            <div>To view third-party content, please accept cookies.<\/div>\n\t\t\t            <button class=\"btn btn-secondary btn-sm mt-1 consent-change\">Change consent<\/button>\n\t\t\t        <\/div>\n\t\t\t    <\/div>\n\t\t\t<\/div>\n<\/div>\n<p>Video 2 \u2013\u00a0<a href=\"https:\/\/vimeo.com\/393253445\">Be a Lady They Said on Vimeo<\/a><\/p>\n<p><div class=\"video-placeholder-wrapper video-placeholder-wrapper--fixed\" style=\"height: 360px;\">\n\t\t\t    <div class=\"video-placeholder d-flex justify-content-center align-items-center\">\n\t\t\t        <div class=\"overlay text-white p-2 w-100 text-center d-block justify-content-center align-items-center\">\n\t\t\t            <div>To view third-party content, please accept cookies.<\/div>\n\t\t\t            <button class=\"btn btn-secondary btn-sm mt-1 consent-change\">Change consent<\/button>\n\t\t\t        <\/div>\n\t\t\t    <\/div>\n\t\t\t<\/div>\n<\/p>\n<p>\u00a0<\/p>\n<p>\u00a0<\/p>\n\n\n<div class=\"h5p-iframe-wrapper\"><div class=\"video-placeholder-wrapper video-placeholder-wrapper--fixed\" style=\"height: 366px;\">\n\t\t\t    <div class=\"video-placeholder d-flex justify-content-center align-items-center\">\n\t\t\t        <div class=\"overlay text-white p-2 w-100 text-center d-block justify-content-center align-items-center\">\n\t\t\t            <div>To view third-party content, please accept cookies.<\/div>\n\t\t\t            <button class=\"btn btn-secondary btn-sm mt-1 consent-change\">Change consent<\/button>\n\t\t\t        <\/div>\n\t\t\t    <\/div>\n\t\t\t<\/div>\n<\/div>\n","protected":false},"excerpt":{"rendered":"<p>* Vabatahtlik harjutus. Vaata \u00fcht v\u00f5i m\u00f5lemat ingliskeelset videot. Seej\u00e4rel jaga oma m\u00f5tteid essee vormis, vastades harjutuses v\u00e4ljatoodud k\u00fcsimustele.\u00a0 Video 1 \u2013\u00a0(69) We Believe: The Best Men Can Be | Gillette (Short Film) \u2013 YouTube To view third-party content, please &#8230;<\/p>\n","protected":false},"author":240,"featured_media":0,"parent":0,"menu_order":0,"comment_status":"closed","ping_status":"closed","template":"","meta":{"_acf_changed":false,"inline_featured_image":false,"footnotes":""},"class_list":["post-38","page","type-page","status-publish","hentry"],"acf":[],"_links":{"self":[{"href":"https:\/\/sisu.ut.ee\/gender\/wp-json\/wp\/v2\/pages\/38","targetHints":{"allow":["GET"]}}],"collection":[{"href":"https:\/\/sisu.ut.ee\/gender\/wp-json\/wp\/v2\/pages"}],"about":[{"href":"https:\/\/sisu.ut.ee\/gender\/wp-json\/wp\/v2\/types\/page"}],"author":[{"embeddable":true,"href":"https:\/\/sisu.ut.ee\/gender\/wp-json\/wp\/v2\/users\/240"}],"replies":[{"embeddable":true,"href":"https:\/\/sisu.ut.ee\/gender\/wp-json\/wp\/v2\/comments?post=38"}],"version-history":[{"count":5,"href":"https:\/\/sisu.ut.ee\/gender\/wp-json\/wp\/v2\/pages\/38\/revisions"}],"predecessor-version":[{"id":456,"href":"https:\/\/sisu.ut.ee\/gender\/wp-json\/wp\/v2\/pages\/38\/revisions\/456"}],"wp:attachment":[{"href":"https:\/\/sisu.ut.ee\/gender\/wp-json\/wp\/v2\/media?parent=38"}],"curies":[{"name":"wp","href":"https:\/\/api.w.org\/{rel}","templated":true}]}}