{"id":31,"date":"2024-04-04T07:00:52","date_gmt":"2024-04-04T04:00:52","guid":{"rendered":"https:\/\/sisu.ut.ee\/gender\/used-and-additional-materials-0\/"},"modified":"2024-04-25T11:18:11","modified_gmt":"2024-04-25T08:18:11","slug":"used-and-additional-materials-0","status":"publish","type":"page","link":"https:\/\/sisu.ut.ee\/gender\/used-and-additional-materials-0\/","title":{"rendered":"Used and additional materials"},"content":{"rendered":"<ul>\n<li>Eesti Nais\u00fchenduste \u00dcmarlaud. \u201cMis on sooline sotsialiseerumine\u201d. Haridus ja Sugu. <a href=\"http:\/\/www.haridusjasugu.ee\/about\/\">HARIDUS JA SUGU<\/a><\/li>\n<li>Hochschild, Arlie. Machung, Anne. The Second Shift: Working Families and the Revolution at Home. Penguin Publishing Group, 2012.<\/li>\n<li>Justiitsministeerium. \u201cUudised ja arvud\u201d. 2021. <a href=\"https:\/\/www.vangla.ee\/et\/uudised-ja-arvud\/uudised-ja-arvud\">Uudised<\/a> <a href=\"https:\/\/www.vangla.ee\/et\/uudised-ja-arvud\/uudised-ja-arvud\">ja<\/a> <a href=\"https:\/\/www.vangla.ee\/et\/uudised-ja-arvud\/uudised-ja-arvud\">arvud<\/a><a href=\"https:\/\/www.vangla.ee\/et\/uudised-ja-arvud\/uudised-ja-arvud\"> | <\/a><a href=\"https:\/\/www.vangla.ee\/et\/uudised-ja-arvud\/uudised-ja-arvud\">Vanglad<\/a><\/li>\n<li>Kupers, T. (2005). Toxic Masculinity as a Barrier to Mental Health Treatment in Prison. <i>Journal of Clinical Psychology<\/i>, <i>61<\/i>(6), 713\u2013724. https:\/\/doi.org\/10.1002\/jclp.20105<\/li>\n<li>K\u00fc\u00fcts, Andri. \u201cMaskuliinsuse lainetav t\u00e4hendus\u201d. M\u00fc\u00fcrileht, 2017. <a href=\"https:\/\/www.muurileht.ee\/maskuliinsuse-lainetav-tahendus\/\">Maskuliinsuse<\/a> <a href=\"https:\/\/www.muurileht.ee\/maskuliinsuse-lainetav-tahendus\/\">lainetav<\/a> <a href=\"https:\/\/www.muurileht.ee\/maskuliinsuse-lainetav-tahendus\/\">t\u00e4hendus<\/a><a href=\"https:\/\/www.muurileht.ee\/maskuliinsuse-lainetav-tahendus\/\"> | <\/a><a href=\"https:\/\/www.muurileht.ee\/maskuliinsuse-lainetav-tahendus\/\">M\u00fc\u00fcrileht<\/a><a href=\"https:\/\/www.muurileht.ee\/maskuliinsuse-lainetav-tahendus\/\"> (muurileht.ee)<\/a><\/li>\n<li>Logina, Mai-Liis. \u201cSooline palgal\u00f5he majandusharuti\u201d. Bakalaureuset\u00f6\u00f6, Tartu \u00dclikool, 2020. <a href=\"https:\/\/dspace.ut.ee\/bitstream\/handle\/10062\/68104\/logina_mai_ba_2020.pdf?sequence=1&amp;isAllowed=y\">logina_mai_ba_2020.pdf (ut.ee)<\/a><\/li>\n<li>Masso, Jaan. Merik\u00fcll, Jaanika. Vahter, Priit. \u201cThe role of the firms in gender wage gap\u201d. University of Tartu, 2020. <a href=\"https:\/\/majandus.ut.ee\/sites\/default\/files\/mtk\/dokumendid\/febawb120.pdf\">University of Tartu (ut.ee)<\/a><\/li>\n<li>Peaasi.ee<\/li>\n<li>Statistikaamet. \u201cSooline palgal\u00f5he v\u00e4heneb, aga visalt.\u201d 2020 <a href=\"https:\/\/www.stat.ee\/et\/uudised\/pressiteade-2020-087\">Sooline<\/a> <a href=\"https:\/\/www.stat.ee\/et\/uudised\/pressiteade-2020-087\">palgal\u00f5he<\/a> <a href=\"https:\/\/www.stat.ee\/et\/uudised\/pressiteade-2020-087\">v\u00e4heneb<\/a><a href=\"https:\/\/www.stat.ee\/et\/uudised\/pressiteade-2020-087\">, aga <\/a><a href=\"https:\/\/www.stat.ee\/et\/uudised\/pressiteade-2020-087\">visalt<\/a><a href=\"https:\/\/www.stat.ee\/et\/uudised\/pressiteade-2020-087\"> | <\/a><a href=\"https:\/\/www.stat.ee\/et\/uudised\/pressiteade-2020-087\">Statistikaamet<\/a><\/li>\n<li>Turu-uuringud SA. \u201cSoolise v\u00f5rd\u00f5iguslikkuse monitooring 2016\u201d, 2016.<\/li>\n<li>Trasberg, Karment. Schihalejev, Olga. \u201cMitmekultuurilisus koolis\u201d. <a href=\"https:\/\/sisu.ut.ee\/kultuuridkoolis\/\">Erinevad<\/a> <a href=\"https:\/\/sisu.ut.ee\/kultuuridkoolis\/\">kultuurid<\/a><a href=\"https:\/\/sisu.ut.ee\/kultuuridkoolis\/\">, <\/a><a href=\"https:\/\/sisu.ut.ee\/kultuuridkoolis\/\">\u00fcks<\/a> <a href=\"https:\/\/sisu.ut.ee\/kultuuridkoolis\/\">kool<\/a><a href=\"https:\/\/sisu.ut.ee\/kultuuridkoolis\/\"> (ut.ee)<\/a><\/li>\n<li>UN Women. Facts and Figures: Women\u2019s leadership and political participation. <a href=\"https:\/\/www.unwomen.org\/en\/what-we-do\/leadership-and-political-participation\/facts-and-figures\">Facts and figures: Women\u2019s leadership and political participation | What we do | UN Women \u2013 Headquarters<\/a> visited 7.04.2021<\/li>\n<\/ul>\n","protected":false},"excerpt":{"rendered":"<p>Eesti Nais\u00fchenduste \u00dcmarlaud. \u201cMis on sooline sotsialiseerumine\u201d. Haridus ja Sugu. HARIDUS JA SUGU Hochschild, Arlie. Machung, Anne. The Second Shift: Working Families and the Revolution at Home. Penguin Publishing Group, 2012. Justiitsministeerium. \u201cUudised ja arvud\u201d. 2021. Uudised ja arvud | &#8230;<\/p>\n","protected":false},"author":240,"featured_media":0,"parent":0,"menu_order":0,"comment_status":"closed","ping_status":"closed","template":"","meta":{"_acf_changed":false,"inline_featured_image":false,"footnotes":""},"class_list":["post-31","page","type-page","status-publish","hentry"],"acf":[],"_links":{"self":[{"href":"https:\/\/sisu.ut.ee\/gender\/wp-json\/wp\/v2\/pages\/31","targetHints":{"allow":["GET"]}}],"collection":[{"href":"https:\/\/sisu.ut.ee\/gender\/wp-json\/wp\/v2\/pages"}],"about":[{"href":"https:\/\/sisu.ut.ee\/gender\/wp-json\/wp\/v2\/types\/page"}],"author":[{"embeddable":true,"href":"https:\/\/sisu.ut.ee\/gender\/wp-json\/wp\/v2\/users\/240"}],"replies":[{"embeddable":true,"href":"https:\/\/sisu.ut.ee\/gender\/wp-json\/wp\/v2\/comments?post=31"}],"version-history":[{"count":3,"href":"https:\/\/sisu.ut.ee\/gender\/wp-json\/wp\/v2\/pages\/31\/revisions"}],"predecessor-version":[{"id":271,"href":"https:\/\/sisu.ut.ee\/gender\/wp-json\/wp\/v2\/pages\/31\/revisions\/271"}],"wp:attachment":[{"href":"https:\/\/sisu.ut.ee\/gender\/wp-json\/wp\/v2\/media?parent=31"}],"curies":[{"name":"wp","href":"https:\/\/api.w.org\/{rel}","templated":true}]}}