{"id":244,"date":"2024-04-04T07:00:52","date_gmt":"2024-04-04T04:00:52","guid":{"rendered":"https:\/\/sisu.ut.ee\/gender\/?page_id=244"},"modified":"2024-04-25T10:01:03","modified_gmt":"2024-04-25T07:01:03","slug":"avaleht","status":"publish","type":"page","link":"https:\/\/sisu.ut.ee\/gender\/avaleht\/?lang=et","title":{"rendered":"Avaleht"},"content":{"rendered":"<p>Antud kursus kiikab sisse soouuringutesse, ajalukku ja t\u00e4nap\u00e4eva, keskendudes soolistele hierarhiatele ja nende m\u00f5jule moodsas maailmas. Kursusel osalejad saavad t\u00e4psemalt teada, kuidas Ida-Euroopa soohierarhiad on viimastel sajanditel muutunud ja arenenud. Kasutades isiklikke, kohalikke ja akadeemilisi allikaid, on kursuse eesm\u00e4rk pakkuda ka \u00fclevaadet selles valdkonnas kasutatavatest m\u00f5istetest ning arengutest, mis on vajalikud soolise v\u00f5rd\u00f5iguslikkuse m\u00f5istmiseks kaasaegses maailmas. Osalejad \u00f5pivad soouuringute p\u00f5hitermineid ja -kontseptsioone, anal\u00fc\u00fcsivad seoseid \u00fchiskonna, soorollide ja normide vahel. K\u00f5ik need teadmised annavad \u00f5petajatele kindla pinnase \u00f5petada viisil, kus soostereot\u00fc\u00fcpe ja kahjulikke eelarvamusi klassiruumi ei tuua.<\/p>\n","protected":false},"excerpt":{"rendered":"<p>Antud kursus kiikab sisse soouuringutesse, ajalukku ja t\u00e4nap\u00e4eva, keskendudes soolistele hierarhiatele ja nende m\u00f5jule moodsas maailmas. Kursusel osalejad saavad t\u00e4psemalt teada, kuidas Ida-Euroopa soohierarhiad on viimastel sajanditel muutunud ja arenenud. Kasutades isiklikke, kohalikke ja akadeemilisi allikaid, on kursuse eesm\u00e4rk pakkuda &#8230;<\/p>\n","protected":false},"author":297,"featured_media":0,"parent":0,"menu_order":0,"comment_status":"closed","ping_status":"closed","template":"","meta":{"_acf_changed":false,"inline_featured_image":false,"footnotes":""},"class_list":["post-244","page","type-page","status-publish","hentry"],"acf":[],"_links":{"self":[{"href":"https:\/\/sisu.ut.ee\/gender\/wp-json\/wp\/v2\/pages\/244","targetHints":{"allow":["GET"]}}],"collection":[{"href":"https:\/\/sisu.ut.ee\/gender\/wp-json\/wp\/v2\/pages"}],"about":[{"href":"https:\/\/sisu.ut.ee\/gender\/wp-json\/wp\/v2\/types\/page"}],"author":[{"embeddable":true,"href":"https:\/\/sisu.ut.ee\/gender\/wp-json\/wp\/v2\/users\/297"}],"replies":[{"embeddable":true,"href":"https:\/\/sisu.ut.ee\/gender\/wp-json\/wp\/v2\/comments?post=244"}],"version-history":[{"count":1,"href":"https:\/\/sisu.ut.ee\/gender\/wp-json\/wp\/v2\/pages\/244\/revisions"}],"predecessor-version":[{"id":245,"href":"https:\/\/sisu.ut.ee\/gender\/wp-json\/wp\/v2\/pages\/244\/revisions\/245"}],"wp:attachment":[{"href":"https:\/\/sisu.ut.ee\/gender\/wp-json\/wp\/v2\/media?parent=244"}],"curies":[{"name":"wp","href":"https:\/\/api.w.org\/{rel}","templated":true}]}}