{"id":14,"date":"2024-04-04T07:00:50","date_gmt":"2024-04-04T04:00:50","guid":{"rendered":"https:\/\/sisu.ut.ee\/gender\/iii-nadal\/"},"modified":"2024-04-04T07:01:17","modified_gmt":"2024-04-04T04:01:17","slug":"iii-nadal","status":"publish","type":"page","link":"https:\/\/sisu.ut.ee\/gender\/iii-nadal\/?lang=et","title":{"rendered":"III n\u00e4dal"},"content":{"rendered":"<p>\n\tSel n\u00e4dalal vaatame l\u00e4hemalt, kuidas toimub soo sotsialiseerumine. Samuti, mis asi on toksiline maskuliinsus ning kuidas soostereot\u00fc\u00fcbid m\u00f5jutavad t\u00f6\u00f6lk\u00e4imist ning miks mehed ei taha saada \u00f5petajateks.\n<\/p>\n<p>\n\t<\/p><div class=\"ratio ratio-16x9 mb-3\"><div class=\"video-placeholder-wrapper video-placeholder-wrapper--16x9\">\n\t\t\t    <div class=\"video-placeholder d-flex justify-content-center align-items-center\">\n\t\t\t        <div class=\"overlay text-white p-2 w-100 text-center d-block justify-content-center align-items-center\">\n\t\t\t            <div>To view third-party content, please accept cookies.<\/div>\n\t\t\t            <button class=\"btn btn-secondary btn-sm mt-1 consent-change\">Change consent<\/button>\n\t\t\t        <\/div>\n\t\t\t    <\/div>\n\t\t\t<\/div>\n<\/div>\n\n<p>\n\t<\/p><div class=\"accordion mb-3\">\n        <div class=\"accordion-item accordion-item--white\">\n        <h2 class=\"accordion-header\" id=\"accordion-69e2ed5b7388f-heading\">\n            <button class=\"accordion-button collapsed\" type=\"button\" data-bs-toggle=\"collapse\" data-bs-target=\"#accordion-69e2ed5b7388f-collapse\" aria-expanded=\"true\" aria-controls=\"accordion-69e2ed5b7388f-collapse\">Transkriptsioon<\/button>\n        <\/h2>\n        <div id=\"accordion-69e2ed5b7388f-collapse\" class=\"accordion-collapse collapse\" aria-labelledby=\"accordion-69e2ed5b7388f-heading\">\n            <div class=\"accordion-body\">Eelmisel n\u00e4dalal k\u00f5nelesime definitsioonist, mida antud valdkonnas kasutatakse. Samuti sellest, kuidas tekivad stereot\u00fc\u00fcbid ning mis asi on v\u00f5rdne kohtlemine. Sel n\u00e4dalal vaatame l\u00e4hemalt, kuidas toimub soo sotsialiseerumine. Mis asi on toksiline maskuliinsus ning kuidas soostereot\u00fc\u00fcbid m\u00f5jutavad t\u00f6\u00f6lk\u00e4imist ning miks mehed ei taha saada \u00f5petajateks?.<\/div>\n        <\/div>\n        <\/div>\n    <\/div>\n","protected":false},"excerpt":{"rendered":"<p>Sel n\u00e4dalal vaatame l\u00e4hemalt, kuidas toimub soo sotsialiseerumine. Samuti, mis asi on toksiline maskuliinsus ning kuidas soostereot\u00fc\u00fcbid m\u00f5jutavad t\u00f6\u00f6lk\u00e4imist ning miks mehed ei taha saada \u00f5petajateks. To view third-party content, please accept cookies. Change consent Transkriptsioon Eelmisel n\u00e4dalal k\u00f5nelesime definitsioonist, &#8230;<\/p>\n","protected":false},"author":240,"featured_media":0,"parent":0,"menu_order":0,"comment_status":"closed","ping_status":"closed","template":"","meta":{"_acf_changed":false,"inline_featured_image":false,"footnotes":""},"class_list":["post-14","page","type-page","status-publish","hentry"],"acf":[],"_links":{"self":[{"href":"https:\/\/sisu.ut.ee\/gender\/wp-json\/wp\/v2\/pages\/14","targetHints":{"allow":["GET"]}}],"collection":[{"href":"https:\/\/sisu.ut.ee\/gender\/wp-json\/wp\/v2\/pages"}],"about":[{"href":"https:\/\/sisu.ut.ee\/gender\/wp-json\/wp\/v2\/types\/page"}],"author":[{"embeddable":true,"href":"https:\/\/sisu.ut.ee\/gender\/wp-json\/wp\/v2\/users\/240"}],"replies":[{"embeddable":true,"href":"https:\/\/sisu.ut.ee\/gender\/wp-json\/wp\/v2\/comments?post=14"}],"version-history":[{"count":2,"href":"https:\/\/sisu.ut.ee\/gender\/wp-json\/wp\/v2\/pages\/14\/revisions"}],"predecessor-version":[{"id":263,"href":"https:\/\/sisu.ut.ee\/gender\/wp-json\/wp\/v2\/pages\/14\/revisions\/263"}],"wp:attachment":[{"href":"https:\/\/sisu.ut.ee\/gender\/wp-json\/wp\/v2\/media?parent=14"}],"curies":[{"name":"wp","href":"https:\/\/api.w.org\/{rel}","templated":true}]}}