{"id":13,"date":"2024-04-04T07:00:50","date_gmt":"2024-04-04T04:00:50","guid":{"rendered":"https:\/\/sisu.ut.ee\/gender\/ii-nadal\/"},"modified":"2024-04-04T07:01:17","modified_gmt":"2024-04-04T04:01:17","slug":"ii-nadal","status":"publish","type":"page","link":"https:\/\/sisu.ut.ee\/gender\/ii-nadal\/?lang=et","title":{"rendered":"II n\u00e4dal"},"content":{"rendered":"<p>\n\tSel n\u00e4dalal keskendume valdkonnas kasutatavatele m\u00f5istetele. Lisaks anal\u00fc\u00fcsime, mis asi see v\u00f5rdne kohtlemine ja sooline v\u00f5rd\u00f5iguslikkus ning uurime, kuidas tekivad stereot\u00fc\u00fcbid.\n<\/p>\n<p>\n\t<\/p><div class=\"ratio ratio-16x9 mb-3\"><div class=\"video-placeholder-wrapper video-placeholder-wrapper--16x9\">\n\t\t\t    <div class=\"video-placeholder d-flex justify-content-center align-items-center\">\n\t\t\t        <div class=\"overlay text-white p-2 w-100 text-center d-block justify-content-center align-items-center\">\n\t\t\t            <div>To view third-party content, please accept cookies.<\/div>\n\t\t\t            <button class=\"btn btn-secondary btn-sm mt-1 consent-change\">Change consent<\/button>\n\t\t\t        <\/div>\n\t\t\t    <\/div>\n\t\t\t<\/div>\n<\/div>\n\n<p>\n\t<\/p><div class=\"accordion mb-3\">\n        <div class=\"accordion-item accordion-item--white\">\n        <h2 class=\"accordion-header\" id=\"accordion-69e2ed5bb2ba9-heading\">\n            <button class=\"accordion-button collapsed\" type=\"button\" data-bs-toggle=\"collapse\" data-bs-target=\"#accordion-69e2ed5bb2ba9-collapse\" aria-expanded=\"true\" aria-controls=\"accordion-69e2ed5bb2ba9-collapse\">Transkriptsioon<\/button>\n        <\/h2>\n        <div id=\"accordion-69e2ed5bb2ba9-collapse\" class=\"accordion-collapse collapse\" aria-labelledby=\"accordion-69e2ed5bb2ba9-heading\">\n            <div class=\"accordion-body\">Tere tulemast teise n\u00e4dalasse. Esimesel n\u00e4dalal vaatasime me erinevaid ajaloolisi s\u00fcndmuseid, mis on soolisust ja seda, kuidas me seda n\u00e4eme, v\u00e4ga palju m\u00f5jutanud. Aga ka\u00a0naiste ja meestega seotud \u00f5iguseid m\u00f5jutanud. Teisel n\u00e4dalal keskendume valdkonna m\u00f5istetele \u2013 mida mingisugused s\u00f5nad tegelikult t\u00e4hendavad. Anal\u00fc\u00fcsime ka, mis asi see v\u00f5rdne kohtlemine on ning mis asi on sooline v\u00f5rd\u00f5iguslikkus. Ning uurime, kuidas tekivad stereot\u00fc\u00fcbid.<\/div>\n        <\/div>\n        <\/div>\n    <\/div>\n","protected":false},"excerpt":{"rendered":"<p>Sel n\u00e4dalal keskendume valdkonnas kasutatavatele m\u00f5istetele. Lisaks anal\u00fc\u00fcsime, mis asi see v\u00f5rdne kohtlemine ja sooline v\u00f5rd\u00f5iguslikkus ning uurime, kuidas tekivad stereot\u00fc\u00fcbid. To view third-party content, please accept cookies. Change consent Transkriptsioon Tere tulemast teise n\u00e4dalasse. Esimesel n\u00e4dalal vaatasime me erinevaid &#8230;<\/p>\n","protected":false},"author":240,"featured_media":0,"parent":0,"menu_order":0,"comment_status":"closed","ping_status":"closed","template":"","meta":{"_acf_changed":false,"inline_featured_image":false,"footnotes":""},"class_list":["post-13","page","type-page","status-publish","hentry"],"acf":[],"_links":{"self":[{"href":"https:\/\/sisu.ut.ee\/gender\/wp-json\/wp\/v2\/pages\/13","targetHints":{"allow":["GET"]}}],"collection":[{"href":"https:\/\/sisu.ut.ee\/gender\/wp-json\/wp\/v2\/pages"}],"about":[{"href":"https:\/\/sisu.ut.ee\/gender\/wp-json\/wp\/v2\/types\/page"}],"author":[{"embeddable":true,"href":"https:\/\/sisu.ut.ee\/gender\/wp-json\/wp\/v2\/users\/240"}],"replies":[{"embeddable":true,"href":"https:\/\/sisu.ut.ee\/gender\/wp-json\/wp\/v2\/comments?post=13"}],"version-history":[{"count":1,"href":"https:\/\/sisu.ut.ee\/gender\/wp-json\/wp\/v2\/pages\/13\/revisions"}],"predecessor-version":[{"id":205,"href":"https:\/\/sisu.ut.ee\/gender\/wp-json\/wp\/v2\/pages\/13\/revisions\/205"}],"wp:attachment":[{"href":"https:\/\/sisu.ut.ee\/gender\/wp-json\/wp\/v2\/media?parent=13"}],"curies":[{"name":"wp","href":"https:\/\/api.w.org\/{rel}","templated":true}]}}