{"id":12,"date":"2024-04-04T07:00:50","date_gmt":"2024-04-04T04:00:50","guid":{"rendered":"https:\/\/sisu.ut.ee\/gender\/i-nadal\/"},"modified":"2024-04-25T10:22:59","modified_gmt":"2024-04-25T07:22:59","slug":"i-nadal","status":"publish","type":"page","link":"https:\/\/sisu.ut.ee\/gender\/i-nadal\/?lang=et","title":{"rendered":"I n\u00e4dal"},"content":{"rendered":"<p>Esimenene n\u00e4dal on \u00fclesehitatud ajajoonena, kus kajastatakse s\u00fcndmusi, mis muutsid maailma ja anal\u00fc\u00fcsitakse, mis olid toimunud muutuste eesm\u00e4rgid ja p\u00f5hitegurid.<\/p>\n<p><strong>Teemad:<\/strong><\/p>\n<p>1. S\u00fcndmused, mis muutsid maailma 1870-1920<br>\n2. S\u00fcndmused, mis muutsid maailma 1920-1980<br>\n3.\u00a0S\u00fcndmused, mis muutsid maailma 1980-2021<br>\n4. Mis olid toimunud muutuste eesm\u00e4rgid ja p\u00f5hitegurid?<\/p>\n<p><strong>Eesm\u00e4rk:<\/strong><\/p>\n<p>1. Esimene\u00a0n\u00e4dal\u00a0annab l\u00fchi\u00fclevaate feminismiajaloost, mis on Euroopas toimunud viimase ca 150 aasta jooksul.<br>\n2. Esitatakse\u00a0arusaamad, kuidas ajajoont t\u00f5lgendada ja anal\u00fc\u00fcsida.<br>\n3. V\u00f5imalus anal\u00fc\u00fcsist tekkinud ideid teistega jagada ja oma arvamust avaldada.<\/p>\n<p><\/p><div class=\"ratio ratio-16x9 mb-3\"><div class=\"video-placeholder-wrapper video-placeholder-wrapper--16x9\">\n\t\t\t    <div class=\"video-placeholder d-flex justify-content-center align-items-center\">\n\t\t\t        <div class=\"overlay text-white p-2 w-100 text-center d-block justify-content-center align-items-center\">\n\t\t\t            <div>To view third-party content, please accept cookies.<\/div>\n\t\t\t            <button class=\"btn btn-secondary btn-sm mt-1 consent-change\">Change consent<\/button>\n\t\t\t        <\/div>\n\t\t\t    <\/div>\n\t\t\t<\/div>\n<\/div>\n","protected":false},"excerpt":{"rendered":"<p>Esimenene n\u00e4dal on \u00fclesehitatud ajajoonena, kus kajastatakse s\u00fcndmusi, mis muutsid maailma ja anal\u00fc\u00fcsitakse, mis olid toimunud muutuste eesm\u00e4rgid ja p\u00f5hitegurid. Teemad: 1. S\u00fcndmused, mis muutsid maailma 1870-1920 2. S\u00fcndmused, mis muutsid maailma 1920-1980 3.\u00a0S\u00fcndmused, mis muutsid maailma 1980-2021 4. Mis &#8230;<\/p>\n","protected":false},"author":240,"featured_media":0,"parent":0,"menu_order":0,"comment_status":"closed","ping_status":"closed","template":"","meta":{"_acf_changed":false,"inline_featured_image":false,"footnotes":""},"class_list":["post-12","page","type-page","status-publish","hentry"],"acf":[],"_links":{"self":[{"href":"https:\/\/sisu.ut.ee\/gender\/wp-json\/wp\/v2\/pages\/12","targetHints":{"allow":["GET"]}}],"collection":[{"href":"https:\/\/sisu.ut.ee\/gender\/wp-json\/wp\/v2\/pages"}],"about":[{"href":"https:\/\/sisu.ut.ee\/gender\/wp-json\/wp\/v2\/types\/page"}],"author":[{"embeddable":true,"href":"https:\/\/sisu.ut.ee\/gender\/wp-json\/wp\/v2\/users\/240"}],"replies":[{"embeddable":true,"href":"https:\/\/sisu.ut.ee\/gender\/wp-json\/wp\/v2\/comments?post=12"}],"version-history":[{"count":3,"href":"https:\/\/sisu.ut.ee\/gender\/wp-json\/wp\/v2\/pages\/12\/revisions"}],"predecessor-version":[{"id":262,"href":"https:\/\/sisu.ut.ee\/gender\/wp-json\/wp\/v2\/pages\/12\/revisions\/262"}],"wp:attachment":[{"href":"https:\/\/sisu.ut.ee\/gender\/wp-json\/wp\/v2\/media?parent=12"}],"curies":[{"name":"wp","href":"https:\/\/api.w.org\/{rel}","templated":true}]}}